{"id":6634,"date":"2021-08-26T12:05:34","date_gmt":"2021-08-26T11:05:34","guid":{"rendered":"https:\/\/www.freiraumfuerdich.de\/forever\/?page_id=6634"},"modified":"2025-10-08T08:21:13","modified_gmt":"2025-10-08T07:21:13","slug":"buchungskalender","status":"publish","type":"page","link":"https:\/\/www.freiraumfuerdich.de\/forever\/buchungskalender\/","title":{"rendered":"Buchungskalender"},"content":{"rendered":"\n<div class=\"wp-block-cover alignfull is-light has-parallax\" style=\"min-height:380px;aspect-ratio:unset;\"><div class=\"wp-block-cover__image-background wp-image-6726 has-parallax\" style=\"background-position:50% 50%;background-image:url(https:\/\/www.freiraumfuerdich.de\/forever\/wp-content\/uploads\/2021\/08\/Kalender-Shiatsu.jpg)\"><\/div><span aria-hidden=\"true\" class=\"wp-block-cover__background has-background-dim wp-block-cover__gradient-background has-background-gradient\" style=\"background:linear-gradient(180deg,rgb(21,50,67) 0%,rgb(26,108,122) 100%)\"><\/span><div class=\"wp-block-cover__inner-container is-layout-flow wp-block-cover-is-layout-flow\">\n<div style=\"height:100px\" aria-hidden=\"true\" class=\"wp-block-spacer\"><\/div>\n\n\n\n<h1 class=\"wp-block-heading has-text-align-center has-white-color has-text-color\">Buchungskalender<\/h1>\n\n\n\n<p><\/p>\n<\/div><\/div>\n\n\n\n<div class=\"wp-block-columns is-layout-flex wp-container-core-columns-is-layout-28f84493 wp-block-columns-is-layout-flex\">\n<div class=\"wp-block-column is-layout-flow wp-block-column-is-layout-flow\" style=\"padding-top:var(--wp--preset--spacing--40);padding-bottom:var(--wp--preset--spacing--40);flex-basis:100%\">\n<h4 class=\"wp-block-heading\">Buchen Sie Ihre ganz pers\u00f6nliche Auszeit<\/h4>\n\n\n\n<div class=\"inherit-container-width wp-block-group is-layout-constrained wp-block-group-is-layout-constrained\"><div class=\"wp-block-group__inner-container\">\n<div class=\"wp-block-columns is-layout-flex wp-container-core-columns-is-layout-28f84493 wp-block-columns-is-layout-flex\">\n<div class=\"wp-block-column is-layout-flow wp-block-column-is-layout-flow\">\n<div class=\"inherit-container-width wp-block-group has-background is-layout-constrained wp-block-group-is-layout-constrained\" style=\"background-color:#dcf3cc\"><div class=\"wp-block-group__inner-container\">\n<h2 class=\"wp-block-heading alignfull\"><a href=\"https:\/\/www.freiraumfuerdich.de\/forever\/shiatsu-2\/\">Shiatsu<\/a><\/h2>\n\n\n\n<figure class=\"wp-block-image size-full is-resized\"><img loading=\"lazy\" decoding=\"async\" width=\"650\" height=\"464\" src=\"https:\/\/www.freiraumfuerdich.de\/forever\/wp-content\/uploads\/2021\/08\/Kalender-Shiatsu.jpg\" alt=\"\" class=\"wp-image-6726\" style=\"width:337px;height:240px\" srcset=\"https:\/\/www.freiraumfuerdich.de\/forever\/wp-content\/uploads\/2021\/08\/Kalender-Shiatsu.jpg 650w, https:\/\/www.freiraumfuerdich.de\/forever\/wp-content\/uploads\/2021\/08\/Kalender-Shiatsu-300x214.jpg 300w\" sizes=\"auto, (max-width: 650px) 100vw, 650px\" \/><\/figure>\n\n\n\n<h4 class=\"wp-block-heading\">mit Shiatsu in die Mitte kommen<\/h4>\n\n\n<iframe src=\"https:\/\/www.freiraumfuerdich.de\/forever\/wp-json\/ssa\/v1\/embed-inner?integration&type=shiatsu&label&types=1&edit&view&payment_provider&ssa_locale=de_DE&ssa_is_rtl&sid=25326cb40b6784abef8bd9eb361f974eac0d8384&availability_start_date&availability_end_date&suggest_first_available&suggest_first_available_within_minutes&flow&fallback_flow&time_view&date_view&appointment_types_view&version&accent_color&background&padding&font&booking_url=https%3A%2F%2Fwww.freiraumfuerdich.de%2Fforever%2Fbuchungskalender%2F&booking_post_id=6634&booking_title=Buchungskalender&_wpnonce=be2f234484&redirect_post_id&mepr_membership_id#\/\" height=\"400px\" width=\"100%\" name=\"ssa_booking\" loading=\"eager\" frameborder=\"0\" data-skip-lazy=\"1\" class=\"ssa_booking_iframe skip-lazy\" title=\"Buche eine Uhrzeit\"><\/iframe>\n<\/div><\/div>\n<\/div>\n\n\n\n<div class=\"wp-block-column is-vertically-aligned-center has-background is-layout-flow wp-block-column-is-layout-flow\" style=\"background-color:#dcf3cc\">\n<div class=\"inherit-container-width wp-block-group is-layout-constrained wp-block-group-is-layout-constrained\"><div class=\"wp-block-group__inner-container\">\n<h2 class=\"wp-block-heading alignfull\"><a href=\"https:\/\/www.freiraumfuerdich.de\/forever\/professional-stone-massage\/\">Professional Stone<\/a><\/h2>\n\n\n\n<figure class=\"wp-block-image aligncenter size-full is-style-default\"><img loading=\"lazy\" decoding=\"async\" width=\"511\" height=\"364\" src=\"https:\/\/www.freiraumfuerdich.de\/forever\/wp-content\/uploads\/2021\/08\/kalender-hot-stone-2-1.jpg\" alt=\"\" class=\"wp-image-6731\" srcset=\"https:\/\/www.freiraumfuerdich.de\/forever\/wp-content\/uploads\/2021\/08\/kalender-hot-stone-2-1.jpg 511w, https:\/\/www.freiraumfuerdich.de\/forever\/wp-content\/uploads\/2021\/08\/kalender-hot-stone-2-1-300x214.jpg 300w\" sizes=\"auto, (max-width: 511px) 100vw, 511px\" \/><\/figure>\n\n\n\n<h4 class=\"wp-block-heading\">Genuss mit warmen und sanften Steinen<\/h4>\n\n\n<iframe src=\"https:\/\/www.freiraumfuerdich.de\/forever\/wp-json\/ssa\/v1\/embed-inner?integration&type=professional-stone-massage&label&types=2&edit&view&payment_provider&ssa_locale=de_DE&ssa_is_rtl&sid=25326cb40b6784abef8bd9eb361f974eac0d8384&availability_start_date&availability_end_date&suggest_first_available&suggest_first_available_within_minutes&flow&fallback_flow&time_view&date_view&appointment_types_view&version&accent_color&background&padding&font&booking_url=https%3A%2F%2Fwww.freiraumfuerdich.de%2Fforever%2Fbuchungskalender%2F&booking_post_id=6634&booking_title=Buchungskalender&_wpnonce=be2f234484&redirect_post_id&mepr_membership_id#\/\" height=\"400px\" width=\"100%\" name=\"ssa_booking\" loading=\"eager\" frameborder=\"0\" data-skip-lazy=\"1\" class=\"ssa_booking_iframe skip-lazy\" title=\"Buche eine Uhrzeit\"><\/iframe>\n<\/div><\/div>\n<\/div>\n\n\n\n<div class=\"wp-block-column is-layout-flow wp-block-column-is-layout-flow\">\n<div class=\"inherit-container-width wp-block-group has-background is-layout-constrained wp-block-group-is-layout-constrained\" style=\"background-color:#dcf3cc\"><div class=\"wp-block-group__inner-container\">\n<h2 class=\"wp-block-heading alignfull\"><a href=\"https:\/\/www.freiraumfuerdich.de\/forever\/raindrop-technique\/\">Raindrop Massage<\/a><\/h2>\n\n\n\n<figure class=\"wp-block-image size-full\"><img loading=\"lazy\" decoding=\"async\" width=\"650\" height=\"463\" src=\"https:\/\/www.freiraumfuerdich.de\/forever\/wp-content\/uploads\/2021\/08\/Kalender-Raindrop-Technique.jpg\" alt=\"\" class=\"wp-image-6723\" srcset=\"https:\/\/www.freiraumfuerdich.de\/forever\/wp-content\/uploads\/2021\/08\/Kalender-Raindrop-Technique.jpg 650w, https:\/\/www.freiraumfuerdich.de\/forever\/wp-content\/uploads\/2021\/08\/Kalender-Raindrop-Technique-300x214.jpg 300w\" sizes=\"auto, (max-width: 650px) 100vw, 650px\" \/><\/figure>\n\n\n\n<h4 class=\"wp-block-heading\">duftende \u00d6le verw\u00f6hnen K\u00f6rper und Seele<\/h4>\n\n\n<iframe src=\"https:\/\/www.freiraumfuerdich.de\/forever\/wp-json\/ssa\/v1\/embed-inner?integration&type=raindrop-technique&label&types=5&edit&view&payment_provider&ssa_locale=de_DE&ssa_is_rtl&sid=25326cb40b6784abef8bd9eb361f974eac0d8384&availability_start_date&availability_end_date&suggest_first_available&suggest_first_available_within_minutes&flow&fallback_flow&time_view&date_view&appointment_types_view&version&accent_color&background&padding&font&booking_url=https%3A%2F%2Fwww.freiraumfuerdich.de%2Fforever%2Fbuchungskalender%2F&booking_post_id=6634&booking_title=Buchungskalender&_wpnonce=be2f234484&redirect_post_id&mepr_membership_id#\/\" height=\"400px\" width=\"100%\" name=\"ssa_booking\" loading=\"eager\" frameborder=\"0\" data-skip-lazy=\"1\" class=\"ssa_booking_iframe skip-lazy\" title=\"Buche eine Uhrzeit\"><\/iframe>\n<\/div><\/div>\n<\/div>\n<\/div>\n<\/div><\/div>\n\n\n\n<h4 class=\"wp-block-heading\">Termine<\/h4>\n\n\n\n<p>F\u00fcr Fragen und kurzfristige Terminbuchungen k\u00f6nnen Sie mich telefonisch unter 02173 &#8211; 91 99 94 erreichen.<\/p>\n\n\n\n<figure class=\"wp-block-image size-full is-resized is-style-default\"><img loading=\"lazy\" decoding=\"async\" width=\"800\" height=\"535\" src=\"https:\/\/www.freiraumfuerdich.de\/forever\/wp-content\/uploads\/2020\/12\/uta-hoemann-dewenter-1.jpg\" alt=\"uta-hoemann-dewenter\" class=\"wp-image-6335\" style=\"width:423px;height:283px\" srcset=\"https:\/\/www.freiraumfuerdich.de\/forever\/wp-content\/uploads\/2020\/12\/uta-hoemann-dewenter-1.jpg 800w, https:\/\/www.freiraumfuerdich.de\/forever\/wp-content\/uploads\/2020\/12\/uta-hoemann-dewenter-1-300x201.jpg 300w, https:\/\/www.freiraumfuerdich.de\/forever\/wp-content\/uploads\/2020\/12\/uta-hoemann-dewenter-1-768x514.jpg 768w\" sizes=\"auto, (max-width: 800px) 100vw, 800px\" \/><\/figure>\n\n\n\n<h5 class=\"wp-block-heading\">Uta Hoemann-Dewenter<\/h5>\n\n\n\n<p>Telefon 02173 &#8211; 91 99 94<br>Mobil 0157 \u2013 71 96 83 93<\/p>\n<\/div>\n<\/div>\n\n\n\n<div style=\"height:51px\" aria-hidden=\"true\" class=\"wp-block-spacer\"><\/div>\n","protected":false},"excerpt":{"rendered":"<p>Buchen Sie Ihre ganz pers\u00f6nliche Auszeit Shiatsu mit Shiatsu in die Mitte kommen Professional Stone Genuss mit warmen und sanften Steinen Raindrop Massage duftende \u00d6le verw\u00f6hnen K\u00f6rper und Seele Termine F\u00fcr Fragen und kurzfristige Terminbuchungen k\u00f6nnen Sie mich telefonisch unter 02173 &#8211; 91 99 94 erreichen. Uta Hoemann-Dewenter Telefon 02173 &#8211; 91 99 94Mobil 0157 [&hellip;]<\/p>\n","protected":false},"author":2,"featured_media":0,"parent":0,"menu_order":0,"comment_status":"closed","ping_status":"closed","template":"","meta":{"_coblocks_attr":"","_coblocks_dimensions":"","_coblocks_responsive_height":"","_coblocks_accordion_ie_support":"","_uag_custom_page_level_css":"","site-sidebar-layout":"default","site-content-layout":"default","ast-site-content-layout":"default","site-content-style":"default","site-sidebar-style":"default","ast-global-header-display":"","ast-banner-title-visibility":"","ast-main-header-display":"","ast-hfb-above-header-display":"","ast-hfb-below-header-display":"","ast-hfb-mobile-header-display":"","site-post-title":"disabled","ast-breadcrumbs-content":"","ast-featured-img":"","footer-sml-layout":"","ast-disable-related-posts":"","theme-transparent-header-meta":"enabled","adv-header-id-meta":"","stick-header-meta":"","header-above-stick-meta":"","header-main-stick-meta":"","header-below-stick-meta":"","astra-migrate-meta-layouts":"set","ast-page-background-enabled":"default","ast-page-background-meta":{"desktop":{"background-color":"","background-image":"","background-repeat":"repeat","background-position":"center center","background-size":"auto","background-attachment":"scroll","background-type":"","background-media":"","overlay-type":"","overlay-color":"","overlay-opacity":"","overlay-gradient":""},"tablet":{"background-color":"","background-image":"","background-repeat":"repeat","background-position":"center center","background-size":"auto","background-attachment":"scroll","background-type":"","background-media":"","overlay-type":"","overlay-color":"","overlay-opacity":"","overlay-gradient":""},"mobile":{"background-color":"","background-image":"","background-repeat":"repeat","background-position":"center center","background-size":"auto","background-attachment":"scroll","background-type":"","background-media":"","overlay-type":"","overlay-color":"","overlay-opacity":"","overlay-gradient":""}},"ast-content-background-meta":{"desktop":{"background-color":"var(--ast-global-color-5)","background-image":"","background-repeat":"repeat","background-position":"center center","background-size":"auto","background-attachment":"scroll","background-type":"","background-media":"","overlay-type":"","overlay-color":"","overlay-opacity":"","overlay-gradient":""},"tablet":{"background-color":"var(--ast-global-color-5)","background-image":"","background-repeat":"repeat","background-position":"center center","background-size":"auto","background-attachment":"scroll","background-type":"","background-media":"","overlay-type":"","overlay-color":"","overlay-opacity":"","overlay-gradient":""},"mobile":{"background-color":"var(--ast-global-color-5)","background-image":"","background-repeat":"repeat","background-position":"center center","background-size":"auto","background-attachment":"scroll","background-type":"","background-media":"","overlay-type":"","overlay-color":"","overlay-opacity":"","overlay-gradient":""}},"footnotes":""},"class_list":["post-6634","page","type-page","status-publish","hentry"],"yoast_head":"<!-- This site is optimized with the Yoast SEO plugin v26.7 - https:\/\/yoast.com\/wordpress\/plugins\/seo\/ -->\n<title>Buchungskalender Buchungskalender, - FREIRAUM F\u00dcR DICH , L`feld<\/title>\n<meta name=\"description\" content=\"Hier buchen Sie ganz einfach Ihren pers\u00f6nlichen Wunschtermin. W\u00e4hlen Sie eine Shiatsu-, Hot Stone- und, oder Raindrop Massage. Genuss pur!\" \/>\n<meta name=\"robots\" content=\"index, follow, max-snippet:-1, max-image-preview:large, max-video-preview:-1\" \/>\n<link rel=\"canonical\" href=\"https:\/\/www.freiraumfuerdich.de\/forever\/buchungskalender\/\" \/>\n<meta property=\"og:locale\" content=\"de_DE\" \/>\n<meta property=\"og:type\" content=\"article\" \/>\n<meta property=\"og:title\" content=\"Buchungskalender Buchungskalender, - FREIRAUM F\u00dcR DICH , L`feld\" \/>\n<meta property=\"og:description\" content=\"Hier buchen Sie ganz einfach Ihren pers\u00f6nlichen Wunschtermin. W\u00e4hlen Sie eine Shiatsu-, Hot Stone- und, oder Raindrop Massage. Genuss pur!\" \/>\n<meta property=\"og:url\" content=\"https:\/\/www.freiraumfuerdich.de\/forever\/buchungskalender\/\" \/>\n<meta property=\"og:site_name\" content=\"FREIRAUM F\u00dcR DICH\" \/>\n<meta property=\"article:modified_time\" content=\"2025-10-08T07:21:13+00:00\" \/>\n<meta property=\"og:image\" content=\"https:\/\/www.freiraumfuerdich.de\/forever\/wp-content\/uploads\/2021\/08\/Kalender-Shiatsu.jpg\" \/>\n\t<meta property=\"og:image:width\" content=\"650\" \/>\n\t<meta property=\"og:image:height\" content=\"464\" \/>\n\t<meta property=\"og:image:type\" content=\"image\/jpeg\" \/>\n<meta name=\"twitter:card\" content=\"summary_large_image\" \/>\n<meta name=\"twitter:label1\" content=\"Gesch\u00e4tzte Lesezeit\" \/>\n\t<meta name=\"twitter:data1\" content=\"2\u00a0Minuten\" \/>\n<script type=\"application\/ld+json\" class=\"yoast-schema-graph\">{\"@context\":\"https:\/\/schema.org\",\"@graph\":[{\"@type\":\"WebPage\",\"@id\":\"https:\/\/www.freiraumfuerdich.de\/forever\/buchungskalender\/\",\"url\":\"https:\/\/www.freiraumfuerdich.de\/forever\/buchungskalender\/\",\"name\":\"Buchungskalender Buchungskalender, - FREIRAUM F\u00dcR DICH , L`feld\",\"isPartOf\":{\"@id\":\"https:\/\/www.freiraumfuerdich.de\/forever\/#website\"},\"primaryImageOfPage\":{\"@id\":\"https:\/\/www.freiraumfuerdich.de\/forever\/buchungskalender\/#primaryimage\"},\"image\":{\"@id\":\"https:\/\/www.freiraumfuerdich.de\/forever\/buchungskalender\/#primaryimage\"},\"thumbnailUrl\":\"https:\/\/www.freiraumfuerdich.de\/forever\/wp-content\/uploads\/2021\/08\/Kalender-Shiatsu.jpg\",\"datePublished\":\"2021-08-26T11:05:34+00:00\",\"dateModified\":\"2025-10-08T07:21:13+00:00\",\"description\":\"Hier buchen Sie ganz einfach Ihren pers\u00f6nlichen Wunschtermin. W\u00e4hlen Sie eine Shiatsu-, Hot Stone- und, oder Raindrop Massage. Genuss pur!\",\"breadcrumb\":{\"@id\":\"https:\/\/www.freiraumfuerdich.de\/forever\/buchungskalender\/#breadcrumb\"},\"inLanguage\":\"de\",\"potentialAction\":[{\"@type\":\"ReadAction\",\"target\":[\"https:\/\/www.freiraumfuerdich.de\/forever\/buchungskalender\/\"]}]},{\"@type\":\"ImageObject\",\"inLanguage\":\"de\",\"@id\":\"https:\/\/www.freiraumfuerdich.de\/forever\/buchungskalender\/#primaryimage\",\"url\":\"https:\/\/www.freiraumfuerdich.de\/forever\/wp-content\/uploads\/2021\/08\/Kalender-Shiatsu.jpg\",\"contentUrl\":\"https:\/\/www.freiraumfuerdich.de\/forever\/wp-content\/uploads\/2021\/08\/Kalender-Shiatsu.jpg\",\"width\":650,\"height\":464},{\"@type\":\"BreadcrumbList\",\"@id\":\"https:\/\/www.freiraumfuerdich.de\/forever\/buchungskalender\/#breadcrumb\",\"itemListElement\":[{\"@type\":\"ListItem\",\"position\":1,\"name\":\"Startseite\",\"item\":\"https:\/\/www.freiraumfuerdich.de\/forever\/\"},{\"@type\":\"ListItem\",\"position\":2,\"name\":\"Buchungskalender\"}]},{\"@type\":\"WebSite\",\"@id\":\"https:\/\/www.freiraumfuerdich.de\/forever\/#website\",\"url\":\"https:\/\/www.freiraumfuerdich.de\/forever\/\",\"name\":\"FREIRAUM F\u00dcR DICH\",\"description\":\"Bewegung - Entspannung - Wahrnehmung - Energie &amp; K\u00f6rperarbeit in Langenfeld\",\"publisher\":{\"@id\":\"https:\/\/www.freiraumfuerdich.de\/forever\/#\/schema\/person\/d6b6273e141f22aa0639ddb0b0054241\"},\"potentialAction\":[{\"@type\":\"SearchAction\",\"target\":{\"@type\":\"EntryPoint\",\"urlTemplate\":\"https:\/\/www.freiraumfuerdich.de\/forever\/?s={search_term_string}\"},\"query-input\":{\"@type\":\"PropertyValueSpecification\",\"valueRequired\":true,\"valueName\":\"search_term_string\"}}],\"inLanguage\":\"de\"},{\"@type\":[\"Person\",\"Organization\"],\"@id\":\"https:\/\/www.freiraumfuerdich.de\/forever\/#\/schema\/person\/d6b6273e141f22aa0639ddb0b0054241\",\"name\":\"Uta Hoemann-Dewenter\",\"image\":{\"@type\":\"ImageObject\",\"inLanguage\":\"de\",\"@id\":\"https:\/\/www.freiraumfuerdich.de\/forever\/#\/schema\/person\/image\/\",\"url\":\"https:\/\/www.freiraumfuerdich.de\/forever\/wp-content\/uploads\/2020\/12\/logo-transparent-bewegen-heller.png\",\"contentUrl\":\"https:\/\/www.freiraumfuerdich.de\/forever\/wp-content\/uploads\/2020\/12\/logo-transparent-bewegen-heller.png\",\"width\":1531,\"height\":230,\"caption\":\"Uta Hoemann-Dewenter\"},\"logo\":{\"@id\":\"https:\/\/www.freiraumfuerdich.de\/forever\/#\/schema\/person\/image\/\"}}]}<\/script>\n<!-- \/ Yoast SEO plugin. -->","yoast_head_json":{"title":"Buchungskalender Buchungskalender, - FREIRAUM F\u00dcR DICH , L`feld","description":"Hier buchen Sie ganz einfach Ihren pers\u00f6nlichen Wunschtermin. W\u00e4hlen Sie eine Shiatsu-, Hot Stone- und, oder Raindrop Massage. Genuss pur!","robots":{"index":"index","follow":"follow","max-snippet":"max-snippet:-1","max-image-preview":"max-image-preview:large","max-video-preview":"max-video-preview:-1"},"canonical":"https:\/\/www.freiraumfuerdich.de\/forever\/buchungskalender\/","og_locale":"de_DE","og_type":"article","og_title":"Buchungskalender Buchungskalender, - FREIRAUM F\u00dcR DICH , L`feld","og_description":"Hier buchen Sie ganz einfach Ihren pers\u00f6nlichen Wunschtermin. W\u00e4hlen Sie eine Shiatsu-, Hot Stone- und, oder Raindrop Massage. Genuss pur!","og_url":"https:\/\/www.freiraumfuerdich.de\/forever\/buchungskalender\/","og_site_name":"FREIRAUM F\u00dcR DICH","article_modified_time":"2025-10-08T07:21:13+00:00","og_image":[{"width":650,"height":464,"url":"https:\/\/www.freiraumfuerdich.de\/forever\/wp-content\/uploads\/2021\/08\/Kalender-Shiatsu.jpg","type":"image\/jpeg"}],"twitter_card":"summary_large_image","twitter_misc":{"Gesch\u00e4tzte Lesezeit":"2\u00a0Minuten"},"schema":{"@context":"https:\/\/schema.org","@graph":[{"@type":"WebPage","@id":"https:\/\/www.freiraumfuerdich.de\/forever\/buchungskalender\/","url":"https:\/\/www.freiraumfuerdich.de\/forever\/buchungskalender\/","name":"Buchungskalender Buchungskalender, - FREIRAUM F\u00dcR DICH , L`feld","isPartOf":{"@id":"https:\/\/www.freiraumfuerdich.de\/forever\/#website"},"primaryImageOfPage":{"@id":"https:\/\/www.freiraumfuerdich.de\/forever\/buchungskalender\/#primaryimage"},"image":{"@id":"https:\/\/www.freiraumfuerdich.de\/forever\/buchungskalender\/#primaryimage"},"thumbnailUrl":"https:\/\/www.freiraumfuerdich.de\/forever\/wp-content\/uploads\/2021\/08\/Kalender-Shiatsu.jpg","datePublished":"2021-08-26T11:05:34+00:00","dateModified":"2025-10-08T07:21:13+00:00","description":"Hier buchen Sie ganz einfach Ihren pers\u00f6nlichen Wunschtermin. W\u00e4hlen Sie eine Shiatsu-, Hot Stone- und, oder Raindrop Massage. Genuss pur!","breadcrumb":{"@id":"https:\/\/www.freiraumfuerdich.de\/forever\/buchungskalender\/#breadcrumb"},"inLanguage":"de","potentialAction":[{"@type":"ReadAction","target":["https:\/\/www.freiraumfuerdich.de\/forever\/buchungskalender\/"]}]},{"@type":"ImageObject","inLanguage":"de","@id":"https:\/\/www.freiraumfuerdich.de\/forever\/buchungskalender\/#primaryimage","url":"https:\/\/www.freiraumfuerdich.de\/forever\/wp-content\/uploads\/2021\/08\/Kalender-Shiatsu.jpg","contentUrl":"https:\/\/www.freiraumfuerdich.de\/forever\/wp-content\/uploads\/2021\/08\/Kalender-Shiatsu.jpg","width":650,"height":464},{"@type":"BreadcrumbList","@id":"https:\/\/www.freiraumfuerdich.de\/forever\/buchungskalender\/#breadcrumb","itemListElement":[{"@type":"ListItem","position":1,"name":"Startseite","item":"https:\/\/www.freiraumfuerdich.de\/forever\/"},{"@type":"ListItem","position":2,"name":"Buchungskalender"}]},{"@type":"WebSite","@id":"https:\/\/www.freiraumfuerdich.de\/forever\/#website","url":"https:\/\/www.freiraumfuerdich.de\/forever\/","name":"FREIRAUM F\u00dcR DICH","description":"Bewegung - Entspannung - Wahrnehmung - Energie &amp; K\u00f6rperarbeit in Langenfeld","publisher":{"@id":"https:\/\/www.freiraumfuerdich.de\/forever\/#\/schema\/person\/d6b6273e141f22aa0639ddb0b0054241"},"potentialAction":[{"@type":"SearchAction","target":{"@type":"EntryPoint","urlTemplate":"https:\/\/www.freiraumfuerdich.de\/forever\/?s={search_term_string}"},"query-input":{"@type":"PropertyValueSpecification","valueRequired":true,"valueName":"search_term_string"}}],"inLanguage":"de"},{"@type":["Person","Organization"],"@id":"https:\/\/www.freiraumfuerdich.de\/forever\/#\/schema\/person\/d6b6273e141f22aa0639ddb0b0054241","name":"Uta Hoemann-Dewenter","image":{"@type":"ImageObject","inLanguage":"de","@id":"https:\/\/www.freiraumfuerdich.de\/forever\/#\/schema\/person\/image\/","url":"https:\/\/www.freiraumfuerdich.de\/forever\/wp-content\/uploads\/2020\/12\/logo-transparent-bewegen-heller.png","contentUrl":"https:\/\/www.freiraumfuerdich.de\/forever\/wp-content\/uploads\/2020\/12\/logo-transparent-bewegen-heller.png","width":1531,"height":230,"caption":"Uta Hoemann-Dewenter"},"logo":{"@id":"https:\/\/www.freiraumfuerdich.de\/forever\/#\/schema\/person\/image\/"}}]}},"uagb_featured_image_src":{"full":false,"thumbnail":false,"medium":false,"medium_large":false,"large":false,"1536x1536":false,"2048x2048":false},"uagb_author_info":{"display_name":"Uta Hoemann-Dewenter","author_link":"https:\/\/www.freiraumfuerdich.de\/forever\/author\/uta\/"},"uagb_comment_info":0,"uagb_excerpt":"Buchen Sie Ihre ganz pers\u00f6nliche Auszeit Shiatsu mit Shiatsu in die Mitte kommen Professional Stone Genuss mit warmen und sanften Steinen Raindrop Massage duftende \u00d6le verw\u00f6hnen K\u00f6rper und Seele Termine F\u00fcr Fragen und kurzfristige Terminbuchungen k\u00f6nnen Sie mich telefonisch unter 02173 &#8211; 91 99 94 erreichen. Uta Hoemann-Dewenter Telefon 02173 &#8211; 91 99 94Mobil 0157&hellip;","_links":{"self":[{"href":"https:\/\/www.freiraumfuerdich.de\/forever\/wp-json\/wp\/v2\/pages\/6634","targetHints":{"allow":["GET"]}}],"collection":[{"href":"https:\/\/www.freiraumfuerdich.de\/forever\/wp-json\/wp\/v2\/pages"}],"about":[{"href":"https:\/\/www.freiraumfuerdich.de\/forever\/wp-json\/wp\/v2\/types\/page"}],"author":[{"embeddable":true,"href":"https:\/\/www.freiraumfuerdich.de\/forever\/wp-json\/wp\/v2\/users\/2"}],"replies":[{"embeddable":true,"href":"https:\/\/www.freiraumfuerdich.de\/forever\/wp-json\/wp\/v2\/comments?post=6634"}],"version-history":[{"count":52,"href":"https:\/\/www.freiraumfuerdich.de\/forever\/wp-json\/wp\/v2\/pages\/6634\/revisions"}],"predecessor-version":[{"id":7108,"href":"https:\/\/www.freiraumfuerdich.de\/forever\/wp-json\/wp\/v2\/pages\/6634\/revisions\/7108"}],"wp:attachment":[{"href":"https:\/\/www.freiraumfuerdich.de\/forever\/wp-json\/wp\/v2\/media?parent=6634"}],"curies":[{"name":"wp","href":"https:\/\/api.w.org\/{rel}","templated":true}]}}