{"id":6251,"date":"2020-12-29T10:39:39","date_gmt":"2020-12-29T09:39:39","guid":{"rendered":"https:\/\/www.freiraumfuerdich.de\/forever\/?page_id=6251"},"modified":"2025-04-25T18:19:10","modified_gmt":"2025-04-25T17:19:10","slug":"professional-stone-massage","status":"publish","type":"page","link":"https:\/\/www.freiraumfuerdich.de\/forever\/professional-stone-massage\/","title":{"rendered":"Professional Stone Massage"},"content":{"rendered":"\n<div class=\"wp-block-cover alignfull is-light is-style-default\" style=\"min-height:380px;aspect-ratio:unset;\"><img loading=\"lazy\" decoding=\"async\" width=\"1505\" height=\"776\" class=\"wp-block-cover__image-background wp-image-6352\" alt=\"\" src=\"https:\/\/www.freiraumfuerdich.de\/forever\/wp-content\/uploads\/2020\/12\/Raindrop-Technique-2020.jpg\" style=\"object-position:27% 71%\" data-object-fit=\"cover\" data-object-position=\"27% 71%\" srcset=\"https:\/\/www.freiraumfuerdich.de\/forever\/wp-content\/uploads\/2020\/12\/Raindrop-Technique-2020.jpg 1505w, https:\/\/www.freiraumfuerdich.de\/forever\/wp-content\/uploads\/2020\/12\/Raindrop-Technique-2020-300x155.jpg 300w, https:\/\/www.freiraumfuerdich.de\/forever\/wp-content\/uploads\/2020\/12\/Raindrop-Technique-2020-1024x528.jpg 1024w, https:\/\/www.freiraumfuerdich.de\/forever\/wp-content\/uploads\/2020\/12\/Raindrop-Technique-2020-768x396.jpg 768w\" sizes=\"auto, (max-width: 1505px) 100vw, 1505px\" \/><span aria-hidden=\"true\" class=\"wp-block-cover__background has-background-dim-10 has-background-dim wp-block-cover__gradient-background has-background-gradient\" style=\"background:linear-gradient(180deg,rgb(21,50,67) 0%,rgb(26,108,122) 100%)\"><\/span><div class=\"wp-block-cover__inner-container is-layout-flow wp-block-cover-is-layout-flow\">\n<div style=\"height:100px\" aria-hidden=\"true\" class=\"wp-block-spacer\"><\/div>\n\n\n\n<h1 class=\"wp-block-heading has-text-align-center has-white-color has-text-color\">Professional Stone Massage<\/h1>\n\n\n\n<p><\/p>\n<\/div><\/div>\n\n\n\n<h4 class=\"wp-block-heading\">warme Basalt Steine \u2013 duftende \u00d6le \u2013 k\u00fchle Marmor-Steine \u2013 sanftes Ausstreichen \u2013 flie\u00dfende Energien<\/h4>\n\n\n\n<p>Warme glatte Steine umschmeicheln den K\u00f6rper. Die wohlige W\u00e4rme der Basaltsteine l\u00e4dt zum genie\u00dfen ein. Sp\u00fcren wie die Durchblutung unter der Haut angeregt wird. K\u00fchle Marmorsteine erfrischen, transportieren das Blut in tiefere Ebenen, die Muskulatur wird wunderbar durchblutet und versorgt, der Energiefluss wird angeregt. Fein duftende \u00d6le unterst\u00fctzen die Wirkung. So kommen K\u00f6rper, Geist und Seele in eine tiefe Entspannung und d\u00fcrfen regenerieren. Genuss und Hingabe sind Programm.<\/p>\n\n\n\n<p>Die Professional Stone Massage wurde von Sissie Eichhorn-Schleinkofer, aus der La Stone Therapie und dem Wissen der Thermotherapie nach Kneipp, entwickelt.<br>Der gezielte Einsatz von warmen und k\u00fchlen Steinen, sowie \u00e4therischen \u00d6len ist unglaublich entspannend und vitalisierend.<\/p>\n\n\n\n<h4 class=\"wp-block-heading\">Kosten<\/h4>\n\n\n\n<p>60 Minuten \u20ac 95,- <br>90 Minuten \u20ac 125,-<\/p>\n\n\n\n<section class=\"wp-block-uagb-columns uagb-columns__wrap uagb-columns__background-none uagb-columns__stack-mobile uagb-columns__valign- uagb-columns__gap-10 align uagb-block-f48b393f uagb-columns__columns-1 uagb-columns__max_width-theme\"><div class=\"uagb-columns__overlay\"><\/div><div class=\"uagb-columns__inner-wrap uagb-columns__columns-1\">\n<div class=\"wp-block-uagb-column uagb-column__wrap uagb-column__background-undefined uagb-block-8e896a0a\"><div class=\"uagb-column__overlay\"><\/div><iframe src=\"https:\/\/www.freiraumfuerdich.de\/forever\/wp-json\/ssa\/v1\/embed-inner?integration&type=professional-stone-massage&label&types=2&edit&view&payment_provider&ssa_locale=de_DE&ssa_is_rtl&sid=bd7d3d7fb2e67f93892882399862260b40ac5617&availability_start_date&availability_end_date&suggest_first_available&suggest_first_available_within_minutes&flow&fallback_flow&time_view&date_view&appointment_types_view&version&accent_color&background&padding&font&booking_url=https%3A%2F%2Fwww.freiraumfuerdich.de%2Fforever%2Fprofessional-stone-massage%2F&booking_post_id=6251&booking_title=Professional+Stone+Massage&_wpnonce=a1e59877bc&redirect_post_id&mepr_membership_id#\/\" height=\"400px\" width=\"100%\" name=\"ssa_booking\" loading=\"eager\" frameborder=\"0\" data-skip-lazy=\"1\" class=\"ssa_booking_iframe skip-lazy\" title=\"Buche eine Uhrzeit\"><\/iframe>\n<\/div>\n<\/div><\/section>\n\n\n\n<h4 class=\"wp-block-heading\">Termine buchen<\/h4>\n\n\n\n<p>Uta Hoemann-Dewenter<br>02173 \u2013 919994<br><a href=\"mailto:info@freiraumfuerdich.de\">info@freiraumfuerdich.de<\/a><\/p>\n\n\n\n<figure class=\"wp-block-gallery has-nested-images columns-default is-cropped wp-block-gallery-1 is-layout-flex wp-block-gallery-is-layout-flex\">\n<figure class=\"wp-block-image size-large is-style-default\"><img loading=\"lazy\" decoding=\"async\" width=\"566\" height=\"566\" data-id=\"6315\" src=\"https:\/\/www.freiraumfuerdich.de\/forever\/wp-content\/uploads\/2020\/12\/uta-hoemann-dewenter-einzel.jpg\" alt=\"\" class=\"wp-image-6315\" srcset=\"https:\/\/www.freiraumfuerdich.de\/forever\/wp-content\/uploads\/2020\/12\/uta-hoemann-dewenter-einzel.jpg 566w, https:\/\/www.freiraumfuerdich.de\/forever\/wp-content\/uploads\/2020\/12\/uta-hoemann-dewenter-einzel-300x300.jpg 300w, https:\/\/www.freiraumfuerdich.de\/forever\/wp-content\/uploads\/2020\/12\/uta-hoemann-dewenter-einzel-150x150.jpg 150w\" sizes=\"auto, (max-width: 566px) 100vw, 566px\" \/><\/figure>\n\n\n\n<figure class=\"wp-block-image size-large is-style-default\"><img loading=\"lazy\" decoding=\"async\" width=\"1024\" height=\"683\" data-id=\"6144\" src=\"https:\/\/www.freiraumfuerdich.de\/forever\/wp-content\/uploads\/2020\/12\/gutschein-hot-stone-1024x683.jpg\" alt=\"\" class=\"wp-image-6144\" srcset=\"https:\/\/www.freiraumfuerdich.de\/forever\/wp-content\/uploads\/2020\/12\/gutschein-hot-stone-1024x683.jpg 1024w, https:\/\/www.freiraumfuerdich.de\/forever\/wp-content\/uploads\/2020\/12\/gutschein-hot-stone-300x200.jpg 300w, https:\/\/www.freiraumfuerdich.de\/forever\/wp-content\/uploads\/2020\/12\/gutschein-hot-stone-768x512.jpg 768w, https:\/\/www.freiraumfuerdich.de\/forever\/wp-content\/uploads\/2020\/12\/gutschein-hot-stone-1536x1024.jpg 1536w, https:\/\/www.freiraumfuerdich.de\/forever\/wp-content\/uploads\/2020\/12\/gutschein-hot-stone.jpg 1980w\" sizes=\"auto, (max-width: 1024px) 100vw, 1024px\" \/><\/figure>\n\n\n\n<figure class=\"wp-block-image size-large is-style-default\"><img loading=\"lazy\" decoding=\"async\" width=\"768\" height=\"512\" data-id=\"6320\" src=\"https:\/\/www.freiraumfuerdich.de\/forever\/wp-content\/uploads\/2020\/12\/hot-stone-ruecken-768x512-1.jpg\" alt=\"\" class=\"wp-image-6320\" srcset=\"https:\/\/www.freiraumfuerdich.de\/forever\/wp-content\/uploads\/2020\/12\/hot-stone-ruecken-768x512-1.jpg 768w, https:\/\/www.freiraumfuerdich.de\/forever\/wp-content\/uploads\/2020\/12\/hot-stone-ruecken-768x512-1-300x200.jpg 300w\" sizes=\"auto, (max-width: 768px) 100vw, 768px\" \/><\/figure>\n\n\n\n<figure class=\"wp-block-image size-large is-style-default\"><img loading=\"lazy\" decoding=\"async\" width=\"768\" height=\"768\" data-id=\"6322\" src=\"https:\/\/www.freiraumfuerdich.de\/forever\/wp-content\/uploads\/2020\/12\/professional-stone-768x768-1.jpg\" alt=\"\" class=\"wp-image-6322\" srcset=\"https:\/\/www.freiraumfuerdich.de\/forever\/wp-content\/uploads\/2020\/12\/professional-stone-768x768-1.jpg 768w, https:\/\/www.freiraumfuerdich.de\/forever\/wp-content\/uploads\/2020\/12\/professional-stone-768x768-1-300x300.jpg 300w, https:\/\/www.freiraumfuerdich.de\/forever\/wp-content\/uploads\/2020\/12\/professional-stone-768x768-1-150x150.jpg 150w\" sizes=\"auto, (max-width: 768px) 100vw, 768px\" \/><\/figure>\n\n\n\n<figure class=\"wp-block-image size-large is-style-default\"><img loading=\"lazy\" decoding=\"async\" width=\"768\" height=\"768\" data-id=\"6325\" src=\"https:\/\/www.freiraumfuerdich.de\/forever\/wp-content\/uploads\/2020\/12\/raindrop-quadrat.jpg\" alt=\"\" class=\"wp-image-6325\" srcset=\"https:\/\/www.freiraumfuerdich.de\/forever\/wp-content\/uploads\/2020\/12\/raindrop-quadrat.jpg 768w, https:\/\/www.freiraumfuerdich.de\/forever\/wp-content\/uploads\/2020\/12\/raindrop-quadrat-300x300.jpg 300w, https:\/\/www.freiraumfuerdich.de\/forever\/wp-content\/uploads\/2020\/12\/raindrop-quadrat-150x150.jpg 150w\" sizes=\"auto, (max-width: 768px) 100vw, 768px\" \/><\/figure>\n\n\n\n<figure class=\"wp-block-image size-large is-style-default\"><img loading=\"lazy\" decoding=\"async\" width=\"276\" height=\"269\" data-id=\"6177\" src=\"https:\/\/www.freiraumfuerdich.de\/forever\/wp-content\/uploads\/2020\/12\/favicon.jpg\" alt=\"\" class=\"wp-image-6177\"\/><\/figure>\n<\/figure>\n\n\n\n<div style=\"height:20px\" aria-hidden=\"true\" class=\"wp-block-spacer\"><\/div>\n","protected":false},"excerpt":{"rendered":"<p>warme Basalt Steine \u2013 duftende \u00d6le \u2013 k\u00fchle Marmor-Steine \u2013 sanftes Ausstreichen \u2013 flie\u00dfende Energien Warme glatte Steine umschmeicheln den K\u00f6rper. Die wohlige W\u00e4rme der Basaltsteine l\u00e4dt zum genie\u00dfen ein. Sp\u00fcren wie die Durchblutung unter der Haut angeregt wird. K\u00fchle Marmorsteine erfrischen, transportieren das Blut in tiefere Ebenen, die Muskulatur wird wunderbar durchblutet und versorgt, [&hellip;]<\/p>\n","protected":false},"author":3,"featured_media":0,"parent":0,"menu_order":0,"comment_status":"closed","ping_status":"closed","template":"","meta":{"_coblocks_attr":"","_coblocks_dimensions":"","_coblocks_responsive_height":"","_coblocks_accordion_ie_support":"","_uag_custom_page_level_css":"","site-sidebar-layout":"default","site-content-layout":"default","ast-site-content-layout":"default","site-content-style":"default","site-sidebar-style":"default","ast-global-header-display":"","ast-banner-title-visibility":"","ast-main-header-display":"","ast-hfb-above-header-display":"","ast-hfb-below-header-display":"","ast-hfb-mobile-header-display":"","site-post-title":"disabled","ast-breadcrumbs-content":"","ast-featured-img":"","footer-sml-layout":"","ast-disable-related-posts":"","theme-transparent-header-meta":"enabled","adv-header-id-meta":"","stick-header-meta":"","header-above-stick-meta":"","header-main-stick-meta":"","header-below-stick-meta":"","astra-migrate-meta-layouts":"set","ast-page-background-enabled":"default","ast-page-background-meta":{"desktop":{"background-color":"","background-image":"","background-repeat":"repeat","background-position":"center center","background-size":"auto","background-attachment":"scroll","background-type":"","background-media":"","overlay-type":"","overlay-color":"","overlay-opacity":"","overlay-gradient":""},"tablet":{"background-color":"","background-image":"","background-repeat":"repeat","background-position":"center center","background-size":"auto","background-attachment":"scroll","background-type":"","background-media":"","overlay-type":"","overlay-color":"","overlay-opacity":"","overlay-gradient":""},"mobile":{"background-color":"","background-image":"","background-repeat":"repeat","background-position":"center center","background-size":"auto","background-attachment":"scroll","background-type":"","background-media":"","overlay-type":"","overlay-color":"","overlay-opacity":"","overlay-gradient":""}},"ast-content-background-meta":{"desktop":{"background-color":"var(--ast-global-color-5)","background-image":"","background-repeat":"repeat","background-position":"center center","background-size":"auto","background-attachment":"scroll","background-type":"","background-media":"","overlay-type":"","overlay-color":"","overlay-opacity":"","overlay-gradient":""},"tablet":{"background-color":"var(--ast-global-color-5)","background-image":"","background-repeat":"repeat","background-position":"center center","background-size":"auto","background-attachment":"scroll","background-type":"","background-media":"","overlay-type":"","overlay-color":"","overlay-opacity":"","overlay-gradient":""},"mobile":{"background-color":"var(--ast-global-color-5)","background-image":"","background-repeat":"repeat","background-position":"center center","background-size":"auto","background-attachment":"scroll","background-type":"","background-media":"","overlay-type":"","overlay-color":"","overlay-opacity":"","overlay-gradient":""}},"footnotes":""},"class_list":["post-6251","page","type-page","status-publish","hentry"],"yoast_head":"<!-- This site is optimized with the Yoast SEO plugin v26.7 - https:\/\/yoast.com\/wordpress\/plugins\/seo\/ -->\n<title>Professional Stone Massage - FREIRAUM F\u00dcR DICH<\/title>\n<meta name=\"robots\" content=\"index, follow, max-snippet:-1, max-image-preview:large, max-video-preview:-1\" \/>\n<link rel=\"canonical\" href=\"https:\/\/www.freiraumfuerdich.de\/forever\/professional-stone-massage\/\" \/>\n<meta property=\"og:locale\" content=\"de_DE\" \/>\n<meta property=\"og:type\" content=\"article\" \/>\n<meta property=\"og:title\" content=\"Professional Stone Massage - FREIRAUM F\u00dcR DICH\" \/>\n<meta property=\"og:description\" content=\"warme Basalt Steine \u2013 duftende \u00d6le \u2013 k\u00fchle Marmor-Steine \u2013 sanftes Ausstreichen \u2013 flie\u00dfende Energien Warme glatte Steine umschmeicheln den K\u00f6rper. Die wohlige W\u00e4rme der Basaltsteine l\u00e4dt zum genie\u00dfen ein. Sp\u00fcren wie die Durchblutung unter der Haut angeregt wird. K\u00fchle Marmorsteine erfrischen, transportieren das Blut in tiefere Ebenen, die Muskulatur wird wunderbar durchblutet und versorgt, [&hellip;]\" \/>\n<meta property=\"og:url\" content=\"https:\/\/www.freiraumfuerdich.de\/forever\/professional-stone-massage\/\" \/>\n<meta property=\"og:site_name\" content=\"FREIRAUM F\u00dcR DICH\" \/>\n<meta property=\"article:modified_time\" content=\"2025-04-25T17:19:10+00:00\" \/>\n<meta property=\"og:image\" content=\"https:\/\/www.freiraumfuerdich.de\/forever\/wp-content\/uploads\/2020\/12\/Raindrop-Technique-2020.jpg\" \/>\n\t<meta property=\"og:image:width\" content=\"1505\" \/>\n\t<meta property=\"og:image:height\" content=\"776\" \/>\n\t<meta property=\"og:image:type\" content=\"image\/jpeg\" \/>\n<meta name=\"twitter:card\" content=\"summary_large_image\" \/>\n<meta name=\"twitter:label1\" content=\"Gesch\u00e4tzte Lesezeit\" \/>\n\t<meta name=\"twitter:data1\" content=\"3\u00a0Minuten\" \/>\n<script type=\"application\/ld+json\" class=\"yoast-schema-graph\">{\"@context\":\"https:\/\/schema.org\",\"@graph\":[{\"@type\":\"WebPage\",\"@id\":\"https:\/\/www.freiraumfuerdich.de\/forever\/professional-stone-massage\/\",\"url\":\"https:\/\/www.freiraumfuerdich.de\/forever\/professional-stone-massage\/\",\"name\":\"Professional Stone Massage - FREIRAUM F\u00dcR DICH\",\"isPartOf\":{\"@id\":\"https:\/\/www.freiraumfuerdich.de\/forever\/#website\"},\"primaryImageOfPage\":{\"@id\":\"https:\/\/www.freiraumfuerdich.de\/forever\/professional-stone-massage\/#primaryimage\"},\"image\":{\"@id\":\"https:\/\/www.freiraumfuerdich.de\/forever\/professional-stone-massage\/#primaryimage\"},\"thumbnailUrl\":\"https:\/\/www.freiraumfuerdich.de\/forever\/wp-content\/uploads\/2020\/12\/Raindrop-Technique-2020.jpg\",\"datePublished\":\"2020-12-29T09:39:39+00:00\",\"dateModified\":\"2025-04-25T17:19:10+00:00\",\"breadcrumb\":{\"@id\":\"https:\/\/www.freiraumfuerdich.de\/forever\/professional-stone-massage\/#breadcrumb\"},\"inLanguage\":\"de\",\"potentialAction\":[{\"@type\":\"ReadAction\",\"target\":[\"https:\/\/www.freiraumfuerdich.de\/forever\/professional-stone-massage\/\"]}]},{\"@type\":\"ImageObject\",\"inLanguage\":\"de\",\"@id\":\"https:\/\/www.freiraumfuerdich.de\/forever\/professional-stone-massage\/#primaryimage\",\"url\":\"https:\/\/www.freiraumfuerdich.de\/forever\/wp-content\/uploads\/2020\/12\/Raindrop-Technique-2020.jpg\",\"contentUrl\":\"https:\/\/www.freiraumfuerdich.de\/forever\/wp-content\/uploads\/2020\/12\/Raindrop-Technique-2020.jpg\",\"width\":1505,\"height\":776},{\"@type\":\"BreadcrumbList\",\"@id\":\"https:\/\/www.freiraumfuerdich.de\/forever\/professional-stone-massage\/#breadcrumb\",\"itemListElement\":[{\"@type\":\"ListItem\",\"position\":1,\"name\":\"Startseite\",\"item\":\"https:\/\/www.freiraumfuerdich.de\/forever\/\"},{\"@type\":\"ListItem\",\"position\":2,\"name\":\"Professional Stone Massage\"}]},{\"@type\":\"WebSite\",\"@id\":\"https:\/\/www.freiraumfuerdich.de\/forever\/#website\",\"url\":\"https:\/\/www.freiraumfuerdich.de\/forever\/\",\"name\":\"FREIRAUM F\u00dcR DICH\",\"description\":\"Bewegung - Entspannung - Wahrnehmung - Energie &amp; K\u00f6rperarbeit in Langenfeld\",\"publisher\":{\"@id\":\"https:\/\/www.freiraumfuerdich.de\/forever\/#\/schema\/person\/d6b6273e141f22aa0639ddb0b0054241\"},\"potentialAction\":[{\"@type\":\"SearchAction\",\"target\":{\"@type\":\"EntryPoint\",\"urlTemplate\":\"https:\/\/www.freiraumfuerdich.de\/forever\/?s={search_term_string}\"},\"query-input\":{\"@type\":\"PropertyValueSpecification\",\"valueRequired\":true,\"valueName\":\"search_term_string\"}}],\"inLanguage\":\"de\"},{\"@type\":[\"Person\",\"Organization\"],\"@id\":\"https:\/\/www.freiraumfuerdich.de\/forever\/#\/schema\/person\/d6b6273e141f22aa0639ddb0b0054241\",\"name\":\"Uta Hoemann-Dewenter\",\"image\":{\"@type\":\"ImageObject\",\"inLanguage\":\"de\",\"@id\":\"https:\/\/www.freiraumfuerdich.de\/forever\/#\/schema\/person\/image\/\",\"url\":\"https:\/\/www.freiraumfuerdich.de\/forever\/wp-content\/uploads\/2020\/12\/logo-transparent-bewegen-heller.png\",\"contentUrl\":\"https:\/\/www.freiraumfuerdich.de\/forever\/wp-content\/uploads\/2020\/12\/logo-transparent-bewegen-heller.png\",\"width\":1531,\"height\":230,\"caption\":\"Uta Hoemann-Dewenter\"},\"logo\":{\"@id\":\"https:\/\/www.freiraumfuerdich.de\/forever\/#\/schema\/person\/image\/\"}}]}<\/script>\n<!-- \/ Yoast SEO plugin. -->","yoast_head_json":{"title":"Professional Stone Massage - FREIRAUM F\u00dcR DICH","robots":{"index":"index","follow":"follow","max-snippet":"max-snippet:-1","max-image-preview":"max-image-preview:large","max-video-preview":"max-video-preview:-1"},"canonical":"https:\/\/www.freiraumfuerdich.de\/forever\/professional-stone-massage\/","og_locale":"de_DE","og_type":"article","og_title":"Professional Stone Massage - FREIRAUM F\u00dcR DICH","og_description":"warme Basalt Steine \u2013 duftende \u00d6le \u2013 k\u00fchle Marmor-Steine \u2013 sanftes Ausstreichen \u2013 flie\u00dfende Energien Warme glatte Steine umschmeicheln den K\u00f6rper. Die wohlige W\u00e4rme der Basaltsteine l\u00e4dt zum genie\u00dfen ein. Sp\u00fcren wie die Durchblutung unter der Haut angeregt wird. K\u00fchle Marmorsteine erfrischen, transportieren das Blut in tiefere Ebenen, die Muskulatur wird wunderbar durchblutet und versorgt, [&hellip;]","og_url":"https:\/\/www.freiraumfuerdich.de\/forever\/professional-stone-massage\/","og_site_name":"FREIRAUM F\u00dcR DICH","article_modified_time":"2025-04-25T17:19:10+00:00","og_image":[{"width":1505,"height":776,"url":"https:\/\/www.freiraumfuerdich.de\/forever\/wp-content\/uploads\/2020\/12\/Raindrop-Technique-2020.jpg","type":"image\/jpeg"}],"twitter_card":"summary_large_image","twitter_misc":{"Gesch\u00e4tzte Lesezeit":"3\u00a0Minuten"},"schema":{"@context":"https:\/\/schema.org","@graph":[{"@type":"WebPage","@id":"https:\/\/www.freiraumfuerdich.de\/forever\/professional-stone-massage\/","url":"https:\/\/www.freiraumfuerdich.de\/forever\/professional-stone-massage\/","name":"Professional Stone Massage - FREIRAUM F\u00dcR DICH","isPartOf":{"@id":"https:\/\/www.freiraumfuerdich.de\/forever\/#website"},"primaryImageOfPage":{"@id":"https:\/\/www.freiraumfuerdich.de\/forever\/professional-stone-massage\/#primaryimage"},"image":{"@id":"https:\/\/www.freiraumfuerdich.de\/forever\/professional-stone-massage\/#primaryimage"},"thumbnailUrl":"https:\/\/www.freiraumfuerdich.de\/forever\/wp-content\/uploads\/2020\/12\/Raindrop-Technique-2020.jpg","datePublished":"2020-12-29T09:39:39+00:00","dateModified":"2025-04-25T17:19:10+00:00","breadcrumb":{"@id":"https:\/\/www.freiraumfuerdich.de\/forever\/professional-stone-massage\/#breadcrumb"},"inLanguage":"de","potentialAction":[{"@type":"ReadAction","target":["https:\/\/www.freiraumfuerdich.de\/forever\/professional-stone-massage\/"]}]},{"@type":"ImageObject","inLanguage":"de","@id":"https:\/\/www.freiraumfuerdich.de\/forever\/professional-stone-massage\/#primaryimage","url":"https:\/\/www.freiraumfuerdich.de\/forever\/wp-content\/uploads\/2020\/12\/Raindrop-Technique-2020.jpg","contentUrl":"https:\/\/www.freiraumfuerdich.de\/forever\/wp-content\/uploads\/2020\/12\/Raindrop-Technique-2020.jpg","width":1505,"height":776},{"@type":"BreadcrumbList","@id":"https:\/\/www.freiraumfuerdich.de\/forever\/professional-stone-massage\/#breadcrumb","itemListElement":[{"@type":"ListItem","position":1,"name":"Startseite","item":"https:\/\/www.freiraumfuerdich.de\/forever\/"},{"@type":"ListItem","position":2,"name":"Professional Stone Massage"}]},{"@type":"WebSite","@id":"https:\/\/www.freiraumfuerdich.de\/forever\/#website","url":"https:\/\/www.freiraumfuerdich.de\/forever\/","name":"FREIRAUM F\u00dcR DICH","description":"Bewegung - Entspannung - Wahrnehmung - Energie &amp; K\u00f6rperarbeit in Langenfeld","publisher":{"@id":"https:\/\/www.freiraumfuerdich.de\/forever\/#\/schema\/person\/d6b6273e141f22aa0639ddb0b0054241"},"potentialAction":[{"@type":"SearchAction","target":{"@type":"EntryPoint","urlTemplate":"https:\/\/www.freiraumfuerdich.de\/forever\/?s={search_term_string}"},"query-input":{"@type":"PropertyValueSpecification","valueRequired":true,"valueName":"search_term_string"}}],"inLanguage":"de"},{"@type":["Person","Organization"],"@id":"https:\/\/www.freiraumfuerdich.de\/forever\/#\/schema\/person\/d6b6273e141f22aa0639ddb0b0054241","name":"Uta Hoemann-Dewenter","image":{"@type":"ImageObject","inLanguage":"de","@id":"https:\/\/www.freiraumfuerdich.de\/forever\/#\/schema\/person\/image\/","url":"https:\/\/www.freiraumfuerdich.de\/forever\/wp-content\/uploads\/2020\/12\/logo-transparent-bewegen-heller.png","contentUrl":"https:\/\/www.freiraumfuerdich.de\/forever\/wp-content\/uploads\/2020\/12\/logo-transparent-bewegen-heller.png","width":1531,"height":230,"caption":"Uta Hoemann-Dewenter"},"logo":{"@id":"https:\/\/www.freiraumfuerdich.de\/forever\/#\/schema\/person\/image\/"}}]}},"uagb_featured_image_src":{"full":false,"thumbnail":false,"medium":false,"medium_large":false,"large":false,"1536x1536":false,"2048x2048":false},"uagb_author_info":{"display_name":"Freiraum f\u00fcr Dich","author_link":"https:\/\/www.freiraumfuerdich.de\/forever\/author\/admin-mieke\/"},"uagb_comment_info":0,"uagb_excerpt":"warme Basalt Steine \u2013 duftende \u00d6le \u2013 k\u00fchle Marmor-Steine \u2013 sanftes Ausstreichen \u2013 flie\u00dfende Energien Warme glatte Steine umschmeicheln den K\u00f6rper. Die wohlige W\u00e4rme der Basaltsteine l\u00e4dt zum genie\u00dfen ein. Sp\u00fcren wie die Durchblutung unter der Haut angeregt wird. K\u00fchle Marmorsteine erfrischen, transportieren das Blut in tiefere Ebenen, die Muskulatur wird wunderbar durchblutet und versorgt,&hellip;","_links":{"self":[{"href":"https:\/\/www.freiraumfuerdich.de\/forever\/wp-json\/wp\/v2\/pages\/6251","targetHints":{"allow":["GET"]}}],"collection":[{"href":"https:\/\/www.freiraumfuerdich.de\/forever\/wp-json\/wp\/v2\/pages"}],"about":[{"href":"https:\/\/www.freiraumfuerdich.de\/forever\/wp-json\/wp\/v2\/types\/page"}],"author":[{"embeddable":true,"href":"https:\/\/www.freiraumfuerdich.de\/forever\/wp-json\/wp\/v2\/users\/3"}],"replies":[{"embeddable":true,"href":"https:\/\/www.freiraumfuerdich.de\/forever\/wp-json\/wp\/v2\/comments?post=6251"}],"version-history":[{"count":24,"href":"https:\/\/www.freiraumfuerdich.de\/forever\/wp-json\/wp\/v2\/pages\/6251\/revisions"}],"predecessor-version":[{"id":7090,"href":"https:\/\/www.freiraumfuerdich.de\/forever\/wp-json\/wp\/v2\/pages\/6251\/revisions\/7090"}],"wp:attachment":[{"href":"https:\/\/www.freiraumfuerdich.de\/forever\/wp-json\/wp\/v2\/media?parent=6251"}],"curies":[{"name":"wp","href":"https:\/\/api.w.org\/{rel}","templated":true}]}}