{"id":6246,"date":"2020-12-29T10:36:17","date_gmt":"2020-12-29T09:36:17","guid":{"rendered":"https:\/\/www.freiraumfuerdich.de\/forever\/?page_id=6246"},"modified":"2025-04-25T18:19:49","modified_gmt":"2025-04-25T17:19:49","slug":"raindrop-technique","status":"publish","type":"page","link":"https:\/\/www.freiraumfuerdich.de\/forever\/raindrop-technique\/","title":{"rendered":"Raindrop Technique\u00ae"},"content":{"rendered":"\n<div class=\"wp-block-cover alignfull is-light\" style=\"min-height:380px;aspect-ratio:unset;\"><img loading=\"lazy\" decoding=\"async\" width=\"1505\" height=\"776\" class=\"wp-block-cover__image-background wp-image-6352\" alt=\"\" src=\"https:\/\/www.freiraumfuerdich.de\/forever\/wp-content\/uploads\/2020\/12\/Raindrop-Technique-2020.jpg\" style=\"object-position:51% 54%\" data-object-fit=\"cover\" data-object-position=\"51% 54%\" srcset=\"https:\/\/www.freiraumfuerdich.de\/forever\/wp-content\/uploads\/2020\/12\/Raindrop-Technique-2020.jpg 1505w, https:\/\/www.freiraumfuerdich.de\/forever\/wp-content\/uploads\/2020\/12\/Raindrop-Technique-2020-300x155.jpg 300w, https:\/\/www.freiraumfuerdich.de\/forever\/wp-content\/uploads\/2020\/12\/Raindrop-Technique-2020-1024x528.jpg 1024w, https:\/\/www.freiraumfuerdich.de\/forever\/wp-content\/uploads\/2020\/12\/Raindrop-Technique-2020-768x396.jpg 768w\" sizes=\"auto, (max-width: 1505px) 100vw, 1505px\" \/><span aria-hidden=\"true\" class=\"wp-block-cover__background has-background-dim-10 has-background-dim wp-block-cover__gradient-background has-background-gradient\" style=\"background:linear-gradient(180deg,rgb(21,50,67) 0%,rgb(26,108,122) 100%)\"><\/span><div class=\"wp-block-cover__inner-container is-layout-flow wp-block-cover-is-layout-flow\">\n<div style=\"height:100px\" aria-hidden=\"true\" class=\"wp-block-spacer\"><\/div>\n\n\n\n<h1 class=\"wp-block-heading has-text-align-center has-white-color has-text-color\">Raindrop Technique\u00ae<\/h1>\n<\/div><\/div>\n\n\n\n<h4 class=\"wp-block-heading\">regeneriert den Geist &#8211; harmonisiert den K\u00f6rper.<\/h4>\n\n\n\n<p>Wohlf\u00fchlen, Entspannen, Regenerieren, unterst\u00fctzen Sie Ihren K\u00f6rper mit Informationen aus den reinen Essenzen von Bl\u00fcten, Bl\u00e4ttern, Samen, Wurzeln der Kr\u00e4uter, Blumen und B\u00e4ume. Nutze die Kraft der Natur!<\/p>\n\n\n\n<p>Genie\u00dfen Sie ein Dufterlebnis aus 9 therapeutischen \u00d6len die aufeinander aufbauen. Reinste Essenzen die ihre Informationen innerhalb weniger Sekunden an die Zellen weiterleiten. Die \u00d6le fallen wie Regentropfen auf die Haut und werden sanft in den R\u00fccken eingearbeitet. <br>Die Raindrop Technique\u00ae beruht auf einer Kombination aus beruhigenden, anregenden und bes\u00e4nftigenden \u00e4therischen \u00d6len und traditionellen Massagemethoden. Diese Anwendung f\u00fchrt zum Angleichen der Energien, zur Entspannung und zu einem harmonischem Gleichgewicht s\u00e4mtlicher K\u00f6rpersysteme.<\/p>\n\n\n\n<p>Die Raindrop Technique\u00ae vereint das uralte Wissen der Lakota-Indianer mit den neuesten wissenschaftlichen Erkenntnissen zu \u00e4therischen \u00d6len. Durch die Kombination sanfter Massagetechniken mit bestimmten \u00e4therischen \u00d6len wird der freie Energiefluss im gesamten K\u00f6rper unterst\u00fctzt.<\/p>\n\n\n\n<h4 class=\"wp-block-heading has-text-color\" style=\"color:#9d014f\">Kosten<\/h4>\n\n\n\n<p>90 Minuten \u20ac 135,-<\/p>\n\n\n\n<h4 class=\"wp-block-heading has-text-color\" style=\"color:#9d014f\">Termin buchen<\/h4>\n\n\n\n<section class=\"wp-block-uagb-columns uagb-columns__wrap uagb-columns__background-none uagb-columns__stack-mobile uagb-columns__valign- uagb-columns__gap-10 align uagb-block-8ac86bd2 uagb-columns__columns-1 uagb-columns__max_width-theme\"><div class=\"uagb-columns__overlay\"><\/div><div class=\"uagb-columns__inner-wrap uagb-columns__columns-1\">\n<div class=\"wp-block-uagb-column uagb-column__wrap uagb-column__background-undefined uagb-block-879a0632\"><div class=\"uagb-column__overlay\"><\/div><iframe src=\"https:\/\/www.freiraumfuerdich.de\/forever\/wp-json\/ssa\/v1\/embed-inner?integration&type=raindrop-technique&label&types=5&edit&view&payment_provider&ssa_locale=de_DE&ssa_is_rtl&sid=bd7d3d7fb2e67f93892882399862260b40ac5617&availability_start_date&availability_end_date&suggest_first_available&suggest_first_available_within_minutes&flow&fallback_flow&time_view&date_view&appointment_types_view&version&accent_color&background&padding&font&booking_url=https%3A%2F%2Fwww.freiraumfuerdich.de%2Fforever%2Fraindrop-technique%2F&booking_post_id=6246&booking_title=Raindrop+Technique%C2%AE&_wpnonce=bb66abc446&redirect_post_id&mepr_membership_id#\/\" height=\"400px\" width=\"100%\" name=\"ssa_booking\" loading=\"eager\" frameborder=\"0\" data-skip-lazy=\"1\" class=\"ssa_booking_iframe skip-lazy\" title=\"Buche eine Uhrzeit\"><\/iframe>\n<\/div>\n<\/div><\/section>\n\n\n\n<figure class=\"wp-block-image size-full is-resized\"><a href=\"https:\/\/www.freiraumfuerdich.de\/forever\/wp-content\/uploads\/2020\/12\/uta-hoemann-dewenter-mit-herz.jpg\"><img loading=\"lazy\" decoding=\"async\" width=\"960\" height=\"1280\" src=\"https:\/\/www.freiraumfuerdich.de\/forever\/wp-content\/uploads\/2020\/12\/uta-hoemann-dewenter-mit-herz.jpg\" alt=\"\" class=\"wp-image-6362\" style=\"width:480px;height:640px\" srcset=\"https:\/\/www.freiraumfuerdich.de\/forever\/wp-content\/uploads\/2020\/12\/uta-hoemann-dewenter-mit-herz.jpg 960w, https:\/\/www.freiraumfuerdich.de\/forever\/wp-content\/uploads\/2020\/12\/uta-hoemann-dewenter-mit-herz-225x300.jpg 225w, https:\/\/www.freiraumfuerdich.de\/forever\/wp-content\/uploads\/2020\/12\/uta-hoemann-dewenter-mit-herz-768x1024.jpg 768w\" sizes=\"auto, (max-width: 960px) 100vw, 960px\" \/><\/a><\/figure>\n\n\n\n<p>Uta Hoemann-Dewenter<br>02173 \u2013 919994<br><a href=\"mailto:info@freiraumfuerdich.de\">info@freiraumfuerdich.de<\/a><\/p>\n\n\n\n<figure class=\"wp-block-gallery has-nested-images columns-default is-cropped wp-block-gallery-1 is-layout-flex wp-block-gallery-is-layout-flex\">\n<figure class=\"wp-block-image size-large is-style-default\"><img loading=\"lazy\" decoding=\"async\" width=\"276\" height=\"269\" data-id=\"6177\" src=\"https:\/\/www.freiraumfuerdich.de\/forever\/wp-content\/uploads\/2020\/12\/favicon.jpg\" alt=\"\" class=\"wp-image-6177\"\/><\/figure>\n\n\n\n<figure class=\"wp-block-image size-large is-style-default\"><img loading=\"lazy\" decoding=\"async\" width=\"850\" height=\"850\" data-id=\"6289\" src=\"https:\/\/www.freiraumfuerdich.de\/forever\/wp-content\/uploads\/2020\/12\/raindrop-reihe.jpg\" alt=\"\" class=\"wp-image-6289\" srcset=\"https:\/\/www.freiraumfuerdich.de\/forever\/wp-content\/uploads\/2020\/12\/raindrop-reihe.jpg 850w, https:\/\/www.freiraumfuerdich.de\/forever\/wp-content\/uploads\/2020\/12\/raindrop-reihe-300x300.jpg 300w, https:\/\/www.freiraumfuerdich.de\/forever\/wp-content\/uploads\/2020\/12\/raindrop-reihe-150x150.jpg 150w, https:\/\/www.freiraumfuerdich.de\/forever\/wp-content\/uploads\/2020\/12\/raindrop-reihe-768x768.jpg 768w\" sizes=\"auto, (max-width: 850px) 100vw, 850px\" \/><\/figure>\n\n\n\n<figure class=\"wp-block-image size-large is-style-default\"><img loading=\"lazy\" decoding=\"async\" width=\"1024\" height=\"1024\" data-id=\"6290\" src=\"https:\/\/www.freiraumfuerdich.de\/forever\/wp-content\/uploads\/2020\/12\/oele-fuer-raindrop-quadrat-1024x1024.jpg\" alt=\"\" class=\"wp-image-6290\" srcset=\"https:\/\/www.freiraumfuerdich.de\/forever\/wp-content\/uploads\/2020\/12\/oele-fuer-raindrop-quadrat-1024x1024.jpg 1024w, https:\/\/www.freiraumfuerdich.de\/forever\/wp-content\/uploads\/2020\/12\/oele-fuer-raindrop-quadrat-300x300.jpg 300w, https:\/\/www.freiraumfuerdich.de\/forever\/wp-content\/uploads\/2020\/12\/oele-fuer-raindrop-quadrat-150x150.jpg 150w, https:\/\/www.freiraumfuerdich.de\/forever\/wp-content\/uploads\/2020\/12\/oele-fuer-raindrop-quadrat-768x768.jpg 768w, https:\/\/www.freiraumfuerdich.de\/forever\/wp-content\/uploads\/2020\/12\/oele-fuer-raindrop-quadrat-1536x1536.jpg 1536w, https:\/\/www.freiraumfuerdich.de\/forever\/wp-content\/uploads\/2020\/12\/oele-fuer-raindrop-quadrat.jpg 1803w\" sizes=\"auto, (max-width: 1024px) 100vw, 1024px\" \/><\/figure>\n<\/figure>\n\n\n\n<div style=\"height:20px\" aria-hidden=\"true\" class=\"wp-block-spacer\"><\/div>\n","protected":false},"excerpt":{"rendered":"<p>regeneriert den Geist &#8211; harmonisiert den K\u00f6rper. Wohlf\u00fchlen, Entspannen, Regenerieren, unterst\u00fctzen Sie Ihren K\u00f6rper mit Informationen aus den reinen Essenzen von Bl\u00fcten, Bl\u00e4ttern, Samen, Wurzeln der Kr\u00e4uter, Blumen und B\u00e4ume. Nutze die Kraft der Natur! Genie\u00dfen Sie ein Dufterlebnis aus 9 therapeutischen \u00d6len die aufeinander aufbauen. Reinste Essenzen die ihre Informationen innerhalb weniger Sekunden an [&hellip;]<\/p>\n","protected":false},"author":3,"featured_media":0,"parent":0,"menu_order":0,"comment_status":"closed","ping_status":"closed","template":"","meta":{"_coblocks_attr":"","_coblocks_dimensions":"","_coblocks_responsive_height":"","_coblocks_accordion_ie_support":"","_uag_custom_page_level_css":"","site-sidebar-layout":"default","site-content-layout":"default","ast-site-content-layout":"default","site-content-style":"default","site-sidebar-style":"default","ast-global-header-display":"","ast-banner-title-visibility":"","ast-main-header-display":"","ast-hfb-above-header-display":"","ast-hfb-below-header-display":"","ast-hfb-mobile-header-display":"","site-post-title":"disabled","ast-breadcrumbs-content":"","ast-featured-img":"","footer-sml-layout":"","ast-disable-related-posts":"","theme-transparent-header-meta":"enabled","adv-header-id-meta":"","stick-header-meta":"","header-above-stick-meta":"","header-main-stick-meta":"","header-below-stick-meta":"","astra-migrate-meta-layouts":"set","ast-page-background-enabled":"default","ast-page-background-meta":{"desktop":{"background-color":"","background-image":"","background-repeat":"repeat","background-position":"center center","background-size":"auto","background-attachment":"scroll","background-type":"","background-media":"","overlay-type":"","overlay-color":"","overlay-opacity":"","overlay-gradient":""},"tablet":{"background-color":"","background-image":"","background-repeat":"repeat","background-position":"center center","background-size":"auto","background-attachment":"scroll","background-type":"","background-media":"","overlay-type":"","overlay-color":"","overlay-opacity":"","overlay-gradient":""},"mobile":{"background-color":"","background-image":"","background-repeat":"repeat","background-position":"center center","background-size":"auto","background-attachment":"scroll","background-type":"","background-media":"","overlay-type":"","overlay-color":"","overlay-opacity":"","overlay-gradient":""}},"ast-content-background-meta":{"desktop":{"background-color":"var(--ast-global-color-5)","background-image":"","background-repeat":"repeat","background-position":"center center","background-size":"auto","background-attachment":"scroll","background-type":"","background-media":"","overlay-type":"","overlay-color":"","overlay-opacity":"","overlay-gradient":""},"tablet":{"background-color":"var(--ast-global-color-5)","background-image":"","background-repeat":"repeat","background-position":"center center","background-size":"auto","background-attachment":"scroll","background-type":"","background-media":"","overlay-type":"","overlay-color":"","overlay-opacity":"","overlay-gradient":""},"mobile":{"background-color":"var(--ast-global-color-5)","background-image":"","background-repeat":"repeat","background-position":"center center","background-size":"auto","background-attachment":"scroll","background-type":"","background-media":"","overlay-type":"","overlay-color":"","overlay-opacity":"","overlay-gradient":""}},"footnotes":""},"class_list":["post-6246","page","type-page","status-publish","hentry"],"yoast_head":"<!-- This site is optimized with the Yoast SEO plugin v26.7 - https:\/\/yoast.com\/wordpress\/plugins\/seo\/ -->\n<title>Raindrop Technique\u00ae - FREIRAUM F\u00dcR DICH<\/title>\n<meta name=\"robots\" content=\"index, follow, max-snippet:-1, max-image-preview:large, max-video-preview:-1\" \/>\n<link rel=\"canonical\" href=\"https:\/\/www.freiraumfuerdich.de\/forever\/raindrop-technique\/\" \/>\n<meta property=\"og:locale\" content=\"de_DE\" \/>\n<meta property=\"og:type\" content=\"article\" \/>\n<meta property=\"og:title\" content=\"Raindrop Technique\u00ae - FREIRAUM F\u00dcR DICH\" \/>\n<meta property=\"og:description\" content=\"regeneriert den Geist &#8211; harmonisiert den K\u00f6rper. Wohlf\u00fchlen, Entspannen, Regenerieren, unterst\u00fctzen Sie Ihren K\u00f6rper mit Informationen aus den reinen Essenzen von Bl\u00fcten, Bl\u00e4ttern, Samen, Wurzeln der Kr\u00e4uter, Blumen und B\u00e4ume. Nutze die Kraft der Natur! Genie\u00dfen Sie ein Dufterlebnis aus 9 therapeutischen \u00d6len die aufeinander aufbauen. Reinste Essenzen die ihre Informationen innerhalb weniger Sekunden an [&hellip;]\" \/>\n<meta property=\"og:url\" content=\"https:\/\/www.freiraumfuerdich.de\/forever\/raindrop-technique\/\" \/>\n<meta property=\"og:site_name\" content=\"FREIRAUM F\u00dcR DICH\" \/>\n<meta property=\"article:modified_time\" content=\"2025-04-25T17:19:49+00:00\" \/>\n<meta property=\"og:image\" content=\"https:\/\/www.freiraumfuerdich.de\/forever\/wp-content\/uploads\/2020\/12\/Raindrop-Technique-2020.jpg\" \/>\n\t<meta property=\"og:image:width\" content=\"1505\" \/>\n\t<meta property=\"og:image:height\" content=\"776\" \/>\n\t<meta property=\"og:image:type\" content=\"image\/jpeg\" \/>\n<meta name=\"twitter:card\" content=\"summary_large_image\" \/>\n<meta name=\"twitter:label1\" content=\"Gesch\u00e4tzte Lesezeit\" \/>\n\t<meta name=\"twitter:data1\" content=\"2\u00a0Minuten\" \/>\n<script type=\"application\/ld+json\" class=\"yoast-schema-graph\">{\"@context\":\"https:\/\/schema.org\",\"@graph\":[{\"@type\":\"WebPage\",\"@id\":\"https:\/\/www.freiraumfuerdich.de\/forever\/raindrop-technique\/\",\"url\":\"https:\/\/www.freiraumfuerdich.de\/forever\/raindrop-technique\/\",\"name\":\"Raindrop Technique\u00ae - FREIRAUM F\u00dcR DICH\",\"isPartOf\":{\"@id\":\"https:\/\/www.freiraumfuerdich.de\/forever\/#website\"},\"primaryImageOfPage\":{\"@id\":\"https:\/\/www.freiraumfuerdich.de\/forever\/raindrop-technique\/#primaryimage\"},\"image\":{\"@id\":\"https:\/\/www.freiraumfuerdich.de\/forever\/raindrop-technique\/#primaryimage\"},\"thumbnailUrl\":\"https:\/\/www.freiraumfuerdich.de\/forever\/wp-content\/uploads\/2020\/12\/Raindrop-Technique-2020.jpg\",\"datePublished\":\"2020-12-29T09:36:17+00:00\",\"dateModified\":\"2025-04-25T17:19:49+00:00\",\"breadcrumb\":{\"@id\":\"https:\/\/www.freiraumfuerdich.de\/forever\/raindrop-technique\/#breadcrumb\"},\"inLanguage\":\"de\",\"potentialAction\":[{\"@type\":\"ReadAction\",\"target\":[\"https:\/\/www.freiraumfuerdich.de\/forever\/raindrop-technique\/\"]}]},{\"@type\":\"ImageObject\",\"inLanguage\":\"de\",\"@id\":\"https:\/\/www.freiraumfuerdich.de\/forever\/raindrop-technique\/#primaryimage\",\"url\":\"https:\/\/www.freiraumfuerdich.de\/forever\/wp-content\/uploads\/2020\/12\/Raindrop-Technique-2020.jpg\",\"contentUrl\":\"https:\/\/www.freiraumfuerdich.de\/forever\/wp-content\/uploads\/2020\/12\/Raindrop-Technique-2020.jpg\",\"width\":1505,\"height\":776},{\"@type\":\"BreadcrumbList\",\"@id\":\"https:\/\/www.freiraumfuerdich.de\/forever\/raindrop-technique\/#breadcrumb\",\"itemListElement\":[{\"@type\":\"ListItem\",\"position\":1,\"name\":\"Startseite\",\"item\":\"https:\/\/www.freiraumfuerdich.de\/forever\/\"},{\"@type\":\"ListItem\",\"position\":2,\"name\":\"Raindrop Technique\u00ae\"}]},{\"@type\":\"WebSite\",\"@id\":\"https:\/\/www.freiraumfuerdich.de\/forever\/#website\",\"url\":\"https:\/\/www.freiraumfuerdich.de\/forever\/\",\"name\":\"FREIRAUM F\u00dcR DICH\",\"description\":\"Bewegung - Entspannung - Wahrnehmung - Energie &amp; K\u00f6rperarbeit in Langenfeld\",\"publisher\":{\"@id\":\"https:\/\/www.freiraumfuerdich.de\/forever\/#\/schema\/person\/d6b6273e141f22aa0639ddb0b0054241\"},\"potentialAction\":[{\"@type\":\"SearchAction\",\"target\":{\"@type\":\"EntryPoint\",\"urlTemplate\":\"https:\/\/www.freiraumfuerdich.de\/forever\/?s={search_term_string}\"},\"query-input\":{\"@type\":\"PropertyValueSpecification\",\"valueRequired\":true,\"valueName\":\"search_term_string\"}}],\"inLanguage\":\"de\"},{\"@type\":[\"Person\",\"Organization\"],\"@id\":\"https:\/\/www.freiraumfuerdich.de\/forever\/#\/schema\/person\/d6b6273e141f22aa0639ddb0b0054241\",\"name\":\"Uta Hoemann-Dewenter\",\"image\":{\"@type\":\"ImageObject\",\"inLanguage\":\"de\",\"@id\":\"https:\/\/www.freiraumfuerdich.de\/forever\/#\/schema\/person\/image\/\",\"url\":\"https:\/\/www.freiraumfuerdich.de\/forever\/wp-content\/uploads\/2020\/12\/logo-transparent-bewegen-heller.png\",\"contentUrl\":\"https:\/\/www.freiraumfuerdich.de\/forever\/wp-content\/uploads\/2020\/12\/logo-transparent-bewegen-heller.png\",\"width\":1531,\"height\":230,\"caption\":\"Uta Hoemann-Dewenter\"},\"logo\":{\"@id\":\"https:\/\/www.freiraumfuerdich.de\/forever\/#\/schema\/person\/image\/\"}}]}<\/script>\n<!-- \/ Yoast SEO plugin. -->","yoast_head_json":{"title":"Raindrop Technique\u00ae - FREIRAUM F\u00dcR DICH","robots":{"index":"index","follow":"follow","max-snippet":"max-snippet:-1","max-image-preview":"max-image-preview:large","max-video-preview":"max-video-preview:-1"},"canonical":"https:\/\/www.freiraumfuerdich.de\/forever\/raindrop-technique\/","og_locale":"de_DE","og_type":"article","og_title":"Raindrop Technique\u00ae - FREIRAUM F\u00dcR DICH","og_description":"regeneriert den Geist &#8211; harmonisiert den K\u00f6rper. Wohlf\u00fchlen, Entspannen, Regenerieren, unterst\u00fctzen Sie Ihren K\u00f6rper mit Informationen aus den reinen Essenzen von Bl\u00fcten, Bl\u00e4ttern, Samen, Wurzeln der Kr\u00e4uter, Blumen und B\u00e4ume. Nutze die Kraft der Natur! Genie\u00dfen Sie ein Dufterlebnis aus 9 therapeutischen \u00d6len die aufeinander aufbauen. Reinste Essenzen die ihre Informationen innerhalb weniger Sekunden an [&hellip;]","og_url":"https:\/\/www.freiraumfuerdich.de\/forever\/raindrop-technique\/","og_site_name":"FREIRAUM F\u00dcR DICH","article_modified_time":"2025-04-25T17:19:49+00:00","og_image":[{"width":1505,"height":776,"url":"https:\/\/www.freiraumfuerdich.de\/forever\/wp-content\/uploads\/2020\/12\/Raindrop-Technique-2020.jpg","type":"image\/jpeg"}],"twitter_card":"summary_large_image","twitter_misc":{"Gesch\u00e4tzte Lesezeit":"2\u00a0Minuten"},"schema":{"@context":"https:\/\/schema.org","@graph":[{"@type":"WebPage","@id":"https:\/\/www.freiraumfuerdich.de\/forever\/raindrop-technique\/","url":"https:\/\/www.freiraumfuerdich.de\/forever\/raindrop-technique\/","name":"Raindrop Technique\u00ae - FREIRAUM F\u00dcR DICH","isPartOf":{"@id":"https:\/\/www.freiraumfuerdich.de\/forever\/#website"},"primaryImageOfPage":{"@id":"https:\/\/www.freiraumfuerdich.de\/forever\/raindrop-technique\/#primaryimage"},"image":{"@id":"https:\/\/www.freiraumfuerdich.de\/forever\/raindrop-technique\/#primaryimage"},"thumbnailUrl":"https:\/\/www.freiraumfuerdich.de\/forever\/wp-content\/uploads\/2020\/12\/Raindrop-Technique-2020.jpg","datePublished":"2020-12-29T09:36:17+00:00","dateModified":"2025-04-25T17:19:49+00:00","breadcrumb":{"@id":"https:\/\/www.freiraumfuerdich.de\/forever\/raindrop-technique\/#breadcrumb"},"inLanguage":"de","potentialAction":[{"@type":"ReadAction","target":["https:\/\/www.freiraumfuerdich.de\/forever\/raindrop-technique\/"]}]},{"@type":"ImageObject","inLanguage":"de","@id":"https:\/\/www.freiraumfuerdich.de\/forever\/raindrop-technique\/#primaryimage","url":"https:\/\/www.freiraumfuerdich.de\/forever\/wp-content\/uploads\/2020\/12\/Raindrop-Technique-2020.jpg","contentUrl":"https:\/\/www.freiraumfuerdich.de\/forever\/wp-content\/uploads\/2020\/12\/Raindrop-Technique-2020.jpg","width":1505,"height":776},{"@type":"BreadcrumbList","@id":"https:\/\/www.freiraumfuerdich.de\/forever\/raindrop-technique\/#breadcrumb","itemListElement":[{"@type":"ListItem","position":1,"name":"Startseite","item":"https:\/\/www.freiraumfuerdich.de\/forever\/"},{"@type":"ListItem","position":2,"name":"Raindrop Technique\u00ae"}]},{"@type":"WebSite","@id":"https:\/\/www.freiraumfuerdich.de\/forever\/#website","url":"https:\/\/www.freiraumfuerdich.de\/forever\/","name":"FREIRAUM F\u00dcR DICH","description":"Bewegung - Entspannung - Wahrnehmung - Energie &amp; K\u00f6rperarbeit in Langenfeld","publisher":{"@id":"https:\/\/www.freiraumfuerdich.de\/forever\/#\/schema\/person\/d6b6273e141f22aa0639ddb0b0054241"},"potentialAction":[{"@type":"SearchAction","target":{"@type":"EntryPoint","urlTemplate":"https:\/\/www.freiraumfuerdich.de\/forever\/?s={search_term_string}"},"query-input":{"@type":"PropertyValueSpecification","valueRequired":true,"valueName":"search_term_string"}}],"inLanguage":"de"},{"@type":["Person","Organization"],"@id":"https:\/\/www.freiraumfuerdich.de\/forever\/#\/schema\/person\/d6b6273e141f22aa0639ddb0b0054241","name":"Uta Hoemann-Dewenter","image":{"@type":"ImageObject","inLanguage":"de","@id":"https:\/\/www.freiraumfuerdich.de\/forever\/#\/schema\/person\/image\/","url":"https:\/\/www.freiraumfuerdich.de\/forever\/wp-content\/uploads\/2020\/12\/logo-transparent-bewegen-heller.png","contentUrl":"https:\/\/www.freiraumfuerdich.de\/forever\/wp-content\/uploads\/2020\/12\/logo-transparent-bewegen-heller.png","width":1531,"height":230,"caption":"Uta Hoemann-Dewenter"},"logo":{"@id":"https:\/\/www.freiraumfuerdich.de\/forever\/#\/schema\/person\/image\/"}}]}},"uagb_featured_image_src":{"full":false,"thumbnail":false,"medium":false,"medium_large":false,"large":false,"1536x1536":false,"2048x2048":false},"uagb_author_info":{"display_name":"Freiraum f\u00fcr Dich","author_link":"https:\/\/www.freiraumfuerdich.de\/forever\/author\/admin-mieke\/"},"uagb_comment_info":0,"uagb_excerpt":"regeneriert den Geist &#8211; harmonisiert den K\u00f6rper. Wohlf\u00fchlen, Entspannen, Regenerieren, unterst\u00fctzen Sie Ihren K\u00f6rper mit Informationen aus den reinen Essenzen von Bl\u00fcten, Bl\u00e4ttern, Samen, Wurzeln der Kr\u00e4uter, Blumen und B\u00e4ume. Nutze die Kraft der Natur! Genie\u00dfen Sie ein Dufterlebnis aus 9 therapeutischen \u00d6len die aufeinander aufbauen. Reinste Essenzen die ihre Informationen innerhalb weniger Sekunden an&hellip;","_links":{"self":[{"href":"https:\/\/www.freiraumfuerdich.de\/forever\/wp-json\/wp\/v2\/pages\/6246","targetHints":{"allow":["GET"]}}],"collection":[{"href":"https:\/\/www.freiraumfuerdich.de\/forever\/wp-json\/wp\/v2\/pages"}],"about":[{"href":"https:\/\/www.freiraumfuerdich.de\/forever\/wp-json\/wp\/v2\/types\/page"}],"author":[{"embeddable":true,"href":"https:\/\/www.freiraumfuerdich.de\/forever\/wp-json\/wp\/v2\/users\/3"}],"replies":[{"embeddable":true,"href":"https:\/\/www.freiraumfuerdich.de\/forever\/wp-json\/wp\/v2\/comments?post=6246"}],"version-history":[{"count":29,"href":"https:\/\/www.freiraumfuerdich.de\/forever\/wp-json\/wp\/v2\/pages\/6246\/revisions"}],"predecessor-version":[{"id":7091,"href":"https:\/\/www.freiraumfuerdich.de\/forever\/wp-json\/wp\/v2\/pages\/6246\/revisions\/7091"}],"wp:attachment":[{"href":"https:\/\/www.freiraumfuerdich.de\/forever\/wp-json\/wp\/v2\/media?parent=6246"}],"curies":[{"name":"wp","href":"https:\/\/api.w.org\/{rel}","templated":true}]}}