{"id":6237,"date":"2020-12-29T10:31:00","date_gmt":"2020-12-29T09:31:00","guid":{"rendered":"https:\/\/www.freiraumfuerdich.de\/forever\/?page_id=6237"},"modified":"2024-10-19T13:27:50","modified_gmt":"2024-10-19T12:27:50","slug":"workshop-blumen-shiatsu-yoga-smovey-essenzen","status":"publish","type":"page","link":"https:\/\/www.freiraumfuerdich.de\/forever\/workshop-blumen-shiatsu-yoga-smovey-essenzen\/","title":{"rendered":"Workshop"},"content":{"rendered":"\n<div class=\"wp-block-cover alignfull is-style-default\" style=\"min-height:380px;aspect-ratio:unset;\"><span aria-hidden=\"true\" class=\"wp-block-cover__background has-background-dim-10 has-background-dim wp-block-cover__gradient-background has-background-gradient\" style=\"background:linear-gradient(180deg,rgb(21,50,67) 0%,rgb(26,108,122) 100%)\"><\/span><img loading=\"lazy\" decoding=\"async\" width=\"1040\" height=\"276\" class=\"wp-block-cover__image-background wp-image-2664\" alt=\"\" src=\"https:\/\/www.freiraumfuerdich.de\/forever\/wp-content\/uploads\/2016\/04\/vorbereitung1.jpg\" style=\"object-position:48% 67%\" data-object-fit=\"cover\" data-object-position=\"48% 67%\" srcset=\"https:\/\/www.freiraumfuerdich.de\/forever\/wp-content\/uploads\/2016\/04\/vorbereitung1.jpg 1040w, https:\/\/www.freiraumfuerdich.de\/forever\/wp-content\/uploads\/2016\/04\/vorbereitung1-300x80.jpg 300w, https:\/\/www.freiraumfuerdich.de\/forever\/wp-content\/uploads\/2016\/04\/vorbereitung1-1024x272.jpg 1024w\" sizes=\"auto, (max-width: 1040px) 100vw, 1040px\" \/><div class=\"wp-block-cover__inner-container is-layout-flow wp-block-cover-is-layout-flow\">\n<div style=\"height:100px\" aria-hidden=\"true\" class=\"wp-block-spacer\"><\/div>\n\n\n\n<h1 class=\"wp-block-heading has-text-align-center has-white-color has-text-color\">Workshop<\/h1>\n<\/div><\/div>\n\n\n\n<h4 class=\"wp-block-heading\">gemeinsam, kreativ, belebend, entspannt, <\/h4>\n\n\n\n<p>Bl\u00fctentr\u00e4ume:    binden &#8211; stecken &#8211; gestalten.<br>duftende Essenzen<strong>: <\/strong>   entspannen &#8211; unterst\u00fctzen &#8211; beruhigen. <br>Entspannung:    regenerieren &#8211; auftanken &#8211; bei sich ankommen.<br>smovey Schwungringe:    bewegen &#8211; entspannen &#8211; wahrnehmen.<\/p>\n\n\n\n<p>Workshops finden in unregelm\u00e4\u00dfigen Abst\u00e4nden statt. <br> &#8230; oder Sie vereinbaren einen Termin mit Gleichgesinnten zu Ihrem Wunsch Workshop.<\/p>\n\n\n\n<p>Sie haben Interesse an einem Workshop?<br>Sie m\u00f6chten gemeinsam mit Freunden einen Workshop belegen?<br>Sie suchen eine Auszeit f\u00fcr Ihre Mitarbeiter?<\/p>\n\n\n\n<p>Informationen, Termine, Konzepte unter 02173 &#8211; 919994 bei Uta Hoemann-Dewenter.  <\/p>\n\n\n\n<h4 class=\"wp-block-heading\">Termine<\/h4>\n\n\n\n<p>nach Vereinbarung<\/p>\n\n\n\n<figure class=\"wp-block-image size-full is-resized\"><a href=\"https:\/\/www.freiraumfuerdich.de\/forever\/wp-content\/uploads\/2020\/12\/uta-hoemann-dewenter-1.jpg\"><img loading=\"lazy\" decoding=\"async\" width=\"800\" height=\"535\" src=\"https:\/\/www.freiraumfuerdich.de\/forever\/wp-content\/uploads\/2020\/12\/uta-hoemann-dewenter-1.jpg\" alt=\"\" class=\"wp-image-6335\" style=\"width:481px;height:311px\" srcset=\"https:\/\/www.freiraumfuerdich.de\/forever\/wp-content\/uploads\/2020\/12\/uta-hoemann-dewenter-1.jpg 800w, https:\/\/www.freiraumfuerdich.de\/forever\/wp-content\/uploads\/2020\/12\/uta-hoemann-dewenter-1-300x201.jpg 300w, https:\/\/www.freiraumfuerdich.de\/forever\/wp-content\/uploads\/2020\/12\/uta-hoemann-dewenter-1-768x514.jpg 768w\" sizes=\"auto, (max-width: 800px) 100vw, 800px\" \/><\/a><\/figure>\n\n\n\n<p>Uta Hoemann-Dewenter<br>02173 \u2013 919994<br><a href=\"mailto:info@freiraumfuerdich.de\">info@freiraumfuerdich.de<\/a><\/p>\n\n\n\n<div class=\"inherit-container-width wp-block-group has-no-padding is-layout-constrained wp-block-group-is-layout-constrained\"><div class=\"wp-block-group__inner-container\">\n<section class=\"wp-block-uagb-section uagb-section__wrap uagb-section__background-color uagb-block-f99337cb\"><div class=\"uagb-section__overlay\"><\/div><div class=\"uagb-section__inner-wrap\">\n<div class=\"wp-block-uagb-call-to-action uagb-block-3370d2fb wp-block-button uagb-cta__outer-wrap\"><div class=\"uagb-cta__wrap\"><h3 class=\"uagb-cta__title\">Anmeldung zum Workshop<\/h3><p class=\"uagb-cta__desc\"><mark style=\"background-color:rgba(0, 0, 0, 0)\" class=\"has-inline-color has-white-color\">Melden Sie sich gleich zu meinem n\u00e4chsten Workshop an!<\/mark><\/p><\/div><div class=\"uagb-cta__buttons\"><a href=\"https:\/\/www.freiraumfuerdich.de\/forever\/kontakt\/\" class=\"uagb-cta__button-link-wrapper wp-block-button__link\" target=\"_self\" rel=\"noopener noreferrer\">Kontakt<svg xmlns=\"https:\/\/www.w3.org\/2000\/svg\" viewBox=\"0 0 512 512\"><path d=\"M480 179.6C498.6 188.4 512 212.1 512 240C512 267.9 498.6 291.6 480 300.4V448C480 460.9 472.2 472.6 460.2 477.6C448.3 482.5 434.5 479.8 425.4 470.6L381.7 426.1C333.7 378.1 268.6 352 200.7 352H192V480C192 497.7 177.7 512 160 512H96C78.33 512 64 497.7 64 480V352C28.65 352 0 323.3 0 288V192C0 156.7 28.65 128 64 128H200.7C268.6 128 333.7 101 381.7 53.02L425.4 9.373C434.5 .2215 448.3-2.516 460.2 2.437C472.2 7.39 480 19.06 480 32V179.6zM200.7 192H192V288H200.7C280.5 288 357.2 317.8 416 371.3V108.7C357.2 162.2 280.5 192 200.7 192V192z\"><\/path><\/svg><\/a><\/div><\/div>\n<\/div><\/section>\n<\/div><\/div>\n","protected":false},"excerpt":{"rendered":"<p>gemeinsam, kreativ, belebend, entspannt, Bl\u00fctentr\u00e4ume: binden &#8211; stecken &#8211; gestalten.duftende Essenzen: entspannen &#8211; unterst\u00fctzen &#8211; beruhigen. Entspannung: regenerieren &#8211; auftanken &#8211; bei sich ankommen.smovey Schwungringe: bewegen &#8211; entspannen &#8211; wahrnehmen. Workshops finden in unregelm\u00e4\u00dfigen Abst\u00e4nden statt. &#8230; oder Sie vereinbaren einen Termin mit Gleichgesinnten zu Ihrem Wunsch Workshop. Sie haben Interesse an einem Workshop?Sie m\u00f6chten [&hellip;]<\/p>\n","protected":false},"author":3,"featured_media":0,"parent":0,"menu_order":0,"comment_status":"closed","ping_status":"closed","template":"","meta":{"_coblocks_attr":"","_coblocks_dimensions":"","_coblocks_responsive_height":"","_coblocks_accordion_ie_support":"","_uag_custom_page_level_css":"","site-sidebar-layout":"default","site-content-layout":"default","ast-site-content-layout":"default","site-content-style":"default","site-sidebar-style":"default","ast-global-header-display":"","ast-banner-title-visibility":"","ast-main-header-display":"","ast-hfb-above-header-display":"","ast-hfb-below-header-display":"","ast-hfb-mobile-header-display":"","site-post-title":"disabled","ast-breadcrumbs-content":"","ast-featured-img":"","footer-sml-layout":"","ast-disable-related-posts":"","theme-transparent-header-meta":"enabled","adv-header-id-meta":"","stick-header-meta":"","header-above-stick-meta":"","header-main-stick-meta":"","header-below-stick-meta":"","astra-migrate-meta-layouts":"set","ast-page-background-enabled":"default","ast-page-background-meta":{"desktop":{"background-color":"","background-image":"","background-repeat":"repeat","background-position":"center center","background-size":"auto","background-attachment":"scroll","background-type":"","background-media":"","overlay-type":"","overlay-color":"","overlay-opacity":"","overlay-gradient":""},"tablet":{"background-color":"","background-image":"","background-repeat":"repeat","background-position":"center center","background-size":"auto","background-attachment":"scroll","background-type":"","background-media":"","overlay-type":"","overlay-color":"","overlay-opacity":"","overlay-gradient":""},"mobile":{"background-color":"","background-image":"","background-repeat":"repeat","background-position":"center center","background-size":"auto","background-attachment":"scroll","background-type":"","background-media":"","overlay-type":"","overlay-color":"","overlay-opacity":"","overlay-gradient":""}},"ast-content-background-meta":{"desktop":{"background-color":"var(--ast-global-color-5)","background-image":"","background-repeat":"repeat","background-position":"center center","background-size":"auto","background-attachment":"scroll","background-type":"","background-media":"","overlay-type":"","overlay-color":"","overlay-opacity":"","overlay-gradient":""},"tablet":{"background-color":"var(--ast-global-color-5)","background-image":"","background-repeat":"repeat","background-position":"center center","background-size":"auto","background-attachment":"scroll","background-type":"","background-media":"","overlay-type":"","overlay-color":"","overlay-opacity":"","overlay-gradient":""},"mobile":{"background-color":"var(--ast-global-color-5)","background-image":"","background-repeat":"repeat","background-position":"center center","background-size":"auto","background-attachment":"scroll","background-type":"","background-media":"","overlay-type":"","overlay-color":"","overlay-opacity":"","overlay-gradient":""}},"footnotes":""},"class_list":["post-6237","page","type-page","status-publish","hentry"],"yoast_head":"<!-- This site is optimized with the Yoast SEO plugin v26.7 - https:\/\/yoast.com\/wordpress\/plugins\/seo\/ -->\n<title>Workshop - FREIRAUM F\u00dcR DICH<\/title>\n<meta name=\"robots\" content=\"index, follow, max-snippet:-1, max-image-preview:large, max-video-preview:-1\" \/>\n<link rel=\"canonical\" href=\"https:\/\/www.freiraumfuerdich.de\/forever\/workshop-blumen-shiatsu-yoga-smovey-essenzen\/\" \/>\n<meta property=\"og:locale\" content=\"de_DE\" \/>\n<meta property=\"og:type\" content=\"article\" \/>\n<meta property=\"og:title\" content=\"Workshop - FREIRAUM F\u00dcR DICH\" \/>\n<meta property=\"og:description\" content=\"gemeinsam, kreativ, belebend, entspannt, Bl\u00fctentr\u00e4ume: binden &#8211; stecken &#8211; gestalten.duftende Essenzen: entspannen &#8211; unterst\u00fctzen &#8211; beruhigen. Entspannung: regenerieren &#8211; auftanken &#8211; bei sich ankommen.smovey Schwungringe: bewegen &#8211; entspannen &#8211; wahrnehmen. Workshops finden in unregelm\u00e4\u00dfigen Abst\u00e4nden statt. &#8230; oder Sie vereinbaren einen Termin mit Gleichgesinnten zu Ihrem Wunsch Workshop. Sie haben Interesse an einem Workshop?Sie m\u00f6chten [&hellip;]\" \/>\n<meta property=\"og:url\" content=\"https:\/\/www.freiraumfuerdich.de\/forever\/workshop-blumen-shiatsu-yoga-smovey-essenzen\/\" \/>\n<meta property=\"og:site_name\" content=\"FREIRAUM F\u00dcR DICH\" \/>\n<meta property=\"article:modified_time\" content=\"2024-10-19T12:27:50+00:00\" \/>\n<meta property=\"og:image\" content=\"https:\/\/www.freiraumfuerdich.de\/forever\/wp-content\/uploads\/2016\/04\/vorbereitung1.jpg\" \/>\n<meta name=\"twitter:card\" content=\"summary_large_image\" \/>\n<meta name=\"twitter:label1\" content=\"Gesch\u00e4tzte Lesezeit\" \/>\n\t<meta name=\"twitter:data1\" content=\"1\u00a0Minute\" \/>\n<script type=\"application\/ld+json\" class=\"yoast-schema-graph\">{\"@context\":\"https:\/\/schema.org\",\"@graph\":[{\"@type\":\"WebPage\",\"@id\":\"https:\/\/www.freiraumfuerdich.de\/forever\/workshop-blumen-shiatsu-yoga-smovey-essenzen\/\",\"url\":\"https:\/\/www.freiraumfuerdich.de\/forever\/workshop-blumen-shiatsu-yoga-smovey-essenzen\/\",\"name\":\"Workshop - FREIRAUM F\u00dcR DICH\",\"isPartOf\":{\"@id\":\"https:\/\/www.freiraumfuerdich.de\/forever\/#website\"},\"primaryImageOfPage\":{\"@id\":\"https:\/\/www.freiraumfuerdich.de\/forever\/workshop-blumen-shiatsu-yoga-smovey-essenzen\/#primaryimage\"},\"image\":{\"@id\":\"https:\/\/www.freiraumfuerdich.de\/forever\/workshop-blumen-shiatsu-yoga-smovey-essenzen\/#primaryimage\"},\"thumbnailUrl\":\"https:\/\/www.freiraumfuerdich.de\/forever\/wp-content\/uploads\/2016\/04\/vorbereitung1.jpg\",\"datePublished\":\"2020-12-29T09:31:00+00:00\",\"dateModified\":\"2024-10-19T12:27:50+00:00\",\"breadcrumb\":{\"@id\":\"https:\/\/www.freiraumfuerdich.de\/forever\/workshop-blumen-shiatsu-yoga-smovey-essenzen\/#breadcrumb\"},\"inLanguage\":\"de\",\"potentialAction\":[{\"@type\":\"ReadAction\",\"target\":[\"https:\/\/www.freiraumfuerdich.de\/forever\/workshop-blumen-shiatsu-yoga-smovey-essenzen\/\"]}]},{\"@type\":\"ImageObject\",\"inLanguage\":\"de\",\"@id\":\"https:\/\/www.freiraumfuerdich.de\/forever\/workshop-blumen-shiatsu-yoga-smovey-essenzen\/#primaryimage\",\"url\":\"https:\/\/www.freiraumfuerdich.de\/forever\/wp-content\/uploads\/2016\/04\/vorbereitung1.jpg\",\"contentUrl\":\"https:\/\/www.freiraumfuerdich.de\/forever\/wp-content\/uploads\/2016\/04\/vorbereitung1.jpg\",\"width\":1040,\"height\":276},{\"@type\":\"BreadcrumbList\",\"@id\":\"https:\/\/www.freiraumfuerdich.de\/forever\/workshop-blumen-shiatsu-yoga-smovey-essenzen\/#breadcrumb\",\"itemListElement\":[{\"@type\":\"ListItem\",\"position\":1,\"name\":\"Startseite\",\"item\":\"https:\/\/www.freiraumfuerdich.de\/forever\/\"},{\"@type\":\"ListItem\",\"position\":2,\"name\":\"Workshop\"}]},{\"@type\":\"WebSite\",\"@id\":\"https:\/\/www.freiraumfuerdich.de\/forever\/#website\",\"url\":\"https:\/\/www.freiraumfuerdich.de\/forever\/\",\"name\":\"FREIRAUM F\u00dcR DICH\",\"description\":\"Bewegung - Entspannung - Wahrnehmung - Energie &amp; K\u00f6rperarbeit in Langenfeld\",\"publisher\":{\"@id\":\"https:\/\/www.freiraumfuerdich.de\/forever\/#\/schema\/person\/d6b6273e141f22aa0639ddb0b0054241\"},\"potentialAction\":[{\"@type\":\"SearchAction\",\"target\":{\"@type\":\"EntryPoint\",\"urlTemplate\":\"https:\/\/www.freiraumfuerdich.de\/forever\/?s={search_term_string}\"},\"query-input\":{\"@type\":\"PropertyValueSpecification\",\"valueRequired\":true,\"valueName\":\"search_term_string\"}}],\"inLanguage\":\"de\"},{\"@type\":[\"Person\",\"Organization\"],\"@id\":\"https:\/\/www.freiraumfuerdich.de\/forever\/#\/schema\/person\/d6b6273e141f22aa0639ddb0b0054241\",\"name\":\"Uta Hoemann-Dewenter\",\"image\":{\"@type\":\"ImageObject\",\"inLanguage\":\"de\",\"@id\":\"https:\/\/www.freiraumfuerdich.de\/forever\/#\/schema\/person\/image\/\",\"url\":\"https:\/\/www.freiraumfuerdich.de\/forever\/wp-content\/uploads\/2020\/12\/logo-transparent-bewegen-heller.png\",\"contentUrl\":\"https:\/\/www.freiraumfuerdich.de\/forever\/wp-content\/uploads\/2020\/12\/logo-transparent-bewegen-heller.png\",\"width\":1531,\"height\":230,\"caption\":\"Uta Hoemann-Dewenter\"},\"logo\":{\"@id\":\"https:\/\/www.freiraumfuerdich.de\/forever\/#\/schema\/person\/image\/\"}}]}<\/script>\n<!-- \/ Yoast SEO plugin. -->","yoast_head_json":{"title":"Workshop - FREIRAUM F\u00dcR DICH","robots":{"index":"index","follow":"follow","max-snippet":"max-snippet:-1","max-image-preview":"max-image-preview:large","max-video-preview":"max-video-preview:-1"},"canonical":"https:\/\/www.freiraumfuerdich.de\/forever\/workshop-blumen-shiatsu-yoga-smovey-essenzen\/","og_locale":"de_DE","og_type":"article","og_title":"Workshop - FREIRAUM F\u00dcR DICH","og_description":"gemeinsam, kreativ, belebend, entspannt, Bl\u00fctentr\u00e4ume: binden &#8211; stecken &#8211; gestalten.duftende Essenzen: entspannen &#8211; unterst\u00fctzen &#8211; beruhigen. Entspannung: regenerieren &#8211; auftanken &#8211; bei sich ankommen.smovey Schwungringe: bewegen &#8211; entspannen &#8211; wahrnehmen. Workshops finden in unregelm\u00e4\u00dfigen Abst\u00e4nden statt. &#8230; oder Sie vereinbaren einen Termin mit Gleichgesinnten zu Ihrem Wunsch Workshop. Sie haben Interesse an einem Workshop?Sie m\u00f6chten [&hellip;]","og_url":"https:\/\/www.freiraumfuerdich.de\/forever\/workshop-blumen-shiatsu-yoga-smovey-essenzen\/","og_site_name":"FREIRAUM F\u00dcR DICH","article_modified_time":"2024-10-19T12:27:50+00:00","og_image":[{"url":"https:\/\/www.freiraumfuerdich.de\/forever\/wp-content\/uploads\/2016\/04\/vorbereitung1.jpg","type":"","width":"","height":""}],"twitter_card":"summary_large_image","twitter_misc":{"Gesch\u00e4tzte Lesezeit":"1\u00a0Minute"},"schema":{"@context":"https:\/\/schema.org","@graph":[{"@type":"WebPage","@id":"https:\/\/www.freiraumfuerdich.de\/forever\/workshop-blumen-shiatsu-yoga-smovey-essenzen\/","url":"https:\/\/www.freiraumfuerdich.de\/forever\/workshop-blumen-shiatsu-yoga-smovey-essenzen\/","name":"Workshop - FREIRAUM F\u00dcR DICH","isPartOf":{"@id":"https:\/\/www.freiraumfuerdich.de\/forever\/#website"},"primaryImageOfPage":{"@id":"https:\/\/www.freiraumfuerdich.de\/forever\/workshop-blumen-shiatsu-yoga-smovey-essenzen\/#primaryimage"},"image":{"@id":"https:\/\/www.freiraumfuerdich.de\/forever\/workshop-blumen-shiatsu-yoga-smovey-essenzen\/#primaryimage"},"thumbnailUrl":"https:\/\/www.freiraumfuerdich.de\/forever\/wp-content\/uploads\/2016\/04\/vorbereitung1.jpg","datePublished":"2020-12-29T09:31:00+00:00","dateModified":"2024-10-19T12:27:50+00:00","breadcrumb":{"@id":"https:\/\/www.freiraumfuerdich.de\/forever\/workshop-blumen-shiatsu-yoga-smovey-essenzen\/#breadcrumb"},"inLanguage":"de","potentialAction":[{"@type":"ReadAction","target":["https:\/\/www.freiraumfuerdich.de\/forever\/workshop-blumen-shiatsu-yoga-smovey-essenzen\/"]}]},{"@type":"ImageObject","inLanguage":"de","@id":"https:\/\/www.freiraumfuerdich.de\/forever\/workshop-blumen-shiatsu-yoga-smovey-essenzen\/#primaryimage","url":"https:\/\/www.freiraumfuerdich.de\/forever\/wp-content\/uploads\/2016\/04\/vorbereitung1.jpg","contentUrl":"https:\/\/www.freiraumfuerdich.de\/forever\/wp-content\/uploads\/2016\/04\/vorbereitung1.jpg","width":1040,"height":276},{"@type":"BreadcrumbList","@id":"https:\/\/www.freiraumfuerdich.de\/forever\/workshop-blumen-shiatsu-yoga-smovey-essenzen\/#breadcrumb","itemListElement":[{"@type":"ListItem","position":1,"name":"Startseite","item":"https:\/\/www.freiraumfuerdich.de\/forever\/"},{"@type":"ListItem","position":2,"name":"Workshop"}]},{"@type":"WebSite","@id":"https:\/\/www.freiraumfuerdich.de\/forever\/#website","url":"https:\/\/www.freiraumfuerdich.de\/forever\/","name":"FREIRAUM F\u00dcR DICH","description":"Bewegung - Entspannung - Wahrnehmung - Energie &amp; K\u00f6rperarbeit in Langenfeld","publisher":{"@id":"https:\/\/www.freiraumfuerdich.de\/forever\/#\/schema\/person\/d6b6273e141f22aa0639ddb0b0054241"},"potentialAction":[{"@type":"SearchAction","target":{"@type":"EntryPoint","urlTemplate":"https:\/\/www.freiraumfuerdich.de\/forever\/?s={search_term_string}"},"query-input":{"@type":"PropertyValueSpecification","valueRequired":true,"valueName":"search_term_string"}}],"inLanguage":"de"},{"@type":["Person","Organization"],"@id":"https:\/\/www.freiraumfuerdich.de\/forever\/#\/schema\/person\/d6b6273e141f22aa0639ddb0b0054241","name":"Uta Hoemann-Dewenter","image":{"@type":"ImageObject","inLanguage":"de","@id":"https:\/\/www.freiraumfuerdich.de\/forever\/#\/schema\/person\/image\/","url":"https:\/\/www.freiraumfuerdich.de\/forever\/wp-content\/uploads\/2020\/12\/logo-transparent-bewegen-heller.png","contentUrl":"https:\/\/www.freiraumfuerdich.de\/forever\/wp-content\/uploads\/2020\/12\/logo-transparent-bewegen-heller.png","width":1531,"height":230,"caption":"Uta Hoemann-Dewenter"},"logo":{"@id":"https:\/\/www.freiraumfuerdich.de\/forever\/#\/schema\/person\/image\/"}}]}},"uagb_featured_image_src":{"full":false,"thumbnail":false,"medium":false,"medium_large":false,"large":false,"1536x1536":false,"2048x2048":false},"uagb_author_info":{"display_name":"Freiraum f\u00fcr Dich","author_link":"https:\/\/www.freiraumfuerdich.de\/forever\/author\/admin-mieke\/"},"uagb_comment_info":0,"uagb_excerpt":"gemeinsam, kreativ, belebend, entspannt, Bl\u00fctentr\u00e4ume: binden &#8211; stecken &#8211; gestalten.duftende Essenzen: entspannen &#8211; unterst\u00fctzen &#8211; beruhigen. Entspannung: regenerieren &#8211; auftanken &#8211; bei sich ankommen.smovey Schwungringe: bewegen &#8211; entspannen &#8211; wahrnehmen. Workshops finden in unregelm\u00e4\u00dfigen Abst\u00e4nden statt. &#8230; oder Sie vereinbaren einen Termin mit Gleichgesinnten zu Ihrem Wunsch Workshop. Sie haben Interesse an einem Workshop?Sie m\u00f6chten&hellip;","_links":{"self":[{"href":"https:\/\/www.freiraumfuerdich.de\/forever\/wp-json\/wp\/v2\/pages\/6237","targetHints":{"allow":["GET"]}}],"collection":[{"href":"https:\/\/www.freiraumfuerdich.de\/forever\/wp-json\/wp\/v2\/pages"}],"about":[{"href":"https:\/\/www.freiraumfuerdich.de\/forever\/wp-json\/wp\/v2\/types\/page"}],"author":[{"embeddable":true,"href":"https:\/\/www.freiraumfuerdich.de\/forever\/wp-json\/wp\/v2\/users\/3"}],"replies":[{"embeddable":true,"href":"https:\/\/www.freiraumfuerdich.de\/forever\/wp-json\/wp\/v2\/comments?post=6237"}],"version-history":[{"count":23,"href":"https:\/\/www.freiraumfuerdich.de\/forever\/wp-json\/wp\/v2\/pages\/6237\/revisions"}],"predecessor-version":[{"id":7034,"href":"https:\/\/www.freiraumfuerdich.de\/forever\/wp-json\/wp\/v2\/pages\/6237\/revisions\/7034"}],"wp:attachment":[{"href":"https:\/\/www.freiraumfuerdich.de\/forever\/wp-json\/wp\/v2\/media?parent=6237"}],"curies":[{"name":"wp","href":"https:\/\/api.w.org\/{rel}","templated":true}]}}