{"id":6235,"date":"2020-12-29T10:30:05","date_gmt":"2020-12-29T09:30:05","guid":{"rendered":"https:\/\/www.freiraumfuerdich.de\/forever\/?page_id=6235"},"modified":"2025-04-25T18:20:19","modified_gmt":"2025-04-25T17:20:19","slug":"shiatsu-2","status":"publish","type":"page","link":"https:\/\/www.freiraumfuerdich.de\/forever\/shiatsu-2\/","title":{"rendered":"Shiatsu"},"content":{"rendered":"\n<div class=\"wp-block-cover alignfull is-light is-style-default\" style=\"min-height:380px;aspect-ratio:unset;\"><img loading=\"lazy\" decoding=\"async\" width=\"1980\" height=\"1320\" class=\"wp-block-cover__image-background wp-image-6278\" alt=\"\" src=\"https:\/\/www.freiraumfuerdich.de\/forever\/wp-content\/uploads\/2020\/12\/shiatsu-ruecken.jpg\" style=\"object-position:53% 79%\" data-object-fit=\"cover\" data-object-position=\"53% 79%\" srcset=\"https:\/\/www.freiraumfuerdich.de\/forever\/wp-content\/uploads\/2020\/12\/shiatsu-ruecken.jpg 1980w, https:\/\/www.freiraumfuerdich.de\/forever\/wp-content\/uploads\/2020\/12\/shiatsu-ruecken-300x200.jpg 300w, https:\/\/www.freiraumfuerdich.de\/forever\/wp-content\/uploads\/2020\/12\/shiatsu-ruecken-1024x683.jpg 1024w, https:\/\/www.freiraumfuerdich.de\/forever\/wp-content\/uploads\/2020\/12\/shiatsu-ruecken-768x512.jpg 768w, https:\/\/www.freiraumfuerdich.de\/forever\/wp-content\/uploads\/2020\/12\/shiatsu-ruecken-1536x1024.jpg 1536w\" sizes=\"auto, (max-width: 1980px) 100vw, 1980px\" \/><span aria-hidden=\"true\" class=\"wp-block-cover__background has-background-dim-10 has-background-dim wp-block-cover__gradient-background has-background-gradient\" style=\"background:linear-gradient(180deg,rgb(21,50,67) 0%,rgb(26,108,122) 100%)\"><\/span><div class=\"wp-block-cover__inner-container is-layout-flow wp-block-cover-is-layout-flow\">\n<div style=\"height:100px\" aria-hidden=\"true\" class=\"wp-block-spacer\"><\/div>\n\n\n\n<h1 class=\"wp-block-heading has-text-align-center has-white-color has-text-color\">Shiatsu<\/h1>\n<\/div><\/div>\n\n\n\n<h4 class=\"wp-block-heading\">K\u00f6rper und Seele d\u00fcrfen im Einklang schwingen<\/h4>\n\n\n\n<p>Genie\u00dfen Sie eine ganz besondere, intensive, wohltuende und entspannende Auszeit. Ihre pers\u00f6nlichen W\u00fcnsche und Bed\u00fcrfnisse stehen im Mittelpunkt. Aufmerksam und liebevoll werde ich f\u00fcr Sie da sein.<br>Sie liegen in bequemer Kleidung und warmen Socken auf einer gro\u00dfen weichen Shiatsu Matte oder wahlweise einer Liege.<\/p>\n\n\n\n<p>\u2026 genussvoll entspannen, Energien auftanken, vorbeugen und aufbauen, wohlf\u00fchlen, genie\u00dfen<br>Shiatsu begleitet und unterst\u00fctzt in allen Lebensphasen.<\/p>\n\n\n\n<p>Lebensfreude pur!<\/p>\n\n\n\n<h4 class=\"wp-block-heading\">Kosten<\/h4>\n\n\n\n<p>60 Minuten 80,- Entspannung f\u00fcr DICH<br>90 Minuten 110,- Entspannung pur!<\/p>\n\n\n\n<h4 class=\"wp-block-heading\">Termin buchen<\/h4>\n\n\n\n<section class=\"wp-block-uagb-columns uagb-columns__wrap uagb-columns__background-none uagb-columns__stack-mobile uagb-columns__valign- uagb-columns__gap-10 align uagb-block-6aa16ad2 uagb-columns__columns-1 uagb-columns__max_width-theme\"><div class=\"uagb-columns__overlay\"><\/div><div class=\"uagb-columns__inner-wrap uagb-columns__columns-1\">\n<div class=\"wp-block-uagb-column uagb-column__wrap uagb-column__background-undefined uagb-block-1b1ed019\"><div class=\"uagb-column__overlay\"><\/div><iframe src=\"https:\/\/www.freiraumfuerdich.de\/forever\/wp-json\/ssa\/v1\/embed-inner?integration&type=shiatsu&label&types=1&edit&view&payment_provider&ssa_locale=de_DE&ssa_is_rtl&sid=bd7d3d7fb2e67f93892882399862260b40ac5617&availability_start_date&availability_end_date&suggest_first_available&suggest_first_available_within_minutes&flow&fallback_flow&time_view&date_view&appointment_types_view&version&accent_color&background&padding&font&booking_url=https%3A%2F%2Fwww.freiraumfuerdich.de%2Fforever%2Fshiatsu-2%2F&booking_post_id=6235&booking_title=Shiatsu&_wpnonce=bb66abc446&redirect_post_id&mepr_membership_id#\/\" height=\"400px\" width=\"100%\" name=\"ssa_booking\" loading=\"eager\" frameborder=\"0\" data-skip-lazy=\"1\" class=\"ssa_booking_iframe skip-lazy\" title=\"Buche eine Uhrzeit\"><\/iframe>\n<\/div>\n<\/div><\/section>\n\n\n\n<figure class=\"wp-block-image size-full is-resized\"><img loading=\"lazy\" decoding=\"async\" width=\"800\" height=\"535\" src=\"https:\/\/www.freiraumfuerdich.de\/forever\/wp-content\/uploads\/2020\/12\/uta-hoemann-dewenter-1.jpg\" alt=\"\" class=\"wp-image-6335\" style=\"width:561px;height:375px\" srcset=\"https:\/\/www.freiraumfuerdich.de\/forever\/wp-content\/uploads\/2020\/12\/uta-hoemann-dewenter-1.jpg 800w, https:\/\/www.freiraumfuerdich.de\/forever\/wp-content\/uploads\/2020\/12\/uta-hoemann-dewenter-1-300x201.jpg 300w, https:\/\/www.freiraumfuerdich.de\/forever\/wp-content\/uploads\/2020\/12\/uta-hoemann-dewenter-1-768x514.jpg 768w\" sizes=\"auto, (max-width: 800px) 100vw, 800px\" \/><\/figure>\n\n\n\n<p>Uta Hoemann-Dewenter<br>02173 \u2013 91 99 94<br>0157 \u2013 71 96 83 93<br><a href=\"mailto:info@freiraumfuerdich@web.de\">info@freiraumfuerdich@web.de<\/a><\/p>\n\n\n\n<figure class=\"wp-block-gallery has-nested-images columns-default is-cropped wp-block-gallery-1 is-layout-flex wp-block-gallery-is-layout-flex\">\n<figure class=\"wp-block-image size-large is-style-default\"><img loading=\"lazy\" decoding=\"async\" width=\"1024\" height=\"682\" data-id=\"6275\" src=\"https:\/\/www.freiraumfuerdich.de\/forever\/wp-content\/uploads\/2020\/12\/shiatsu-haende-1024x682.jpg\" alt=\"shiatsu- H\u00e4nde\" class=\"wp-image-6275\" srcset=\"https:\/\/www.freiraumfuerdich.de\/forever\/wp-content\/uploads\/2020\/12\/shiatsu-haende-1024x682.jpg 1024w, https:\/\/www.freiraumfuerdich.de\/forever\/wp-content\/uploads\/2020\/12\/shiatsu-haende-300x200.jpg 300w, https:\/\/www.freiraumfuerdich.de\/forever\/wp-content\/uploads\/2020\/12\/shiatsu-haende-768x512.jpg 768w, https:\/\/www.freiraumfuerdich.de\/forever\/wp-content\/uploads\/2020\/12\/shiatsu-haende.jpg 1280w\" sizes=\"auto, (max-width: 1024px) 100vw, 1024px\" \/><\/figure>\n\n\n\n<figure class=\"wp-block-image size-large is-style-default\"><img loading=\"lazy\" decoding=\"async\" width=\"512\" height=\"512\" data-id=\"6178\" src=\"https:\/\/www.freiraumfuerdich.de\/forever\/wp-content\/uploads\/2020\/12\/cropped-favicon.jpg\" alt=\"\" class=\"wp-image-6178\" srcset=\"https:\/\/www.freiraumfuerdich.de\/forever\/wp-content\/uploads\/2020\/12\/cropped-favicon.jpg 512w, https:\/\/www.freiraumfuerdich.de\/forever\/wp-content\/uploads\/2020\/12\/cropped-favicon-300x300.jpg 300w, https:\/\/www.freiraumfuerdich.de\/forever\/wp-content\/uploads\/2020\/12\/cropped-favicon-150x150.jpg 150w, https:\/\/www.freiraumfuerdich.de\/forever\/wp-content\/uploads\/2020\/12\/cropped-favicon-270x270.jpg 270w, https:\/\/www.freiraumfuerdich.de\/forever\/wp-content\/uploads\/2020\/12\/cropped-favicon-192x192.jpg 192w, https:\/\/www.freiraumfuerdich.de\/forever\/wp-content\/uploads\/2020\/12\/cropped-favicon-180x180.jpg 180w, https:\/\/www.freiraumfuerdich.de\/forever\/wp-content\/uploads\/2020\/12\/cropped-favicon-32x32.jpg 32w\" sizes=\"auto, (max-width: 512px) 100vw, 512px\" \/><\/figure>\n\n\n\n<figure class=\"wp-block-image size-full is-style-default\"><img loading=\"lazy\" decoding=\"async\" width=\"650\" height=\"650\" data-id=\"6930\" src=\"https:\/\/www.freiraumfuerdich.de\/forever\/wp-content\/uploads\/2023\/07\/Shiatsu-N-1.jpg\" alt=\"\" class=\"wp-image-6930\" srcset=\"https:\/\/www.freiraumfuerdich.de\/forever\/wp-content\/uploads\/2023\/07\/Shiatsu-N-1.jpg 650w, https:\/\/www.freiraumfuerdich.de\/forever\/wp-content\/uploads\/2023\/07\/Shiatsu-N-1-300x300.jpg 300w, https:\/\/www.freiraumfuerdich.de\/forever\/wp-content\/uploads\/2023\/07\/Shiatsu-N-1-150x150.jpg 150w\" sizes=\"auto, (max-width: 650px) 100vw, 650px\" \/><\/figure>\n\n\n\n<figure class=\"wp-block-image size-full is-style-default\"><img loading=\"lazy\" decoding=\"async\" width=\"650\" height=\"650\" data-id=\"6931\" src=\"https:\/\/www.freiraumfuerdich.de\/forever\/wp-content\/uploads\/2023\/07\/shiatsu-mit-Mara.jpg\" alt=\"\" class=\"wp-image-6931\" srcset=\"https:\/\/www.freiraumfuerdich.de\/forever\/wp-content\/uploads\/2023\/07\/shiatsu-mit-Mara.jpg 650w, https:\/\/www.freiraumfuerdich.de\/forever\/wp-content\/uploads\/2023\/07\/shiatsu-mit-Mara-300x300.jpg 300w, https:\/\/www.freiraumfuerdich.de\/forever\/wp-content\/uploads\/2023\/07\/shiatsu-mit-Mara-150x150.jpg 150w\" sizes=\"auto, (max-width: 650px) 100vw, 650px\" \/><\/figure>\n\n\n\n<figure class=\"wp-block-image size-full is-style-default\"><img loading=\"lazy\" decoding=\"async\" width=\"650\" height=\"650\" data-id=\"6932\" src=\"https:\/\/www.freiraumfuerdich.de\/forever\/wp-content\/uploads\/2023\/07\/gutschein2.jpg\" alt=\"\" class=\"wp-image-6932\" srcset=\"https:\/\/www.freiraumfuerdich.de\/forever\/wp-content\/uploads\/2023\/07\/gutschein2.jpg 650w, https:\/\/www.freiraumfuerdich.de\/forever\/wp-content\/uploads\/2023\/07\/gutschein2-300x300.jpg 300w, https:\/\/www.freiraumfuerdich.de\/forever\/wp-content\/uploads\/2023\/07\/gutschein2-150x150.jpg 150w\" sizes=\"auto, (max-width: 650px) 100vw, 650px\" \/><\/figure>\n\n\n\n<figure class=\"wp-block-image size-full is-style-default\"><img loading=\"lazy\" decoding=\"async\" width=\"650\" height=\"650\" data-id=\"6933\" src=\"https:\/\/www.freiraumfuerdich.de\/forever\/wp-content\/uploads\/2023\/07\/Uta1.jpg\" alt=\"\" class=\"wp-image-6933\" srcset=\"https:\/\/www.freiraumfuerdich.de\/forever\/wp-content\/uploads\/2023\/07\/Uta1.jpg 650w, https:\/\/www.freiraumfuerdich.de\/forever\/wp-content\/uploads\/2023\/07\/Uta1-300x300.jpg 300w, https:\/\/www.freiraumfuerdich.de\/forever\/wp-content\/uploads\/2023\/07\/Uta1-150x150.jpg 150w\" sizes=\"auto, (max-width: 650px) 100vw, 650px\" \/><\/figure>\n<\/figure>\n\n\n\n<div style=\"height:20px\" aria-hidden=\"true\" class=\"wp-block-spacer\"><\/div>\n","protected":false},"excerpt":{"rendered":"<p>K\u00f6rper und Seele d\u00fcrfen im Einklang schwingen Genie\u00dfen Sie eine ganz besondere, intensive, wohltuende und entspannende Auszeit. Ihre pers\u00f6nlichen W\u00fcnsche und Bed\u00fcrfnisse stehen im Mittelpunkt. Aufmerksam und liebevoll werde ich f\u00fcr Sie da sein.Sie liegen in bequemer Kleidung und warmen Socken auf einer gro\u00dfen weichen Shiatsu Matte oder wahlweise einer Liege. \u2026 genussvoll entspannen, Energien [&hellip;]<\/p>\n","protected":false},"author":3,"featured_media":0,"parent":0,"menu_order":0,"comment_status":"closed","ping_status":"closed","template":"","meta":{"_coblocks_attr":"","_coblocks_dimensions":"","_coblocks_responsive_height":"","_coblocks_accordion_ie_support":"","_uag_custom_page_level_css":"","site-sidebar-layout":"default","site-content-layout":"default","ast-site-content-layout":"default","site-content-style":"default","site-sidebar-style":"default","ast-global-header-display":"","ast-banner-title-visibility":"","ast-main-header-display":"","ast-hfb-above-header-display":"","ast-hfb-below-header-display":"","ast-hfb-mobile-header-display":"","site-post-title":"disabled","ast-breadcrumbs-content":"","ast-featured-img":"disabled","footer-sml-layout":"","ast-disable-related-posts":"","theme-transparent-header-meta":"enabled","adv-header-id-meta":"","stick-header-meta":"","header-above-stick-meta":"","header-main-stick-meta":"","header-below-stick-meta":"","astra-migrate-meta-layouts":"set","ast-page-background-enabled":"default","ast-page-background-meta":{"desktop":{"background-color":"","background-image":"","background-repeat":"repeat","background-position":"center center","background-size":"auto","background-attachment":"scroll","background-type":"","background-media":"","overlay-type":"","overlay-color":"","overlay-opacity":"","overlay-gradient":""},"tablet":{"background-color":"","background-image":"","background-repeat":"repeat","background-position":"center center","background-size":"auto","background-attachment":"scroll","background-type":"","background-media":"","overlay-type":"","overlay-color":"","overlay-opacity":"","overlay-gradient":""},"mobile":{"background-color":"","background-image":"","background-repeat":"repeat","background-position":"center center","background-size":"auto","background-attachment":"scroll","background-type":"","background-media":"","overlay-type":"","overlay-color":"","overlay-opacity":"","overlay-gradient":""}},"ast-content-background-meta":{"desktop":{"background-color":"var(--ast-global-color-5)","background-image":"","background-repeat":"repeat","background-position":"center center","background-size":"auto","background-attachment":"scroll","background-type":"","background-media":"","overlay-type":"","overlay-color":"","overlay-opacity":"","overlay-gradient":""},"tablet":{"background-color":"var(--ast-global-color-5)","background-image":"","background-repeat":"repeat","background-position":"center center","background-size":"auto","background-attachment":"scroll","background-type":"","background-media":"","overlay-type":"","overlay-color":"","overlay-opacity":"","overlay-gradient":""},"mobile":{"background-color":"var(--ast-global-color-5)","background-image":"","background-repeat":"repeat","background-position":"center center","background-size":"auto","background-attachment":"scroll","background-type":"","background-media":"","overlay-type":"","overlay-color":"","overlay-opacity":"","overlay-gradient":""}},"footnotes":""},"class_list":["post-6235","page","type-page","status-publish","hentry"],"yoast_head":"<!-- This site is optimized with the Yoast SEO plugin v26.7 - https:\/\/yoast.com\/wordpress\/plugins\/seo\/ -->\n<title>Shiatsu - FREIRAUM F\u00dcR DICH<\/title>\n<meta name=\"robots\" content=\"index, follow, max-snippet:-1, max-image-preview:large, max-video-preview:-1\" \/>\n<link rel=\"canonical\" href=\"https:\/\/www.freiraumfuerdich.de\/forever\/shiatsu-2\/\" \/>\n<meta property=\"og:locale\" content=\"de_DE\" \/>\n<meta property=\"og:type\" content=\"article\" \/>\n<meta property=\"og:title\" content=\"Shiatsu - FREIRAUM F\u00dcR DICH\" \/>\n<meta property=\"og:description\" content=\"K\u00f6rper und Seele d\u00fcrfen im Einklang schwingen Genie\u00dfen Sie eine ganz besondere, intensive, wohltuende und entspannende Auszeit. Ihre pers\u00f6nlichen W\u00fcnsche und Bed\u00fcrfnisse stehen im Mittelpunkt. Aufmerksam und liebevoll werde ich f\u00fcr Sie da sein.Sie liegen in bequemer Kleidung und warmen Socken auf einer gro\u00dfen weichen Shiatsu Matte oder wahlweise einer Liege. \u2026 genussvoll entspannen, Energien [&hellip;]\" \/>\n<meta property=\"og:url\" content=\"https:\/\/www.freiraumfuerdich.de\/forever\/shiatsu-2\/\" \/>\n<meta property=\"og:site_name\" content=\"FREIRAUM F\u00dcR DICH\" \/>\n<meta property=\"article:modified_time\" content=\"2025-04-25T17:20:19+00:00\" \/>\n<meta property=\"og:image\" content=\"https:\/\/www.freiraumfuerdich.de\/forever\/wp-content\/uploads\/2020\/12\/shiatsu-ruecken.jpg\" \/>\n\t<meta property=\"og:image:width\" content=\"1980\" \/>\n\t<meta property=\"og:image:height\" content=\"1320\" \/>\n\t<meta property=\"og:image:type\" content=\"image\/jpeg\" \/>\n<meta name=\"twitter:card\" content=\"summary_large_image\" \/>\n<meta name=\"twitter:label1\" content=\"Gesch\u00e4tzte Lesezeit\" \/>\n\t<meta name=\"twitter:data1\" content=\"3\u00a0Minuten\" \/>\n<script type=\"application\/ld+json\" class=\"yoast-schema-graph\">{\"@context\":\"https:\/\/schema.org\",\"@graph\":[{\"@type\":\"WebPage\",\"@id\":\"https:\/\/www.freiraumfuerdich.de\/forever\/shiatsu-2\/\",\"url\":\"https:\/\/www.freiraumfuerdich.de\/forever\/shiatsu-2\/\",\"name\":\"Shiatsu - FREIRAUM F\u00dcR DICH\",\"isPartOf\":{\"@id\":\"https:\/\/www.freiraumfuerdich.de\/forever\/#website\"},\"primaryImageOfPage\":{\"@id\":\"https:\/\/www.freiraumfuerdich.de\/forever\/shiatsu-2\/#primaryimage\"},\"image\":{\"@id\":\"https:\/\/www.freiraumfuerdich.de\/forever\/shiatsu-2\/#primaryimage\"},\"thumbnailUrl\":\"https:\/\/www.freiraumfuerdich.de\/forever\/wp-content\/uploads\/2020\/12\/shiatsu-ruecken.jpg\",\"datePublished\":\"2020-12-29T09:30:05+00:00\",\"dateModified\":\"2025-04-25T17:20:19+00:00\",\"breadcrumb\":{\"@id\":\"https:\/\/www.freiraumfuerdich.de\/forever\/shiatsu-2\/#breadcrumb\"},\"inLanguage\":\"de\",\"potentialAction\":[{\"@type\":\"ReadAction\",\"target\":[\"https:\/\/www.freiraumfuerdich.de\/forever\/shiatsu-2\/\"]}]},{\"@type\":\"ImageObject\",\"inLanguage\":\"de\",\"@id\":\"https:\/\/www.freiraumfuerdich.de\/forever\/shiatsu-2\/#primaryimage\",\"url\":\"https:\/\/www.freiraumfuerdich.de\/forever\/wp-content\/uploads\/2020\/12\/shiatsu-ruecken.jpg\",\"contentUrl\":\"https:\/\/www.freiraumfuerdich.de\/forever\/wp-content\/uploads\/2020\/12\/shiatsu-ruecken.jpg\",\"width\":1980,\"height\":1320},{\"@type\":\"BreadcrumbList\",\"@id\":\"https:\/\/www.freiraumfuerdich.de\/forever\/shiatsu-2\/#breadcrumb\",\"itemListElement\":[{\"@type\":\"ListItem\",\"position\":1,\"name\":\"Startseite\",\"item\":\"https:\/\/www.freiraumfuerdich.de\/forever\/\"},{\"@type\":\"ListItem\",\"position\":2,\"name\":\"Shiatsu\"}]},{\"@type\":\"WebSite\",\"@id\":\"https:\/\/www.freiraumfuerdich.de\/forever\/#website\",\"url\":\"https:\/\/www.freiraumfuerdich.de\/forever\/\",\"name\":\"FREIRAUM F\u00dcR DICH\",\"description\":\"Bewegung - Entspannung - Wahrnehmung - Energie &amp; K\u00f6rperarbeit in Langenfeld\",\"publisher\":{\"@id\":\"https:\/\/www.freiraumfuerdich.de\/forever\/#\/schema\/person\/d6b6273e141f22aa0639ddb0b0054241\"},\"potentialAction\":[{\"@type\":\"SearchAction\",\"target\":{\"@type\":\"EntryPoint\",\"urlTemplate\":\"https:\/\/www.freiraumfuerdich.de\/forever\/?s={search_term_string}\"},\"query-input\":{\"@type\":\"PropertyValueSpecification\",\"valueRequired\":true,\"valueName\":\"search_term_string\"}}],\"inLanguage\":\"de\"},{\"@type\":[\"Person\",\"Organization\"],\"@id\":\"https:\/\/www.freiraumfuerdich.de\/forever\/#\/schema\/person\/d6b6273e141f22aa0639ddb0b0054241\",\"name\":\"Uta Hoemann-Dewenter\",\"image\":{\"@type\":\"ImageObject\",\"inLanguage\":\"de\",\"@id\":\"https:\/\/www.freiraumfuerdich.de\/forever\/#\/schema\/person\/image\/\",\"url\":\"https:\/\/www.freiraumfuerdich.de\/forever\/wp-content\/uploads\/2020\/12\/logo-transparent-bewegen-heller.png\",\"contentUrl\":\"https:\/\/www.freiraumfuerdich.de\/forever\/wp-content\/uploads\/2020\/12\/logo-transparent-bewegen-heller.png\",\"width\":1531,\"height\":230,\"caption\":\"Uta Hoemann-Dewenter\"},\"logo\":{\"@id\":\"https:\/\/www.freiraumfuerdich.de\/forever\/#\/schema\/person\/image\/\"}}]}<\/script>\n<!-- \/ Yoast SEO plugin. -->","yoast_head_json":{"title":"Shiatsu - FREIRAUM F\u00dcR DICH","robots":{"index":"index","follow":"follow","max-snippet":"max-snippet:-1","max-image-preview":"max-image-preview:large","max-video-preview":"max-video-preview:-1"},"canonical":"https:\/\/www.freiraumfuerdich.de\/forever\/shiatsu-2\/","og_locale":"de_DE","og_type":"article","og_title":"Shiatsu - FREIRAUM F\u00dcR DICH","og_description":"K\u00f6rper und Seele d\u00fcrfen im Einklang schwingen Genie\u00dfen Sie eine ganz besondere, intensive, wohltuende und entspannende Auszeit. Ihre pers\u00f6nlichen W\u00fcnsche und Bed\u00fcrfnisse stehen im Mittelpunkt. Aufmerksam und liebevoll werde ich f\u00fcr Sie da sein.Sie liegen in bequemer Kleidung und warmen Socken auf einer gro\u00dfen weichen Shiatsu Matte oder wahlweise einer Liege. \u2026 genussvoll entspannen, Energien [&hellip;]","og_url":"https:\/\/www.freiraumfuerdich.de\/forever\/shiatsu-2\/","og_site_name":"FREIRAUM F\u00dcR DICH","article_modified_time":"2025-04-25T17:20:19+00:00","og_image":[{"width":1980,"height":1320,"url":"https:\/\/www.freiraumfuerdich.de\/forever\/wp-content\/uploads\/2020\/12\/shiatsu-ruecken.jpg","type":"image\/jpeg"}],"twitter_card":"summary_large_image","twitter_misc":{"Gesch\u00e4tzte Lesezeit":"3\u00a0Minuten"},"schema":{"@context":"https:\/\/schema.org","@graph":[{"@type":"WebPage","@id":"https:\/\/www.freiraumfuerdich.de\/forever\/shiatsu-2\/","url":"https:\/\/www.freiraumfuerdich.de\/forever\/shiatsu-2\/","name":"Shiatsu - FREIRAUM F\u00dcR DICH","isPartOf":{"@id":"https:\/\/www.freiraumfuerdich.de\/forever\/#website"},"primaryImageOfPage":{"@id":"https:\/\/www.freiraumfuerdich.de\/forever\/shiatsu-2\/#primaryimage"},"image":{"@id":"https:\/\/www.freiraumfuerdich.de\/forever\/shiatsu-2\/#primaryimage"},"thumbnailUrl":"https:\/\/www.freiraumfuerdich.de\/forever\/wp-content\/uploads\/2020\/12\/shiatsu-ruecken.jpg","datePublished":"2020-12-29T09:30:05+00:00","dateModified":"2025-04-25T17:20:19+00:00","breadcrumb":{"@id":"https:\/\/www.freiraumfuerdich.de\/forever\/shiatsu-2\/#breadcrumb"},"inLanguage":"de","potentialAction":[{"@type":"ReadAction","target":["https:\/\/www.freiraumfuerdich.de\/forever\/shiatsu-2\/"]}]},{"@type":"ImageObject","inLanguage":"de","@id":"https:\/\/www.freiraumfuerdich.de\/forever\/shiatsu-2\/#primaryimage","url":"https:\/\/www.freiraumfuerdich.de\/forever\/wp-content\/uploads\/2020\/12\/shiatsu-ruecken.jpg","contentUrl":"https:\/\/www.freiraumfuerdich.de\/forever\/wp-content\/uploads\/2020\/12\/shiatsu-ruecken.jpg","width":1980,"height":1320},{"@type":"BreadcrumbList","@id":"https:\/\/www.freiraumfuerdich.de\/forever\/shiatsu-2\/#breadcrumb","itemListElement":[{"@type":"ListItem","position":1,"name":"Startseite","item":"https:\/\/www.freiraumfuerdich.de\/forever\/"},{"@type":"ListItem","position":2,"name":"Shiatsu"}]},{"@type":"WebSite","@id":"https:\/\/www.freiraumfuerdich.de\/forever\/#website","url":"https:\/\/www.freiraumfuerdich.de\/forever\/","name":"FREIRAUM F\u00dcR DICH","description":"Bewegung - Entspannung - Wahrnehmung - Energie &amp; K\u00f6rperarbeit in Langenfeld","publisher":{"@id":"https:\/\/www.freiraumfuerdich.de\/forever\/#\/schema\/person\/d6b6273e141f22aa0639ddb0b0054241"},"potentialAction":[{"@type":"SearchAction","target":{"@type":"EntryPoint","urlTemplate":"https:\/\/www.freiraumfuerdich.de\/forever\/?s={search_term_string}"},"query-input":{"@type":"PropertyValueSpecification","valueRequired":true,"valueName":"search_term_string"}}],"inLanguage":"de"},{"@type":["Person","Organization"],"@id":"https:\/\/www.freiraumfuerdich.de\/forever\/#\/schema\/person\/d6b6273e141f22aa0639ddb0b0054241","name":"Uta Hoemann-Dewenter","image":{"@type":"ImageObject","inLanguage":"de","@id":"https:\/\/www.freiraumfuerdich.de\/forever\/#\/schema\/person\/image\/","url":"https:\/\/www.freiraumfuerdich.de\/forever\/wp-content\/uploads\/2020\/12\/logo-transparent-bewegen-heller.png","contentUrl":"https:\/\/www.freiraumfuerdich.de\/forever\/wp-content\/uploads\/2020\/12\/logo-transparent-bewegen-heller.png","width":1531,"height":230,"caption":"Uta Hoemann-Dewenter"},"logo":{"@id":"https:\/\/www.freiraumfuerdich.de\/forever\/#\/schema\/person\/image\/"}}]}},"uagb_featured_image_src":{"full":false,"thumbnail":false,"medium":false,"medium_large":false,"large":false,"1536x1536":false,"2048x2048":false},"uagb_author_info":{"display_name":"Freiraum f\u00fcr Dich","author_link":"https:\/\/www.freiraumfuerdich.de\/forever\/author\/admin-mieke\/"},"uagb_comment_info":0,"uagb_excerpt":"K\u00f6rper und Seele d\u00fcrfen im Einklang schwingen Genie\u00dfen Sie eine ganz besondere, intensive, wohltuende und entspannende Auszeit. Ihre pers\u00f6nlichen W\u00fcnsche und Bed\u00fcrfnisse stehen im Mittelpunkt. Aufmerksam und liebevoll werde ich f\u00fcr Sie da sein.Sie liegen in bequemer Kleidung und warmen Socken auf einer gro\u00dfen weichen Shiatsu Matte oder wahlweise einer Liege. \u2026 genussvoll entspannen, Energien&hellip;","_links":{"self":[{"href":"https:\/\/www.freiraumfuerdich.de\/forever\/wp-json\/wp\/v2\/pages\/6235","targetHints":{"allow":["GET"]}}],"collection":[{"href":"https:\/\/www.freiraumfuerdich.de\/forever\/wp-json\/wp\/v2\/pages"}],"about":[{"href":"https:\/\/www.freiraumfuerdich.de\/forever\/wp-json\/wp\/v2\/types\/page"}],"author":[{"embeddable":true,"href":"https:\/\/www.freiraumfuerdich.de\/forever\/wp-json\/wp\/v2\/users\/3"}],"replies":[{"embeddable":true,"href":"https:\/\/www.freiraumfuerdich.de\/forever\/wp-json\/wp\/v2\/comments?post=6235"}],"version-history":[{"count":22,"href":"https:\/\/www.freiraumfuerdich.de\/forever\/wp-json\/wp\/v2\/pages\/6235\/revisions"}],"predecessor-version":[{"id":7092,"href":"https:\/\/www.freiraumfuerdich.de\/forever\/wp-json\/wp\/v2\/pages\/6235\/revisions\/7092"}],"wp:attachment":[{"href":"https:\/\/www.freiraumfuerdich.de\/forever\/wp-json\/wp\/v2\/media?parent=6235"}],"curies":[{"name":"wp","href":"https:\/\/api.w.org\/{rel}","templated":true}]}}