{"id":6206,"date":"2020-12-29T09:48:27","date_gmt":"2020-12-29T08:48:27","guid":{"rendered":"https:\/\/www.freiraumfuerdich.de\/forever\/?page_id=6206"},"modified":"2022-04-30T20:20:00","modified_gmt":"2022-04-30T19:20:00","slug":"zu-mir","status":"publish","type":"page","link":"https:\/\/www.freiraumfuerdich.de\/forever\/zu-mir\/","title":{"rendered":"Zu MIR"},"content":{"rendered":"\n<div class=\"wp-block-cover alignfull\" style=\"min-height:380px;aspect-ratio:unset;\"><span aria-hidden=\"true\" class=\"has-background-dim-10 wp-block-cover__gradient-background has-background-dim has-background-gradient\" style=\"background:linear-gradient(100deg,rgb(21,50,67) 0%,rgb(26,108,122) 100%)\"><\/span><img loading=\"lazy\" decoding=\"async\" width=\"960\" height=\"1280\" class=\"wp-block-cover__image-background wp-image-6362\" alt=\"\" src=\"https:\/\/www.freiraumfuerdich.de\/forever\/wp-content\/uploads\/2020\/12\/uta-hoemann-dewenter-mit-herz.jpg\" style=\"object-position:39% 60%\" data-object-fit=\"cover\" data-object-position=\"39% 60%\" srcset=\"https:\/\/www.freiraumfuerdich.de\/forever\/wp-content\/uploads\/2020\/12\/uta-hoemann-dewenter-mit-herz.jpg 960w, https:\/\/www.freiraumfuerdich.de\/forever\/wp-content\/uploads\/2020\/12\/uta-hoemann-dewenter-mit-herz-225x300.jpg 225w, https:\/\/www.freiraumfuerdich.de\/forever\/wp-content\/uploads\/2020\/12\/uta-hoemann-dewenter-mit-herz-768x1024.jpg 768w\" sizes=\"auto, (max-width: 960px) 100vw, 960px\" \/><div class=\"wp-block-cover__inner-container is-layout-flow wp-block-cover-is-layout-flow\">\n<div style=\"height:100px\" aria-hidden=\"true\" class=\"wp-block-spacer\"><\/div>\n\n\n\n<h1 class=\"has-text-align-center has-white-color has-text-color wp-block-heading\">Uta Hoemann-Dewenter\u200b<\/h1>\n<\/div><\/div>\n\n\n\n<div class=\"inherit-container-width wp-block-group alignfull is-layout-constrained wp-block-group-is-layout-constrained\"><div class=\"wp-block-group__inner-container\">\n<div class=\"wp-block-columns is-layout-flex wp-container-core-columns-is-layout-28f84493 wp-block-columns-is-layout-flex\">\n<div class=\"wp-block-column is-layout-flow wp-block-column-is-layout-flow\">\n<h2 class=\"wp-block-heading\">F\u00fcr DICH<\/h2>\n\n\n\n<p>mir liegt Ihr Wohlsein und Ihre Lebensfreude am Herzen! Daf\u00fcr habe ich Raum geschaffen. Eine warme herzliche Atmosph\u00e4re erwartet Sie. <br>Willkommen im FREIRAUM.<br>Kurse finden in kleinen Gruppen bis 6 Personen statt. Alles ist wunderbar vorbereitet und freut sich auf Sie.<\/p>\n\n\n\n<p>Die Einzelstunden finden in einem eigenen gesch\u00fctztem Raum statt.    wohlf\u00fchlen &#8211; entspannen &#8211; loslassen <br>Hier d\u00fcrfen Sie sich vertrauensvoll in liebevolle H\u00e4nde begeben. <\/p>\n<\/div>\n\n\n\n<div class=\"wp-block-column is-layout-flow wp-block-column-is-layout-flow\">\n<h2 class=\"wp-block-heading\">Mein Weg von MIR zu DIR<\/h2>\n\n\n\n<p>Meine gr\u00f6\u00dfte Freude ist es die W\u00fcnsche und Bed\u00fcrfnisse meiner Kunden zu erkennen, ersp\u00fcren und umzusetzen. Auf meinem Lebensweg habe ich festgestellt, dass ich nur Leistungen anbieten m\u00f6chte die auch mir wirklich Freude bereiten, f\u00fcr die ich brenne, die auch ich erfahren durfte.<\/p>\n\n\n\n<figure class=\"wp-block-image size-full is-resized\"><img loading=\"lazy\" decoding=\"async\" src=\"https:\/\/www.freiraumfuerdich.de\/forever\/wp-content\/uploads\/2020\/12\/uta-hoemann-dewenter-1.jpg\" alt=\"\" class=\"wp-image-6335\" width=\"630\" height=\"421\" srcset=\"https:\/\/www.freiraumfuerdich.de\/forever\/wp-content\/uploads\/2020\/12\/uta-hoemann-dewenter-1.jpg 800w, https:\/\/www.freiraumfuerdich.de\/forever\/wp-content\/uploads\/2020\/12\/uta-hoemann-dewenter-1-300x201.jpg 300w, https:\/\/www.freiraumfuerdich.de\/forever\/wp-content\/uploads\/2020\/12\/uta-hoemann-dewenter-1-768x514.jpg 768w\" sizes=\"auto, (max-width: 630px) 100vw, 630px\" \/><\/figure>\n\n\n\n<p>Begonnen habe ich mit meiner geliebten Floristik, die mir sosehr gefallen hat dass ich den Meister absolvierte. Wunderbare Jahre mit Kollegen, Kundenkontakten, Veranstaltungen, Kreativit\u00e4t, Tatendrang und neuem Wissen. <\/p>\n\n\n\n<p>Es gesellte sich die Liebe dazu und ich machte mich als Mutter und Frau selbstst\u00e4ndig. Die Floristik wurde zum Nebenschauplatz. Lebensfreude auf allen Ebenen. W\u00e4hrend dieser Zeit lernte ich Shiatsu kennen und lieben. Nach den Behandlungen war ich immer wieder energiegeladen, ausgeglichen und geduldig. Ein wahres Gl\u00fcck f\u00fcr die ganze Familie. <\/p>\n\n\n\n<p>Ich war fasziniert, dass wollte ich auch k\u00f6nnen und so machte ich eine 2 j\u00e4hrige Ausbildung zur Shiatsu-Praktikerin und absolvierte zus\u00e4tzlich die Meisterklasse. Nun begann meine Selbstst\u00e4ndigkeit als Shiatsu-Praktikerin. <\/p>\n\n\n\n<p>Ich erf\u00fcllte mir meinen Herzenswunsch und er\u00f6ffnete im Oktober 2011 den FREIRAUM F\u00dcR DICH. Was f\u00fcr eine Freude! Die Idee ist Freiraum schaffen f\u00fcr DICH und MICH: zum durchatmen, entspannen,  Energie tanken, wohlf\u00fchlen, zur Ruhe kommen,  gesehen und verstanden werden. Im FREIRAUM d\u00fcrfen Menschen ankommen, sein wie sie sind. Hier kann ich meine Ideen, mich verwirklichen.<\/p>\n\n\n\n<p>Weiterbildungen wie die Professional Stone Massage, Raindrop-Technique\u00ae eine entgiftende \u00d6lmassage, passen wunderbar  in mein Konzept, f\u00fchlen sich herrlich an und ich habe Freude bei ihrer Anwendung. <\/p>\n\n\n\n<p>Ein weiterer Baustein ist meine Ausbildung zur Heil-Yoga Intuitionstrainerin nach Heil-Yoga\u00ae Maria Dieste. <br>Voller Begeisterung habe ich diese Ausbildung genossen und erfolgreich abgeschlossen. Nun biete ich mit gro\u00dfer Freude auch Yoga Kurse an.<\/p>\n\n\n\n<p>Ich freue mich auf Ihren Besuch.<\/p>\n\n\n\n<h3 class=\"wp-block-heading\">Uta Hoemann\u2013Dewenter<\/h3>\n<\/div>\n<\/div>\n<\/div><\/div>\n\n\n\n<div class=\"inherit-container-width wp-block-group alignfull has-background is-layout-constrained wp-block-group-is-layout-constrained\" style=\"background-color:#f3f9fb\"><div class=\"wp-block-group__inner-container\">\n<div class=\"wp-block-columns is-layout-flex wp-container-core-columns-is-layout-28f84493 wp-block-columns-is-layout-flex\">\n<div class=\"wp-block-column is-layout-flow wp-block-column-is-layout-flow\">\n<h2 class=\"wp-block-heading\">FREIRAUM f\u00fcr Freunde<\/h2>\n\n\n\n<p>Buchen Sie ein besonderes Event mit besten Freunden: Entspannung, Bewegung, Kreatives<\/p>\n<\/div>\n\n\n\n<div class=\"wp-block-column is-layout-flow wp-block-column-is-layout-flow\">\n<h2 class=\"wp-block-heading\">Tagesworkshop<\/h2>\n\n\n\n<p>Sie suchen eine Auszeit f\u00fcr Ihr Team?<br>Gerne stelle ich Ihnen ein Konzept zusammen.<\/p>\n<\/div>\n\n\n\n<div class=\"wp-block-column is-layout-flow wp-block-column-is-layout-flow\">\n<h2 class=\"wp-block-heading\">Ich bin f\u00fcr Sie da<\/h2>\n\n\n\n<p>Uta Hoemann-Dewenter<br>Telefon 02173 &#8211; 919994<br>Mail <a href=\"info@freiraumfuerdich.de\">info@freiraumfuerdich.de<\/a><\/p>\n<\/div>\n<\/div>\n<\/div><\/div>\n\n\n\n<div class=\"inherit-container-width wp-block-group is-layout-constrained wp-block-group-is-layout-constrained\"><div class=\"wp-block-group__inner-container\">\n<div class=\"wp-block-columns is-layout-flex wp-container-core-columns-is-layout-28f84493 wp-block-columns-is-layout-flex\">\n<div class=\"wp-block-column is-layout-flow wp-block-column-is-layout-flow\" style=\"flex-basis:15%\">\n<figure class=\"wp-block-image size-full is-resized\"><img loading=\"lazy\" decoding=\"async\" src=\"https:\/\/www.freiraumfuerdich.de\/forever\/wp-content\/uploads\/2021\/08\/Entwuerfe_Logo_200204_1-2.gif\" alt=\"\" class=\"wp-image-6627\" width=\"222\" height=\"221\"\/><\/figure>\n<\/div>\n\n\n\n<div class=\"wp-block-column is-vertically-aligned-top is-layout-flow wp-block-column-is-layout-flow\" style=\"flex-basis:35%\"><\/div>\n\n\n\n<div class=\"wp-block-column is-layout-flow wp-block-column-is-layout-flow\" style=\"flex-basis:25%\">\n<p><strong>Qualifikation<\/strong><\/p>\n\n\n\n<ul class=\"wp-block-list\"><li>Floristmeisterin<\/li><li>Shiatsupraktikerin mit Abschluss der Meisterklasse<\/li><li>NLP Practioner DVNLP<\/li><li>zertifizierter smoveyCOACH<\/li><li>Heil-Yoga Intuitionstrainerin nach Heil-Yoga\u00ae Maria Dieste<\/li><\/ul>\n<\/div>\n\n\n\n<div class=\"wp-block-column is-layout-flow wp-block-column-is-layout-flow\" style=\"flex-basis:25%\">\n<p><strong><strong><strong>Vertrieb<\/strong><\/strong><\/strong><\/p>\n\n\n\n<ul class=\"wp-block-list\"><li>selbstst. Distributer Forever<\/li><li>selbstst. Distributer Young Living<\/li><li>smovey Schwungringe<\/li><\/ul>\n<\/div>\n<\/div>\n<\/div><\/div>\n\n\n\n<div class=\"wp-block-group alignwide is-layout-flow wp-block-group-is-layout-flow\"><div class=\"wp-block-group__inner-container\">\n<div class=\"wp-block-columns alignwide is-layout-flex wp-container-core-columns-is-layout-28f84493 wp-block-columns-is-layout-flex\">\n<div class=\"wp-block-column is-layout-flow wp-block-column-is-layout-flow\">\n<h2 class=\"wp-block-heading\"><\/h2>\n<\/div>\n\n\n\n<div class=\"wp-block-column is-layout-flow wp-block-column-is-layout-flow\">\n<figure class=\"wp-block-image size-large is-style-default\"><img loading=\"lazy\" decoding=\"async\" width=\"1024\" height=\"100\" src=\"https:\/\/www.freiraumfuerdich.de\/forever\/wp-content\/uploads\/2020\/12\/fachwerk-logo-1024x100.png\" alt=\"\" class=\"wp-image-6376\" srcset=\"https:\/\/www.freiraumfuerdich.de\/forever\/wp-content\/uploads\/2020\/12\/fachwerk-logo-1024x100.png 1024w, https:\/\/www.freiraumfuerdich.de\/forever\/wp-content\/uploads\/2020\/12\/fachwerk-logo-300x29.png 300w, https:\/\/www.freiraumfuerdich.de\/forever\/wp-content\/uploads\/2020\/12\/fachwerk-logo-768x75.png 768w, https:\/\/www.freiraumfuerdich.de\/forever\/wp-content\/uploads\/2020\/12\/fachwerk-logo.png 1044w\" sizes=\"auto, (max-width: 1024px) 100vw, 1024px\" \/><figcaption>Mitglied im Fachwerk seit 2014<\/figcaption><\/figure>\n<\/div>\n<\/div>\n<\/div><\/div>\n\n\n\n<div class=\"wp-block-columns is-layout-flex wp-container-core-columns-is-layout-28f84493 wp-block-columns-is-layout-flex\">\n<div class=\"wp-block-column is-layout-flow wp-block-column-is-layout-flow\"><\/div>\n<\/div>\n","protected":false},"excerpt":{"rendered":"<p>F\u00fcr DICH mir liegt Ihr Wohlsein und Ihre Lebensfreude am Herzen! Daf\u00fcr habe ich Raum geschaffen. Eine warme herzliche Atmosph\u00e4re erwartet Sie. Willkommen im FREIRAUM.Kurse finden in kleinen Gruppen bis 6 Personen statt. Alles ist wunderbar vorbereitet und freut sich auf Sie. Die Einzelstunden finden in einem eigenen gesch\u00fctztem Raum statt. wohlf\u00fchlen &#8211; entspannen &#8211; [&hellip;]<\/p>\n","protected":false},"author":3,"featured_media":0,"parent":0,"menu_order":0,"comment_status":"closed","ping_status":"closed","template":"","meta":{"_coblocks_attr":"","_coblocks_dimensions":"","_coblocks_responsive_height":"","_coblocks_accordion_ie_support":"","_uag_custom_page_level_css":"","site-sidebar-layout":"default","site-content-layout":"default","ast-site-content-layout":"default","site-content-style":"default","site-sidebar-style":"default","ast-global-header-display":"","ast-banner-title-visibility":"","ast-main-header-display":"","ast-hfb-above-header-display":"","ast-hfb-below-header-display":"","ast-hfb-mobile-header-display":"","site-post-title":"disabled","ast-breadcrumbs-content":"","ast-featured-img":"","footer-sml-layout":"","ast-disable-related-posts":"","theme-transparent-header-meta":"enabled","adv-header-id-meta":"","stick-header-meta":"","header-above-stick-meta":"","header-main-stick-meta":"","header-below-stick-meta":"","astra-migrate-meta-layouts":"default","ast-page-background-enabled":"default","ast-page-background-meta":{"desktop":{"background-color":"","background-image":"","background-repeat":"repeat","background-position":"center center","background-size":"auto","background-attachment":"scroll","background-type":"","background-media":"","overlay-type":"","overlay-color":"","overlay-opacity":"","overlay-gradient":""},"tablet":{"background-color":"","background-image":"","background-repeat":"repeat","background-position":"center center","background-size":"auto","background-attachment":"scroll","background-type":"","background-media":"","overlay-type":"","overlay-color":"","overlay-opacity":"","overlay-gradient":""},"mobile":{"background-color":"","background-image":"","background-repeat":"repeat","background-position":"center center","background-size":"auto","background-attachment":"scroll","background-type":"","background-media":"","overlay-type":"","overlay-color":"","overlay-opacity":"","overlay-gradient":""}},"ast-content-background-meta":{"desktop":{"background-color":"var(--ast-global-color-5)","background-image":"","background-repeat":"repeat","background-position":"center center","background-size":"auto","background-attachment":"scroll","background-type":"","background-media":"","overlay-type":"","overlay-color":"","overlay-opacity":"","overlay-gradient":""},"tablet":{"background-color":"var(--ast-global-color-5)","background-image":"","background-repeat":"repeat","background-position":"center center","background-size":"auto","background-attachment":"scroll","background-type":"","background-media":"","overlay-type":"","overlay-color":"","overlay-opacity":"","overlay-gradient":""},"mobile":{"background-color":"var(--ast-global-color-5)","background-image":"","background-repeat":"repeat","background-position":"center center","background-size":"auto","background-attachment":"scroll","background-type":"","background-media":"","overlay-type":"","overlay-color":"","overlay-opacity":"","overlay-gradient":""}},"footnotes":""},"class_list":["post-6206","page","type-page","status-publish","hentry"],"yoast_head":"<!-- This site is optimized with the Yoast SEO plugin v26.7 - https:\/\/yoast.com\/wordpress\/plugins\/seo\/ -->\n<title>Zu MIR - FREIRAUM F\u00dcR DICH<\/title>\n<meta name=\"description\" content=\"Mit Shiatsu, Hot Stone, \u00d6lmassagen und Heil Yoga nach MD biete ich Ihnen Freiraum f\u00fcr Entspannung, Wohlbefinden, Regeneration, Energie laden.\" \/>\n<meta name=\"robots\" content=\"index, follow, max-snippet:-1, max-image-preview:large, max-video-preview:-1\" \/>\n<link rel=\"canonical\" href=\"https:\/\/www.freiraumfuerdich.de\/forever\/zu-mir\/\" \/>\n<meta property=\"og:locale\" content=\"de_DE\" \/>\n<meta property=\"og:type\" content=\"article\" \/>\n<meta property=\"og:title\" content=\"Zu MIR - FREIRAUM F\u00dcR DICH\" \/>\n<meta property=\"og:description\" content=\"Mit Shiatsu, Hot Stone, \u00d6lmassagen und Heil Yoga nach MD biete ich Ihnen Freiraum f\u00fcr Entspannung, Wohlbefinden, Regeneration, Energie laden.\" \/>\n<meta property=\"og:url\" content=\"https:\/\/www.freiraumfuerdich.de\/forever\/zu-mir\/\" \/>\n<meta property=\"og:site_name\" content=\"FREIRAUM F\u00dcR DICH\" \/>\n<meta property=\"article:modified_time\" content=\"2022-04-30T19:20:00+00:00\" \/>\n<meta property=\"og:image\" content=\"https:\/\/www.freiraumfuerdich.de\/forever\/wp-content\/uploads\/2020\/12\/uta-hoemann-dewenter-mit-herz.jpg\" \/>\n<meta name=\"twitter:card\" content=\"summary_large_image\" \/>\n<meta name=\"twitter:label1\" content=\"Gesch\u00e4tzte Lesezeit\" \/>\n\t<meta name=\"twitter:data1\" content=\"3\u00a0Minuten\" \/>\n<script type=\"application\/ld+json\" class=\"yoast-schema-graph\">{\"@context\":\"https:\/\/schema.org\",\"@graph\":[{\"@type\":\"WebPage\",\"@id\":\"https:\/\/www.freiraumfuerdich.de\/forever\/zu-mir\/\",\"url\":\"https:\/\/www.freiraumfuerdich.de\/forever\/zu-mir\/\",\"name\":\"Zu MIR - FREIRAUM F\u00dcR DICH\",\"isPartOf\":{\"@id\":\"https:\/\/www.freiraumfuerdich.de\/forever\/#website\"},\"primaryImageOfPage\":{\"@id\":\"https:\/\/www.freiraumfuerdich.de\/forever\/zu-mir\/#primaryimage\"},\"image\":{\"@id\":\"https:\/\/www.freiraumfuerdich.de\/forever\/zu-mir\/#primaryimage\"},\"thumbnailUrl\":\"https:\/\/www.freiraumfuerdich.de\/forever\/wp-content\/uploads\/2020\/12\/uta-hoemann-dewenter-mit-herz.jpg\",\"datePublished\":\"2020-12-29T08:48:27+00:00\",\"dateModified\":\"2022-04-30T19:20:00+00:00\",\"description\":\"Mit Shiatsu, Hot Stone, \u00d6lmassagen und Heil Yoga nach MD biete ich Ihnen Freiraum f\u00fcr Entspannung, Wohlbefinden, Regeneration, Energie laden.\",\"breadcrumb\":{\"@id\":\"https:\/\/www.freiraumfuerdich.de\/forever\/zu-mir\/#breadcrumb\"},\"inLanguage\":\"de\",\"potentialAction\":[{\"@type\":\"ReadAction\",\"target\":[\"https:\/\/www.freiraumfuerdich.de\/forever\/zu-mir\/\"]}]},{\"@type\":\"ImageObject\",\"inLanguage\":\"de\",\"@id\":\"https:\/\/www.freiraumfuerdich.de\/forever\/zu-mir\/#primaryimage\",\"url\":\"https:\/\/www.freiraumfuerdich.de\/forever\/wp-content\/uploads\/2020\/12\/uta-hoemann-dewenter-mit-herz.jpg\",\"contentUrl\":\"https:\/\/www.freiraumfuerdich.de\/forever\/wp-content\/uploads\/2020\/12\/uta-hoemann-dewenter-mit-herz.jpg\",\"width\":960,\"height\":1280,\"caption\":\"sdr\"},{\"@type\":\"BreadcrumbList\",\"@id\":\"https:\/\/www.freiraumfuerdich.de\/forever\/zu-mir\/#breadcrumb\",\"itemListElement\":[{\"@type\":\"ListItem\",\"position\":1,\"name\":\"Startseite\",\"item\":\"https:\/\/www.freiraumfuerdich.de\/forever\/\"},{\"@type\":\"ListItem\",\"position\":2,\"name\":\"Zu MIR\"}]},{\"@type\":\"WebSite\",\"@id\":\"https:\/\/www.freiraumfuerdich.de\/forever\/#website\",\"url\":\"https:\/\/www.freiraumfuerdich.de\/forever\/\",\"name\":\"FREIRAUM F\u00dcR DICH\",\"description\":\"Bewegung - Entspannung - Wahrnehmung - Energie &amp; K\u00f6rperarbeit in Langenfeld\",\"publisher\":{\"@id\":\"https:\/\/www.freiraumfuerdich.de\/forever\/#\/schema\/person\/d6b6273e141f22aa0639ddb0b0054241\"},\"potentialAction\":[{\"@type\":\"SearchAction\",\"target\":{\"@type\":\"EntryPoint\",\"urlTemplate\":\"https:\/\/www.freiraumfuerdich.de\/forever\/?s={search_term_string}\"},\"query-input\":{\"@type\":\"PropertyValueSpecification\",\"valueRequired\":true,\"valueName\":\"search_term_string\"}}],\"inLanguage\":\"de\"},{\"@type\":[\"Person\",\"Organization\"],\"@id\":\"https:\/\/www.freiraumfuerdich.de\/forever\/#\/schema\/person\/d6b6273e141f22aa0639ddb0b0054241\",\"name\":\"Uta Hoemann-Dewenter\",\"image\":{\"@type\":\"ImageObject\",\"inLanguage\":\"de\",\"@id\":\"https:\/\/www.freiraumfuerdich.de\/forever\/#\/schema\/person\/image\/\",\"url\":\"https:\/\/www.freiraumfuerdich.de\/forever\/wp-content\/uploads\/2020\/12\/logo-transparent-bewegen-heller.png\",\"contentUrl\":\"https:\/\/www.freiraumfuerdich.de\/forever\/wp-content\/uploads\/2020\/12\/logo-transparent-bewegen-heller.png\",\"width\":1531,\"height\":230,\"caption\":\"Uta Hoemann-Dewenter\"},\"logo\":{\"@id\":\"https:\/\/www.freiraumfuerdich.de\/forever\/#\/schema\/person\/image\/\"}}]}<\/script>\n<!-- \/ Yoast SEO plugin. -->","yoast_head_json":{"title":"Zu MIR - FREIRAUM F\u00dcR DICH","description":"Mit Shiatsu, Hot Stone, \u00d6lmassagen und Heil Yoga nach MD biete ich Ihnen Freiraum f\u00fcr Entspannung, Wohlbefinden, Regeneration, Energie laden.","robots":{"index":"index","follow":"follow","max-snippet":"max-snippet:-1","max-image-preview":"max-image-preview:large","max-video-preview":"max-video-preview:-1"},"canonical":"https:\/\/www.freiraumfuerdich.de\/forever\/zu-mir\/","og_locale":"de_DE","og_type":"article","og_title":"Zu MIR - FREIRAUM F\u00dcR DICH","og_description":"Mit Shiatsu, Hot Stone, \u00d6lmassagen und Heil Yoga nach MD biete ich Ihnen Freiraum f\u00fcr Entspannung, Wohlbefinden, Regeneration, Energie laden.","og_url":"https:\/\/www.freiraumfuerdich.de\/forever\/zu-mir\/","og_site_name":"FREIRAUM F\u00dcR DICH","article_modified_time":"2022-04-30T19:20:00+00:00","og_image":[{"url":"https:\/\/www.freiraumfuerdich.de\/forever\/wp-content\/uploads\/2020\/12\/uta-hoemann-dewenter-mit-herz.jpg","type":"","width":"","height":""}],"twitter_card":"summary_large_image","twitter_misc":{"Gesch\u00e4tzte Lesezeit":"3\u00a0Minuten"},"schema":{"@context":"https:\/\/schema.org","@graph":[{"@type":"WebPage","@id":"https:\/\/www.freiraumfuerdich.de\/forever\/zu-mir\/","url":"https:\/\/www.freiraumfuerdich.de\/forever\/zu-mir\/","name":"Zu MIR - FREIRAUM F\u00dcR DICH","isPartOf":{"@id":"https:\/\/www.freiraumfuerdich.de\/forever\/#website"},"primaryImageOfPage":{"@id":"https:\/\/www.freiraumfuerdich.de\/forever\/zu-mir\/#primaryimage"},"image":{"@id":"https:\/\/www.freiraumfuerdich.de\/forever\/zu-mir\/#primaryimage"},"thumbnailUrl":"https:\/\/www.freiraumfuerdich.de\/forever\/wp-content\/uploads\/2020\/12\/uta-hoemann-dewenter-mit-herz.jpg","datePublished":"2020-12-29T08:48:27+00:00","dateModified":"2022-04-30T19:20:00+00:00","description":"Mit Shiatsu, Hot Stone, \u00d6lmassagen und Heil Yoga nach MD biete ich Ihnen Freiraum f\u00fcr Entspannung, Wohlbefinden, Regeneration, Energie laden.","breadcrumb":{"@id":"https:\/\/www.freiraumfuerdich.de\/forever\/zu-mir\/#breadcrumb"},"inLanguage":"de","potentialAction":[{"@type":"ReadAction","target":["https:\/\/www.freiraumfuerdich.de\/forever\/zu-mir\/"]}]},{"@type":"ImageObject","inLanguage":"de","@id":"https:\/\/www.freiraumfuerdich.de\/forever\/zu-mir\/#primaryimage","url":"https:\/\/www.freiraumfuerdich.de\/forever\/wp-content\/uploads\/2020\/12\/uta-hoemann-dewenter-mit-herz.jpg","contentUrl":"https:\/\/www.freiraumfuerdich.de\/forever\/wp-content\/uploads\/2020\/12\/uta-hoemann-dewenter-mit-herz.jpg","width":960,"height":1280,"caption":"sdr"},{"@type":"BreadcrumbList","@id":"https:\/\/www.freiraumfuerdich.de\/forever\/zu-mir\/#breadcrumb","itemListElement":[{"@type":"ListItem","position":1,"name":"Startseite","item":"https:\/\/www.freiraumfuerdich.de\/forever\/"},{"@type":"ListItem","position":2,"name":"Zu MIR"}]},{"@type":"WebSite","@id":"https:\/\/www.freiraumfuerdich.de\/forever\/#website","url":"https:\/\/www.freiraumfuerdich.de\/forever\/","name":"FREIRAUM F\u00dcR DICH","description":"Bewegung - Entspannung - Wahrnehmung - Energie &amp; K\u00f6rperarbeit in Langenfeld","publisher":{"@id":"https:\/\/www.freiraumfuerdich.de\/forever\/#\/schema\/person\/d6b6273e141f22aa0639ddb0b0054241"},"potentialAction":[{"@type":"SearchAction","target":{"@type":"EntryPoint","urlTemplate":"https:\/\/www.freiraumfuerdich.de\/forever\/?s={search_term_string}"},"query-input":{"@type":"PropertyValueSpecification","valueRequired":true,"valueName":"search_term_string"}}],"inLanguage":"de"},{"@type":["Person","Organization"],"@id":"https:\/\/www.freiraumfuerdich.de\/forever\/#\/schema\/person\/d6b6273e141f22aa0639ddb0b0054241","name":"Uta Hoemann-Dewenter","image":{"@type":"ImageObject","inLanguage":"de","@id":"https:\/\/www.freiraumfuerdich.de\/forever\/#\/schema\/person\/image\/","url":"https:\/\/www.freiraumfuerdich.de\/forever\/wp-content\/uploads\/2020\/12\/logo-transparent-bewegen-heller.png","contentUrl":"https:\/\/www.freiraumfuerdich.de\/forever\/wp-content\/uploads\/2020\/12\/logo-transparent-bewegen-heller.png","width":1531,"height":230,"caption":"Uta Hoemann-Dewenter"},"logo":{"@id":"https:\/\/www.freiraumfuerdich.de\/forever\/#\/schema\/person\/image\/"}}]}},"uagb_featured_image_src":{"full":false,"thumbnail":false,"medium":false,"medium_large":false,"large":false,"1536x1536":false,"2048x2048":false},"uagb_author_info":{"display_name":"Freiraum f\u00fcr Dich","author_link":"https:\/\/www.freiraumfuerdich.de\/forever\/author\/admin-mieke\/"},"uagb_comment_info":0,"uagb_excerpt":"F\u00fcr DICH mir liegt Ihr Wohlsein und Ihre Lebensfreude am Herzen! Daf\u00fcr habe ich Raum geschaffen. Eine warme herzliche Atmosph\u00e4re erwartet Sie. Willkommen im FREIRAUM.Kurse finden in kleinen Gruppen bis 6 Personen statt. Alles ist wunderbar vorbereitet und freut sich auf Sie. Die Einzelstunden finden in einem eigenen gesch\u00fctztem Raum statt. wohlf\u00fchlen &#8211; entspannen &#8211;&hellip;","_links":{"self":[{"href":"https:\/\/www.freiraumfuerdich.de\/forever\/wp-json\/wp\/v2\/pages\/6206","targetHints":{"allow":["GET"]}}],"collection":[{"href":"https:\/\/www.freiraumfuerdich.de\/forever\/wp-json\/wp\/v2\/pages"}],"about":[{"href":"https:\/\/www.freiraumfuerdich.de\/forever\/wp-json\/wp\/v2\/types\/page"}],"author":[{"embeddable":true,"href":"https:\/\/www.freiraumfuerdich.de\/forever\/wp-json\/wp\/v2\/users\/3"}],"replies":[{"embeddable":true,"href":"https:\/\/www.freiraumfuerdich.de\/forever\/wp-json\/wp\/v2\/comments?post=6206"}],"version-history":[{"count":18,"href":"https:\/\/www.freiraumfuerdich.de\/forever\/wp-json\/wp\/v2\/pages\/6206\/revisions"}],"predecessor-version":[{"id":6838,"href":"https:\/\/www.freiraumfuerdich.de\/forever\/wp-json\/wp\/v2\/pages\/6206\/revisions\/6838"}],"wp:attachment":[{"href":"https:\/\/www.freiraumfuerdich.de\/forever\/wp-json\/wp\/v2\/media?parent=6206"}],"curies":[{"name":"wp","href":"https:\/\/api.w.org\/{rel}","templated":true}]}}