{"id":4259,"date":"2018-05-15T11:07:00","date_gmt":"2018-05-15T10:07:00","guid":{"rendered":"http:\/\/www.freiraumfuerdich.de\/forever\/?page_id=4259"},"modified":"2020-12-29T10:28:20","modified_gmt":"2020-12-29T09:28:20","slug":"datenschutz","status":"publish","type":"page","link":"https:\/\/www.freiraumfuerdich.de\/forever\/datenschutz\/","title":{"rendered":"Datenschutz"},"content":{"rendered":"\n<div class=\"wp-block-cover alignfull has-background-dim-10 has-background-dim has-background-gradient is-style-default\" style=\"background-image:url(https:\/\/www.freiraumfuerdich.de\/forever\/wp-content\/uploads\/2020\/12\/Marmorsteine.jpg);min-height:380px;background-position:33% 36%;aspect-ratio:unset;\"><span aria-hidden=\"true\" class=\"wp-block-cover__gradient-background\" style=\"background:linear-gradient(135deg,rgb(21,50,67) 0%,rgb(26,108,122) 100%)\"><\/span><div class=\"wp-block-cover__inner-container is-layout-flow wp-block-cover-is-layout-flow\">\n<div style=\"height:100px\" aria-hidden=\"true\" class=\"wp-block-spacer\"><\/div>\n\n\n\n<h1 class=\"has-text-align-center has-white-color has-text-color wp-block-heading\">Datenschutz<\/h1>\n<\/div><\/div>\n\n\n\n<h4 class=\"wp-block-heading\">Webseitenbetreiberin:<\/h4>\n\n\n\n<p>Uta Hoemann \u2013 Dewenter<br>Im Schneeloch 13<br>40764 Langenfeld<\/p>\n\n\n\n<p><strong>E-Mail: <\/strong><a href=\"mailto:info@freiraumfuerdich.de\">info@freiraumfuerdich.de<\/a><br><strong>F\u00fcr den Internetauftritt: <\/strong>http:\/\/www.freiraumfuerdich.de<\/p>\n\n\n\n<h4 class=\"wp-block-heading\">Pers\u00f6nliche Daten<\/h4>\n\n\n\n<p>Von den Besuchern meiner Website erhebe und speichere ich keine personenbezogenen Daten. Freiwillig eingegebene personenbezogene Daten die \u00fcber das Kontaktformular oder E-Mail \u00fcbermittelt werden, werden zur Weiterverarbeitung genutzt und gespeichert. Es erfolgt keine Weitergabe dieser Daten an Dritte. Sie haben jederzeit die M\u00f6glichkeit Auskunft \u00fcber diese Daten zu erhalten. Nach Ablauf der gesetzlichen Aufbewahrungsfrist werden die entsprechenden Daten gel\u00f6scht. Der von uns genutzte Server speichert zu statistischen Zwecken anonyme, nicht personenbezogene Daten.<\/p>\n\n\n\n<p>Die Daten\u00fcbertragung im Internet (z.B. bei der Kommunikation per E-Mail) kann Sicherheitsl\u00fccken aufweisen, ein l\u00fcckenloser Schutz der Daten vor dem Zugriff durch Dritte ist nicht m\u00f6glich. Zu dem Schutz der auf meinem Internetauftritt erhobenen personenbezogenen Daten haben wir Schutzma\u00dfnahmen ergriffen:<\/p>\n\n\n\n<h4 class=\"wp-block-heading\">SSL- oder TSL-Verschl\u00fcsselung<\/h4>\n\n\n\n<p>Diese Seite nutzt aus Gr\u00fcnden der Sicherheit und zum Schutz der \u00dcbertragung vertraulicher Inhalte, wie zum Beispiel der Anfragen, die Sie an mir als Seitenbetreiber senden, eine SSL- oder TSL-Verschl\u00fcsselung. Eine verschl\u00fcsselte Verbindung erkennen Sie daran, dass die Adresszeile des Browsers von \u201chttp:\/\/\u201d auf \u201chttps:\/\/\u201d wechselt und an dem Schloss-Symbol in Ihrer Browserzeile.<\/p>\n\n\n\n<h4 class=\"wp-block-heading\">Cookies<\/h4>\n\n\n\n<p>Die Internetseiten verwenden teilweise so genannte Cookies. Cookies richten auf Ihrem Rechner keinen Schaden an und enthalten keine Viren. Cookies dienen dazu, mein Angebot nutzerfreundlicher, effektiver und sicherer zu machen. Cookies sind kleine Textdateien, die auf Ihrem Rechner abgelegt werden und die Ihr Browser speichert.<br>Die meisten der von mir verwendeten Cookies sind so genannte \u201eSession-Cookies\u201c. Sie werden nach Ende Ihres Besuchs automatisch gel\u00f6scht. Andere Cookies bleiben auf Ihrem Endger\u00e4t gespeichert, bis Sie diese l\u00f6schen. Diese Cookies erm\u00f6glichen es mir, Ihren Browser beim n\u00e4chsten Besuch wiederzuerkennen.<br>Sie k\u00f6nnen Ihren Browser so einstellen, dass Sie \u00fcber das Setzen von Cookies informiert werden und Cookies nur im Einzelfall erlauben, die Annahme von Cookies f\u00fcr bestimmte F\u00e4lle oder generell ausschlie\u00dfen sowie das automatische L\u00f6schen der Cookies beim Schlie\u00dfen des Browser aktivieren. Bei der Deaktivierung von Cookies kann die Funktionalit\u00e4t dieser Website eingeschr\u00e4nkt sein.<\/p>\n\n\n\n<h4 class=\"wp-block-heading\">Server-Log-Files<\/h4>\n\n\n\n<p>Der Provider der Seiten erhebt und speichert automatisch Informationen in so genannten Server-Log-Files, die Ihr Browser automatisch an mich \u00fcbermittelt. Dies sind:<\/p>\n\n\n\n<ul class=\"wp-block-list\"><li>Browsertyp und Browserversion<\/li><li>verwendetes Betriebssystem<\/li><li>Referrer URL<\/li><li>Hostname des zugreifenden Rechners<\/li><li>Uhrzeit der Serveranfrage<\/li><\/ul>\n\n\n\n<p>Diese Daten sind nicht bestimmten Personen zuordenbar. Eine Zusammenf\u00fchrung dieser Daten mit anderen Datenquellen wird nicht vorgenommen. Ich behalte mir vor, diese Daten nachtr\u00e4glich zu pr\u00fcfen, wenn mir konkrete Anhaltspunkte f\u00fcr eine rechtswidrige Nutzung bekannt werden.<\/p>\n\n\n\n<h4 class=\"wp-block-heading\">GOOGLE Web Fonts<\/h4>\n\n\n\n<p>Diese Seite nutzt zur einheitlichen Darstellung von Schriftarten so genannte Web Fonts, die von Google bereitgestellt werden. Beim Aufruf einer Seite l\u00e4dt Ihr Browser die ben\u00f6tigten Web Fonts in ihren Browsercache, um Texte und Schriftarten korrekt anzuzeigen. Wenn Ihr Browser Web Fonts nicht unterst\u00fctzt, wird eine Standardschrift von Ihrem Computer genutzt.<br>Weitere Informationen zu Google Web Fonts finden Sie unter https:\/\/developers.google.com\/fonts\/faq und in der Datenschutzerkl\u00e4rung von Google: https:\/\/www.google.com\/policies\/privacy\/<\/p>\n\n\n\n<h4 class=\"wp-block-heading\">Auskunft, L\u00f6schung, Sperrung<\/h4>\n\n\n\n<p>Sie haben jederzeit das Recht auf unentgeltliche Auskunft \u00fcber Ihre gespeicherten personenbezogenen Daten, deren Herkunft und Empf\u00e4nger und den Zweck der Datenverarbeitung sowie ein Recht auf Berichtigung, Sperrung oder L\u00f6schung dieser Daten. Hierzu sowie zu weiteren Fragen zum Thema personenbezogene Daten k\u00f6nnen Sie sich jederzeit unter der im Impressum angegebenen Adresse an mich wenden.<\/p>\n\n\n\n<h4 class=\"wp-block-heading\">Widerspruch Werbe-Mails<\/h4>\n\n\n\n<p>Der Nutzung von im Rahmen der Impressumspflicht ver\u00f6ffentlichten Kontaktdaten zur \u00dcbersendung von nicht ausdr\u00fccklich angeforderter Werbung und Informationsmaterialien wird hiermit widersprochen. Ich behalte mir ausdr\u00fccklich rechtliche Schritte im Falle der unverlangten Zusendung von Werbeinformationen, etwa durch Spam-E-Mails, vor.<\/p>\n\n\n\n<div style=\"height:50px\" aria-hidden=\"true\" class=\"wp-block-spacer\"><\/div>\n","protected":false},"excerpt":{"rendered":"<p>Webseitenbetreiberin: Uta Hoemann \u2013 DewenterIm Schneeloch 1340764 Langenfeld E-Mail: info@freiraumfuerdich.deF\u00fcr den Internetauftritt: http:\/\/www.freiraumfuerdich.de Pers\u00f6nliche Daten Von den Besuchern meiner Website erhebe und speichere ich keine personenbezogenen Daten. Freiwillig eingegebene personenbezogene Daten die \u00fcber das Kontaktformular oder E-Mail \u00fcbermittelt werden, werden zur Weiterverarbeitung genutzt und gespeichert. Es erfolgt keine Weitergabe dieser Daten an Dritte. Sie haben [&hellip;]<\/p>\n","protected":false},"author":3,"featured_media":0,"parent":0,"menu_order":0,"comment_status":"closed","ping_status":"closed","template":"","meta":{"_coblocks_attr":"","_coblocks_dimensions":"","_coblocks_responsive_height":"","_coblocks_accordion_ie_support":"","_uag_custom_page_level_css":"","site-sidebar-layout":"default","site-content-layout":"default","ast-site-content-layout":"default","site-content-style":"default","site-sidebar-style":"default","ast-global-header-display":"","ast-banner-title-visibility":"","ast-main-header-display":"","ast-hfb-above-header-display":"","ast-hfb-below-header-display":"","ast-hfb-mobile-header-display":"","site-post-title":"disabled","ast-breadcrumbs-content":"","ast-featured-img":"","footer-sml-layout":"","ast-disable-related-posts":"","theme-transparent-header-meta":"enabled","adv-header-id-meta":"","stick-header-meta":"","header-above-stick-meta":"","header-main-stick-meta":"","header-below-stick-meta":"","astra-migrate-meta-layouts":"default","ast-page-background-enabled":"default","ast-page-background-meta":{"desktop":{"background-color":"","background-image":"","background-repeat":"repeat","background-position":"center center","background-size":"auto","background-attachment":"scroll","background-type":"","background-media":"","overlay-type":"","overlay-color":"","overlay-opacity":"","overlay-gradient":""},"tablet":{"background-color":"","background-image":"","background-repeat":"repeat","background-position":"center center","background-size":"auto","background-attachment":"scroll","background-type":"","background-media":"","overlay-type":"","overlay-color":"","overlay-opacity":"","overlay-gradient":""},"mobile":{"background-color":"","background-image":"","background-repeat":"repeat","background-position":"center center","background-size":"auto","background-attachment":"scroll","background-type":"","background-media":"","overlay-type":"","overlay-color":"","overlay-opacity":"","overlay-gradient":""}},"ast-content-background-meta":{"desktop":{"background-color":"var(--ast-global-color-5)","background-image":"","background-repeat":"repeat","background-position":"center center","background-size":"auto","background-attachment":"scroll","background-type":"","background-media":"","overlay-type":"","overlay-color":"","overlay-opacity":"","overlay-gradient":""},"tablet":{"background-color":"var(--ast-global-color-5)","background-image":"","background-repeat":"repeat","background-position":"center center","background-size":"auto","background-attachment":"scroll","background-type":"","background-media":"","overlay-type":"","overlay-color":"","overlay-opacity":"","overlay-gradient":""},"mobile":{"background-color":"var(--ast-global-color-5)","background-image":"","background-repeat":"repeat","background-position":"center center","background-size":"auto","background-attachment":"scroll","background-type":"","background-media":"","overlay-type":"","overlay-color":"","overlay-opacity":"","overlay-gradient":""}},"footnotes":""},"class_list":["post-4259","page","type-page","status-publish","hentry"],"yoast_head":"<!-- This site is optimized with the Yoast SEO plugin v26.7 - https:\/\/yoast.com\/wordpress\/plugins\/seo\/ -->\n<title>Datenschutz - FREIRAUM F\u00dcR DICH<\/title>\n<meta name=\"robots\" content=\"index, follow, max-snippet:-1, max-image-preview:large, max-video-preview:-1\" \/>\n<link rel=\"canonical\" href=\"https:\/\/www.freiraumfuerdich.de\/forever\/datenschutz\/\" \/>\n<meta property=\"og:locale\" content=\"de_DE\" \/>\n<meta property=\"og:type\" content=\"article\" \/>\n<meta property=\"og:title\" content=\"Datenschutz - FREIRAUM F\u00dcR DICH\" \/>\n<meta property=\"og:description\" content=\"Webseitenbetreiberin: Uta Hoemann \u2013 DewenterIm Schneeloch 1340764 Langenfeld E-Mail: info@freiraumfuerdich.deF\u00fcr den Internetauftritt: http:\/\/www.freiraumfuerdich.de Pers\u00f6nliche Daten Von den Besuchern meiner Website erhebe und speichere ich keine personenbezogenen Daten. Freiwillig eingegebene personenbezogene Daten die \u00fcber das Kontaktformular oder E-Mail \u00fcbermittelt werden, werden zur Weiterverarbeitung genutzt und gespeichert. Es erfolgt keine Weitergabe dieser Daten an Dritte. Sie haben [&hellip;]\" \/>\n<meta property=\"og:url\" content=\"https:\/\/www.freiraumfuerdich.de\/forever\/datenschutz\/\" \/>\n<meta property=\"og:site_name\" content=\"FREIRAUM F\u00dcR DICH\" \/>\n<meta property=\"article:modified_time\" content=\"2020-12-29T09:28:20+00:00\" \/>\n<meta name=\"twitter:card\" content=\"summary_large_image\" \/>\n<meta name=\"twitter:label1\" content=\"Gesch\u00e4tzte Lesezeit\" \/>\n\t<meta name=\"twitter:data1\" content=\"3\u00a0Minuten\" \/>\n<script type=\"application\/ld+json\" class=\"yoast-schema-graph\">{\"@context\":\"https:\/\/schema.org\",\"@graph\":[{\"@type\":\"WebPage\",\"@id\":\"https:\/\/www.freiraumfuerdich.de\/forever\/datenschutz\/\",\"url\":\"https:\/\/www.freiraumfuerdich.de\/forever\/datenschutz\/\",\"name\":\"Datenschutz - FREIRAUM F\u00dcR DICH\",\"isPartOf\":{\"@id\":\"https:\/\/www.freiraumfuerdich.de\/forever\/#website\"},\"datePublished\":\"2018-05-15T10:07:00+00:00\",\"dateModified\":\"2020-12-29T09:28:20+00:00\",\"breadcrumb\":{\"@id\":\"https:\/\/www.freiraumfuerdich.de\/forever\/datenschutz\/#breadcrumb\"},\"inLanguage\":\"de\",\"potentialAction\":[{\"@type\":\"ReadAction\",\"target\":[\"https:\/\/www.freiraumfuerdich.de\/forever\/datenschutz\/\"]}]},{\"@type\":\"BreadcrumbList\",\"@id\":\"https:\/\/www.freiraumfuerdich.de\/forever\/datenschutz\/#breadcrumb\",\"itemListElement\":[{\"@type\":\"ListItem\",\"position\":1,\"name\":\"Startseite\",\"item\":\"https:\/\/www.freiraumfuerdich.de\/forever\/\"},{\"@type\":\"ListItem\",\"position\":2,\"name\":\"Datenschutz\"}]},{\"@type\":\"WebSite\",\"@id\":\"https:\/\/www.freiraumfuerdich.de\/forever\/#website\",\"url\":\"https:\/\/www.freiraumfuerdich.de\/forever\/\",\"name\":\"FREIRAUM F\u00dcR DICH\",\"description\":\"Bewegung - Entspannung - Wahrnehmung - Energie &amp; K\u00f6rperarbeit in Langenfeld\",\"publisher\":{\"@id\":\"https:\/\/www.freiraumfuerdich.de\/forever\/#\/schema\/person\/d6b6273e141f22aa0639ddb0b0054241\"},\"potentialAction\":[{\"@type\":\"SearchAction\",\"target\":{\"@type\":\"EntryPoint\",\"urlTemplate\":\"https:\/\/www.freiraumfuerdich.de\/forever\/?s={search_term_string}\"},\"query-input\":{\"@type\":\"PropertyValueSpecification\",\"valueRequired\":true,\"valueName\":\"search_term_string\"}}],\"inLanguage\":\"de\"},{\"@type\":[\"Person\",\"Organization\"],\"@id\":\"https:\/\/www.freiraumfuerdich.de\/forever\/#\/schema\/person\/d6b6273e141f22aa0639ddb0b0054241\",\"name\":\"Uta Hoemann-Dewenter\",\"image\":{\"@type\":\"ImageObject\",\"inLanguage\":\"de\",\"@id\":\"https:\/\/www.freiraumfuerdich.de\/forever\/#\/schema\/person\/image\/\",\"url\":\"https:\/\/www.freiraumfuerdich.de\/forever\/wp-content\/uploads\/2020\/12\/logo-transparent-bewegen-heller.png\",\"contentUrl\":\"https:\/\/www.freiraumfuerdich.de\/forever\/wp-content\/uploads\/2020\/12\/logo-transparent-bewegen-heller.png\",\"width\":1531,\"height\":230,\"caption\":\"Uta Hoemann-Dewenter\"},\"logo\":{\"@id\":\"https:\/\/www.freiraumfuerdich.de\/forever\/#\/schema\/person\/image\/\"}}]}<\/script>\n<!-- \/ Yoast SEO plugin. -->","yoast_head_json":{"title":"Datenschutz - FREIRAUM F\u00dcR DICH","robots":{"index":"index","follow":"follow","max-snippet":"max-snippet:-1","max-image-preview":"max-image-preview:large","max-video-preview":"max-video-preview:-1"},"canonical":"https:\/\/www.freiraumfuerdich.de\/forever\/datenschutz\/","og_locale":"de_DE","og_type":"article","og_title":"Datenschutz - FREIRAUM F\u00dcR DICH","og_description":"Webseitenbetreiberin: Uta Hoemann \u2013 DewenterIm Schneeloch 1340764 Langenfeld E-Mail: info@freiraumfuerdich.deF\u00fcr den Internetauftritt: http:\/\/www.freiraumfuerdich.de Pers\u00f6nliche Daten Von den Besuchern meiner Website erhebe und speichere ich keine personenbezogenen Daten. Freiwillig eingegebene personenbezogene Daten die \u00fcber das Kontaktformular oder E-Mail \u00fcbermittelt werden, werden zur Weiterverarbeitung genutzt und gespeichert. Es erfolgt keine Weitergabe dieser Daten an Dritte. Sie haben [&hellip;]","og_url":"https:\/\/www.freiraumfuerdich.de\/forever\/datenschutz\/","og_site_name":"FREIRAUM F\u00dcR DICH","article_modified_time":"2020-12-29T09:28:20+00:00","twitter_card":"summary_large_image","twitter_misc":{"Gesch\u00e4tzte Lesezeit":"3\u00a0Minuten"},"schema":{"@context":"https:\/\/schema.org","@graph":[{"@type":"WebPage","@id":"https:\/\/www.freiraumfuerdich.de\/forever\/datenschutz\/","url":"https:\/\/www.freiraumfuerdich.de\/forever\/datenschutz\/","name":"Datenschutz - FREIRAUM F\u00dcR DICH","isPartOf":{"@id":"https:\/\/www.freiraumfuerdich.de\/forever\/#website"},"datePublished":"2018-05-15T10:07:00+00:00","dateModified":"2020-12-29T09:28:20+00:00","breadcrumb":{"@id":"https:\/\/www.freiraumfuerdich.de\/forever\/datenschutz\/#breadcrumb"},"inLanguage":"de","potentialAction":[{"@type":"ReadAction","target":["https:\/\/www.freiraumfuerdich.de\/forever\/datenschutz\/"]}]},{"@type":"BreadcrumbList","@id":"https:\/\/www.freiraumfuerdich.de\/forever\/datenschutz\/#breadcrumb","itemListElement":[{"@type":"ListItem","position":1,"name":"Startseite","item":"https:\/\/www.freiraumfuerdich.de\/forever\/"},{"@type":"ListItem","position":2,"name":"Datenschutz"}]},{"@type":"WebSite","@id":"https:\/\/www.freiraumfuerdich.de\/forever\/#website","url":"https:\/\/www.freiraumfuerdich.de\/forever\/","name":"FREIRAUM F\u00dcR DICH","description":"Bewegung - Entspannung - Wahrnehmung - Energie &amp; K\u00f6rperarbeit in Langenfeld","publisher":{"@id":"https:\/\/www.freiraumfuerdich.de\/forever\/#\/schema\/person\/d6b6273e141f22aa0639ddb0b0054241"},"potentialAction":[{"@type":"SearchAction","target":{"@type":"EntryPoint","urlTemplate":"https:\/\/www.freiraumfuerdich.de\/forever\/?s={search_term_string}"},"query-input":{"@type":"PropertyValueSpecification","valueRequired":true,"valueName":"search_term_string"}}],"inLanguage":"de"},{"@type":["Person","Organization"],"@id":"https:\/\/www.freiraumfuerdich.de\/forever\/#\/schema\/person\/d6b6273e141f22aa0639ddb0b0054241","name":"Uta Hoemann-Dewenter","image":{"@type":"ImageObject","inLanguage":"de","@id":"https:\/\/www.freiraumfuerdich.de\/forever\/#\/schema\/person\/image\/","url":"https:\/\/www.freiraumfuerdich.de\/forever\/wp-content\/uploads\/2020\/12\/logo-transparent-bewegen-heller.png","contentUrl":"https:\/\/www.freiraumfuerdich.de\/forever\/wp-content\/uploads\/2020\/12\/logo-transparent-bewegen-heller.png","width":1531,"height":230,"caption":"Uta Hoemann-Dewenter"},"logo":{"@id":"https:\/\/www.freiraumfuerdich.de\/forever\/#\/schema\/person\/image\/"}}]}},"uagb_featured_image_src":{"full":false,"thumbnail":false,"medium":false,"medium_large":false,"large":false,"1536x1536":false,"2048x2048":false},"uagb_author_info":{"display_name":"Freiraum f\u00fcr Dich","author_link":"https:\/\/www.freiraumfuerdich.de\/forever\/author\/admin-mieke\/"},"uagb_comment_info":0,"uagb_excerpt":"Webseitenbetreiberin: Uta Hoemann \u2013 DewenterIm Schneeloch 1340764 Langenfeld E-Mail: info@freiraumfuerdich.deF\u00fcr den Internetauftritt: http:\/\/www.freiraumfuerdich.de Pers\u00f6nliche Daten Von den Besuchern meiner Website erhebe und speichere ich keine personenbezogenen Daten. Freiwillig eingegebene personenbezogene Daten die \u00fcber das Kontaktformular oder E-Mail \u00fcbermittelt werden, werden zur Weiterverarbeitung genutzt und gespeichert. Es erfolgt keine Weitergabe dieser Daten an Dritte. Sie haben&hellip;","_links":{"self":[{"href":"https:\/\/www.freiraumfuerdich.de\/forever\/wp-json\/wp\/v2\/pages\/4259","targetHints":{"allow":["GET"]}}],"collection":[{"href":"https:\/\/www.freiraumfuerdich.de\/forever\/wp-json\/wp\/v2\/pages"}],"about":[{"href":"https:\/\/www.freiraumfuerdich.de\/forever\/wp-json\/wp\/v2\/types\/page"}],"author":[{"embeddable":true,"href":"https:\/\/www.freiraumfuerdich.de\/forever\/wp-json\/wp\/v2\/users\/3"}],"replies":[{"embeddable":true,"href":"https:\/\/www.freiraumfuerdich.de\/forever\/wp-json\/wp\/v2\/comments?post=4259"}],"version-history":[{"count":5,"href":"https:\/\/www.freiraumfuerdich.de\/forever\/wp-json\/wp\/v2\/pages\/4259\/revisions"}],"predecessor-version":[{"id":6233,"href":"https:\/\/www.freiraumfuerdich.de\/forever\/wp-json\/wp\/v2\/pages\/4259\/revisions\/6233"}],"wp:attachment":[{"href":"https:\/\/www.freiraumfuerdich.de\/forever\/wp-json\/wp\/v2\/media?parent=4259"}],"curies":[{"name":"wp","href":"https:\/\/api.w.org\/{rel}","templated":true}]}}