{"id":364,"date":"2014-03-21T12:59:40","date_gmt":"2014-03-21T11:59:40","guid":{"rendered":"http:\/\/www.freiraumfuerdich.de\/forever\/?page_id=364"},"modified":"2022-03-29T14:13:20","modified_gmt":"2022-03-29T13:13:20","slug":"impressum","status":"publish","type":"page","link":"https:\/\/www.freiraumfuerdich.de\/forever\/impressum\/","title":{"rendered":"Impressum"},"content":{"rendered":"\n<div class=\"wp-block-cover alignfull is-light is-style-default\" style=\"min-height:380px;aspect-ratio:unset;\"><span aria-hidden=\"true\" class=\"has-background-dim-10 wp-block-cover__gradient-background has-background-dim has-background-gradient\" style=\"background:linear-gradient(135deg,rgb(21,50,67) 0%,rgb(26,108,122) 100%)\"><\/span><img decoding=\"async\" class=\"wp-block-cover__image-background wp-image-2600\" src=\"https:\/\/www.glueck-wunsch.de\/testimonial\/wp-content\/uploads\/2020\/12\/Marmorsteine.jpg\" style=\"object-position:33% 36%\" data-object-fit=\"cover\" data-object-position=\"33% 36%\"\/><div class=\"wp-block-cover__inner-container is-layout-flow wp-block-cover-is-layout-flow\">\n<div style=\"height:100px\" aria-hidden=\"true\" class=\"wp-block-spacer\"><\/div>\n\n\n\n<h1 class=\"has-text-align-center has-white-color has-text-color wp-block-heading\">Impressum<\/h1>\n<\/div><\/div>\n\n\n\n<h4 class=\"wp-block-heading\">Webseitenbetreiberin:<\/h4>\n\n\n\n<p>Uta Hoemann \u2013 Dewenter<br>Im Schneeloch 13<br>40764 Langenfeld<\/p>\n\n\n\n<p><strong>Telefon:<\/strong>&nbsp;02173 \u2013 91 99 94<br><strong>Mobil:<\/strong>&nbsp;0157 \u2013 71 96 83 93<\/p>\n\n\n\n<p><strong>E-Mail:<\/strong>\u00a0<a href=\"mailto:info@freiraumfuerdich.de\">info@freiraumfuerdich.de<\/a><br><strong>Web:<\/strong>\u00a0https:\/\/www.freiraumfuerdich.de<\/p>\n\n\n\n<h4 class=\"wp-block-heading\">Bildrechte:<\/h4>\n\n\n\n<p>Uta Hoemann-Dewenter<br>Stephanie Brunsen<br>Michael T\u00f6ller<br>Virus: <a href=\"https:\/\/unsplash.com\/@cdc?utm_source=unsplash&amp;utm_medium=referral&amp;utm_content=creditCopyText\">CDC<\/a>&nbsp;on&nbsp;<a href=\"https:\/\/unsplash.com\/s\/photos\/corona?utm_source=unsplash&amp;utm_medium=referral&amp;utm_content=creditCopyText\">Unsplash<\/a><\/p>\n\n\n\n<h4 class=\"wp-block-heading\">Fotoportal:<\/h4>\n\n\n\n<p>Young Living<br>smovey GmbH<\/p>\n\n\n\n<h4 class=\"wp-block-heading\">Disclaimer:<\/h4>\n\n\n\n<p>F\u00fcr Inhalte fremder Webseiten au\u00dferhalb dieser Homepage, auf welche wir verweisen, \u00fcbernehmen wir keine Verantwortung, da wir darauf keinen Einfluss haben.<\/p>\n\n\n\n<div style=\"height:50px\" aria-hidden=\"true\" class=\"wp-block-spacer\"><\/div>\n","protected":false},"excerpt":{"rendered":"<p>Webseitenbetreiberin: Uta Hoemann \u2013 DewenterIm Schneeloch 1340764 Langenfeld Telefon:&nbsp;02173 \u2013 91 99 94Mobil:&nbsp;0157 \u2013 71 96 83 93 E-Mail:\u00a0info@freiraumfuerdich.deWeb:\u00a0https:\/\/www.freiraumfuerdich.de Bildrechte: Uta Hoemann-DewenterStephanie BrunsenMichael T\u00f6llerVirus: CDC&nbsp;on&nbsp;Unsplash Fotoportal: Young Livingsmovey GmbH Disclaimer: F\u00fcr Inhalte fremder Webseiten au\u00dferhalb dieser Homepage, auf welche wir verweisen, \u00fcbernehmen wir keine Verantwortung, da wir darauf keinen Einfluss haben.<\/p>\n","protected":false},"author":3,"featured_media":0,"parent":0,"menu_order":0,"comment_status":"closed","ping_status":"closed","template":"","meta":{"_coblocks_attr":"","_coblocks_dimensions":"","_coblocks_responsive_height":"","_coblocks_accordion_ie_support":"","_uag_custom_page_level_css":"","site-sidebar-layout":"default","site-content-layout":"default","ast-site-content-layout":"default","site-content-style":"default","site-sidebar-style":"default","ast-global-header-display":"","ast-banner-title-visibility":"","ast-main-header-display":"","ast-hfb-above-header-display":"","ast-hfb-below-header-display":"","ast-hfb-mobile-header-display":"","site-post-title":"disabled","ast-breadcrumbs-content":"","ast-featured-img":"","footer-sml-layout":"","ast-disable-related-posts":"","theme-transparent-header-meta":"enabled","adv-header-id-meta":"","stick-header-meta":"","header-above-stick-meta":"","header-main-stick-meta":"","header-below-stick-meta":"","astra-migrate-meta-layouts":"default","ast-page-background-enabled":"default","ast-page-background-meta":{"desktop":{"background-color":"","background-image":"","background-repeat":"repeat","background-position":"center center","background-size":"auto","background-attachment":"scroll","background-type":"","background-media":"","overlay-type":"","overlay-color":"","overlay-opacity":"","overlay-gradient":""},"tablet":{"background-color":"","background-image":"","background-repeat":"repeat","background-position":"center center","background-size":"auto","background-attachment":"scroll","background-type":"","background-media":"","overlay-type":"","overlay-color":"","overlay-opacity":"","overlay-gradient":""},"mobile":{"background-color":"","background-image":"","background-repeat":"repeat","background-position":"center center","background-size":"auto","background-attachment":"scroll","background-type":"","background-media":"","overlay-type":"","overlay-color":"","overlay-opacity":"","overlay-gradient":""}},"ast-content-background-meta":{"desktop":{"background-color":"var(--ast-global-color-5)","background-image":"","background-repeat":"repeat","background-position":"center center","background-size":"auto","background-attachment":"scroll","background-type":"","background-media":"","overlay-type":"","overlay-color":"","overlay-opacity":"","overlay-gradient":""},"tablet":{"background-color":"var(--ast-global-color-5)","background-image":"","background-repeat":"repeat","background-position":"center center","background-size":"auto","background-attachment":"scroll","background-type":"","background-media":"","overlay-type":"","overlay-color":"","overlay-opacity":"","overlay-gradient":""},"mobile":{"background-color":"var(--ast-global-color-5)","background-image":"","background-repeat":"repeat","background-position":"center center","background-size":"auto","background-attachment":"scroll","background-type":"","background-media":"","overlay-type":"","overlay-color":"","overlay-opacity":"","overlay-gradient":""}},"footnotes":""},"class_list":["post-364","page","type-page","status-publish","hentry"],"yoast_head":"<!-- This site is optimized with the Yoast SEO plugin v26.7 - https:\/\/yoast.com\/wordpress\/plugins\/seo\/ -->\n<title>Impressum - FREIRAUM F\u00dcR DICH<\/title>\n<meta name=\"robots\" content=\"index, follow, max-snippet:-1, max-image-preview:large, max-video-preview:-1\" \/>\n<link rel=\"canonical\" href=\"https:\/\/www.freiraumfuerdich.de\/forever\/impressum\/\" \/>\n<meta property=\"og:locale\" content=\"de_DE\" \/>\n<meta property=\"og:type\" content=\"article\" \/>\n<meta property=\"og:title\" content=\"Impressum - FREIRAUM F\u00dcR DICH\" \/>\n<meta property=\"og:description\" content=\"Webseitenbetreiberin: Uta Hoemann \u2013 DewenterIm Schneeloch 1340764 Langenfeld Telefon:&nbsp;02173 \u2013 91 99 94Mobil:&nbsp;0157 \u2013 71 96 83 93 E-Mail:\u00a0info@freiraumfuerdich.deWeb:\u00a0https:\/\/www.freiraumfuerdich.de Bildrechte: Uta Hoemann-DewenterStephanie BrunsenMichael T\u00f6llerVirus: CDC&nbsp;on&nbsp;Unsplash Fotoportal: Young Livingsmovey GmbH Disclaimer: F\u00fcr Inhalte fremder Webseiten au\u00dferhalb dieser Homepage, auf welche wir verweisen, \u00fcbernehmen wir keine Verantwortung, da wir darauf keinen Einfluss haben.\" \/>\n<meta property=\"og:url\" content=\"https:\/\/www.freiraumfuerdich.de\/forever\/impressum\/\" \/>\n<meta property=\"og:site_name\" content=\"FREIRAUM F\u00dcR DICH\" \/>\n<meta property=\"article:modified_time\" content=\"2022-03-29T13:13:20+00:00\" \/>\n<meta property=\"og:image\" content=\"https:\/\/www.glueck-wunsch.de\/testimonial\/wp-content\/uploads\/2020\/12\/Marmorsteine.jpg\" \/>\n<meta name=\"twitter:card\" content=\"summary_large_image\" \/>\n<meta name=\"twitter:label1\" content=\"Gesch\u00e4tzte Lesezeit\" \/>\n\t<meta name=\"twitter:data1\" content=\"1\u00a0Minute\" \/>\n<script type=\"application\/ld+json\" class=\"yoast-schema-graph\">{\"@context\":\"https:\/\/schema.org\",\"@graph\":[{\"@type\":\"WebPage\",\"@id\":\"https:\/\/www.freiraumfuerdich.de\/forever\/impressum\/\",\"url\":\"https:\/\/www.freiraumfuerdich.de\/forever\/impressum\/\",\"name\":\"Impressum - FREIRAUM F\u00dcR DICH\",\"isPartOf\":{\"@id\":\"https:\/\/www.freiraumfuerdich.de\/forever\/#website\"},\"primaryImageOfPage\":{\"@id\":\"https:\/\/www.freiraumfuerdich.de\/forever\/impressum\/#primaryimage\"},\"image\":{\"@id\":\"https:\/\/www.freiraumfuerdich.de\/forever\/impressum\/#primaryimage\"},\"thumbnailUrl\":\"https:\/\/www.glueck-wunsch.de\/testimonial\/wp-content\/uploads\/2020\/12\/Marmorsteine.jpg\",\"datePublished\":\"2014-03-21T11:59:40+00:00\",\"dateModified\":\"2022-03-29T13:13:20+00:00\",\"breadcrumb\":{\"@id\":\"https:\/\/www.freiraumfuerdich.de\/forever\/impressum\/#breadcrumb\"},\"inLanguage\":\"de\",\"potentialAction\":[{\"@type\":\"ReadAction\",\"target\":[\"https:\/\/www.freiraumfuerdich.de\/forever\/impressum\/\"]}]},{\"@type\":\"ImageObject\",\"inLanguage\":\"de\",\"@id\":\"https:\/\/www.freiraumfuerdich.de\/forever\/impressum\/#primaryimage\",\"url\":\"https:\/\/www.glueck-wunsch.de\/testimonial\/wp-content\/uploads\/2020\/12\/Marmorsteine.jpg\",\"contentUrl\":\"https:\/\/www.glueck-wunsch.de\/testimonial\/wp-content\/uploads\/2020\/12\/Marmorsteine.jpg\"},{\"@type\":\"BreadcrumbList\",\"@id\":\"https:\/\/www.freiraumfuerdich.de\/forever\/impressum\/#breadcrumb\",\"itemListElement\":[{\"@type\":\"ListItem\",\"position\":1,\"name\":\"Startseite\",\"item\":\"https:\/\/www.freiraumfuerdich.de\/forever\/\"},{\"@type\":\"ListItem\",\"position\":2,\"name\":\"Impressum\"}]},{\"@type\":\"WebSite\",\"@id\":\"https:\/\/www.freiraumfuerdich.de\/forever\/#website\",\"url\":\"https:\/\/www.freiraumfuerdich.de\/forever\/\",\"name\":\"FREIRAUM F\u00dcR DICH\",\"description\":\"Bewegung - Entspannung - Wahrnehmung - Energie &amp; K\u00f6rperarbeit in Langenfeld\",\"publisher\":{\"@id\":\"https:\/\/www.freiraumfuerdich.de\/forever\/#\/schema\/person\/d6b6273e141f22aa0639ddb0b0054241\"},\"potentialAction\":[{\"@type\":\"SearchAction\",\"target\":{\"@type\":\"EntryPoint\",\"urlTemplate\":\"https:\/\/www.freiraumfuerdich.de\/forever\/?s={search_term_string}\"},\"query-input\":{\"@type\":\"PropertyValueSpecification\",\"valueRequired\":true,\"valueName\":\"search_term_string\"}}],\"inLanguage\":\"de\"},{\"@type\":[\"Person\",\"Organization\"],\"@id\":\"https:\/\/www.freiraumfuerdich.de\/forever\/#\/schema\/person\/d6b6273e141f22aa0639ddb0b0054241\",\"name\":\"Uta Hoemann-Dewenter\",\"image\":{\"@type\":\"ImageObject\",\"inLanguage\":\"de\",\"@id\":\"https:\/\/www.freiraumfuerdich.de\/forever\/#\/schema\/person\/image\/\",\"url\":\"https:\/\/www.freiraumfuerdich.de\/forever\/wp-content\/uploads\/2020\/12\/logo-transparent-bewegen-heller.png\",\"contentUrl\":\"https:\/\/www.freiraumfuerdich.de\/forever\/wp-content\/uploads\/2020\/12\/logo-transparent-bewegen-heller.png\",\"width\":1531,\"height\":230,\"caption\":\"Uta Hoemann-Dewenter\"},\"logo\":{\"@id\":\"https:\/\/www.freiraumfuerdich.de\/forever\/#\/schema\/person\/image\/\"}}]}<\/script>\n<!-- \/ Yoast SEO plugin. -->","yoast_head_json":{"title":"Impressum - FREIRAUM F\u00dcR DICH","robots":{"index":"index","follow":"follow","max-snippet":"max-snippet:-1","max-image-preview":"max-image-preview:large","max-video-preview":"max-video-preview:-1"},"canonical":"https:\/\/www.freiraumfuerdich.de\/forever\/impressum\/","og_locale":"de_DE","og_type":"article","og_title":"Impressum - FREIRAUM F\u00dcR DICH","og_description":"Webseitenbetreiberin: Uta Hoemann \u2013 DewenterIm Schneeloch 1340764 Langenfeld Telefon:&nbsp;02173 \u2013 91 99 94Mobil:&nbsp;0157 \u2013 71 96 83 93 E-Mail:\u00a0info@freiraumfuerdich.deWeb:\u00a0https:\/\/www.freiraumfuerdich.de Bildrechte: Uta Hoemann-DewenterStephanie BrunsenMichael T\u00f6llerVirus: CDC&nbsp;on&nbsp;Unsplash Fotoportal: Young Livingsmovey GmbH Disclaimer: F\u00fcr Inhalte fremder Webseiten au\u00dferhalb dieser Homepage, auf welche wir verweisen, \u00fcbernehmen wir keine Verantwortung, da wir darauf keinen Einfluss haben.","og_url":"https:\/\/www.freiraumfuerdich.de\/forever\/impressum\/","og_site_name":"FREIRAUM F\u00dcR DICH","article_modified_time":"2022-03-29T13:13:20+00:00","og_image":[{"url":"https:\/\/www.glueck-wunsch.de\/testimonial\/wp-content\/uploads\/2020\/12\/Marmorsteine.jpg","type":"","width":"","height":""}],"twitter_card":"summary_large_image","twitter_misc":{"Gesch\u00e4tzte Lesezeit":"1\u00a0Minute"},"schema":{"@context":"https:\/\/schema.org","@graph":[{"@type":"WebPage","@id":"https:\/\/www.freiraumfuerdich.de\/forever\/impressum\/","url":"https:\/\/www.freiraumfuerdich.de\/forever\/impressum\/","name":"Impressum - FREIRAUM F\u00dcR DICH","isPartOf":{"@id":"https:\/\/www.freiraumfuerdich.de\/forever\/#website"},"primaryImageOfPage":{"@id":"https:\/\/www.freiraumfuerdich.de\/forever\/impressum\/#primaryimage"},"image":{"@id":"https:\/\/www.freiraumfuerdich.de\/forever\/impressum\/#primaryimage"},"thumbnailUrl":"https:\/\/www.glueck-wunsch.de\/testimonial\/wp-content\/uploads\/2020\/12\/Marmorsteine.jpg","datePublished":"2014-03-21T11:59:40+00:00","dateModified":"2022-03-29T13:13:20+00:00","breadcrumb":{"@id":"https:\/\/www.freiraumfuerdich.de\/forever\/impressum\/#breadcrumb"},"inLanguage":"de","potentialAction":[{"@type":"ReadAction","target":["https:\/\/www.freiraumfuerdich.de\/forever\/impressum\/"]}]},{"@type":"ImageObject","inLanguage":"de","@id":"https:\/\/www.freiraumfuerdich.de\/forever\/impressum\/#primaryimage","url":"https:\/\/www.glueck-wunsch.de\/testimonial\/wp-content\/uploads\/2020\/12\/Marmorsteine.jpg","contentUrl":"https:\/\/www.glueck-wunsch.de\/testimonial\/wp-content\/uploads\/2020\/12\/Marmorsteine.jpg"},{"@type":"BreadcrumbList","@id":"https:\/\/www.freiraumfuerdich.de\/forever\/impressum\/#breadcrumb","itemListElement":[{"@type":"ListItem","position":1,"name":"Startseite","item":"https:\/\/www.freiraumfuerdich.de\/forever\/"},{"@type":"ListItem","position":2,"name":"Impressum"}]},{"@type":"WebSite","@id":"https:\/\/www.freiraumfuerdich.de\/forever\/#website","url":"https:\/\/www.freiraumfuerdich.de\/forever\/","name":"FREIRAUM F\u00dcR DICH","description":"Bewegung - Entspannung - Wahrnehmung - Energie &amp; K\u00f6rperarbeit in Langenfeld","publisher":{"@id":"https:\/\/www.freiraumfuerdich.de\/forever\/#\/schema\/person\/d6b6273e141f22aa0639ddb0b0054241"},"potentialAction":[{"@type":"SearchAction","target":{"@type":"EntryPoint","urlTemplate":"https:\/\/www.freiraumfuerdich.de\/forever\/?s={search_term_string}"},"query-input":{"@type":"PropertyValueSpecification","valueRequired":true,"valueName":"search_term_string"}}],"inLanguage":"de"},{"@type":["Person","Organization"],"@id":"https:\/\/www.freiraumfuerdich.de\/forever\/#\/schema\/person\/d6b6273e141f22aa0639ddb0b0054241","name":"Uta Hoemann-Dewenter","image":{"@type":"ImageObject","inLanguage":"de","@id":"https:\/\/www.freiraumfuerdich.de\/forever\/#\/schema\/person\/image\/","url":"https:\/\/www.freiraumfuerdich.de\/forever\/wp-content\/uploads\/2020\/12\/logo-transparent-bewegen-heller.png","contentUrl":"https:\/\/www.freiraumfuerdich.de\/forever\/wp-content\/uploads\/2020\/12\/logo-transparent-bewegen-heller.png","width":1531,"height":230,"caption":"Uta Hoemann-Dewenter"},"logo":{"@id":"https:\/\/www.freiraumfuerdich.de\/forever\/#\/schema\/person\/image\/"}}]}},"uagb_featured_image_src":{"full":false,"thumbnail":false,"medium":false,"medium_large":false,"large":false,"1536x1536":false,"2048x2048":false},"uagb_author_info":{"display_name":"Freiraum f\u00fcr Dich","author_link":"https:\/\/www.freiraumfuerdich.de\/forever\/author\/admin-mieke\/"},"uagb_comment_info":0,"uagb_excerpt":"Webseitenbetreiberin: Uta Hoemann \u2013 DewenterIm Schneeloch 1340764 Langenfeld Telefon:&nbsp;02173 \u2013 91 99 94Mobil:&nbsp;0157 \u2013 71 96 83 93 E-Mail:\u00a0info@freiraumfuerdich.deWeb:\u00a0https:\/\/www.freiraumfuerdich.de Bildrechte: Uta Hoemann-DewenterStephanie BrunsenMichael T\u00f6llerVirus: CDC&nbsp;on&nbsp;Unsplash Fotoportal: Young Livingsmovey GmbH Disclaimer: F\u00fcr Inhalte fremder Webseiten au\u00dferhalb dieser Homepage, auf welche wir verweisen, \u00fcbernehmen wir keine Verantwortung, da wir darauf keinen Einfluss haben.","_links":{"self":[{"href":"https:\/\/www.freiraumfuerdich.de\/forever\/wp-json\/wp\/v2\/pages\/364","targetHints":{"allow":["GET"]}}],"collection":[{"href":"https:\/\/www.freiraumfuerdich.de\/forever\/wp-json\/wp\/v2\/pages"}],"about":[{"href":"https:\/\/www.freiraumfuerdich.de\/forever\/wp-json\/wp\/v2\/types\/page"}],"author":[{"embeddable":true,"href":"https:\/\/www.freiraumfuerdich.de\/forever\/wp-json\/wp\/v2\/users\/3"}],"replies":[{"embeddable":true,"href":"https:\/\/www.freiraumfuerdich.de\/forever\/wp-json\/wp\/v2\/comments?post=364"}],"version-history":[{"count":27,"href":"https:\/\/www.freiraumfuerdich.de\/forever\/wp-json\/wp\/v2\/pages\/364\/revisions"}],"predecessor-version":[{"id":6827,"href":"https:\/\/www.freiraumfuerdich.de\/forever\/wp-json\/wp\/v2\/pages\/364\/revisions\/6827"}],"wp:attachment":[{"href":"https:\/\/www.freiraumfuerdich.de\/forever\/wp-json\/wp\/v2\/media?parent=364"}],"curies":[{"name":"wp","href":"https:\/\/api.w.org\/{rel}","templated":true}]}}